

{"id":6641,"date":"2024-04-11T07:36:12","date_gmt":"2024-04-11T05:36:12","guid":{"rendered":"https:\/\/redgorilla.eu\/shop\/"},"modified":"2024-07-17T16:25:57","modified_gmt":"2024-07-17T14:25:57","slug":"shop","status":"publish","type":"page","link":"https:\/\/redgorilla.eu\/en\/shop\/","title":{"rendered":"Shop"},"content":{"rendered":"","protected":false},"excerpt":{"rendered":"","protected":false},"author":58,"featured_media":0,"parent":0,"menu_order":0,"comment_status":"closed","ping_status":"closed","template":"","meta":{"footnotes":""},"class_list":["post-6641","page","type-page","status-publish","hentry"],"yoast_head":"<!-- This site is optimized with the Yoast SEO plugin v27.2 - https:\/\/yoast.com\/product\/yoast-seo-wordpress\/ -->\n<title>Shop - Red Gorilla Europe<\/title>\n<meta name=\"robots\" content=\"index, follow, max-snippet:-1, max-image-preview:large, max-video-preview:-1\" \/>\n<link rel=\"canonical\" href=\"https:\/\/redgorilla.eu\/en\/shop\/\" \/>\n<meta property=\"og:locale\" content=\"en_US\" \/>\n<meta property=\"og:type\" content=\"article\" \/>\n<meta property=\"og:title\" content=\"Shop - Red Gorilla Europe\" \/>\n<meta property=\"og:url\" content=\"https:\/\/redgorilla.eu\/en\/shop\/\" \/>\n<meta property=\"og:site_name\" content=\"Red Gorilla Europe\" \/>\n<meta property=\"article:publisher\" content=\"https:\/\/www.facebook.com\/RedGorillaInt\" \/>\n<meta property=\"article:modified_time\" content=\"2024-07-17T14:25:57+00:00\" \/>\n<meta name=\"twitter:card\" content=\"summary_large_image\" \/>\n<meta name=\"twitter:site\" content=\"@RedGorillaInt\" \/>\n<script type=\"application\/ld+json\" class=\"yoast-schema-graph\">{\"@context\":\"https:\/\/schema.org\",\"@graph\":[{\"@type\":\"WebPage\",\"@id\":\"https:\/\/redgorilla.eu\/en\/shop\/\",\"url\":\"https:\/\/redgorilla.eu\/en\/shop\/\",\"name\":\"Shop - Red Gorilla Europe\",\"isPartOf\":{\"@id\":\"https:\/\/redgorilla.eu\/en\/#website\"},\"datePublished\":\"2024-04-11T05:36:12+00:00\",\"dateModified\":\"2024-07-17T14:25:57+00:00\",\"breadcrumb\":{\"@id\":\"https:\/\/redgorilla.eu\/en\/shop\/#breadcrumb\"},\"inLanguage\":\"en-US\",\"potentialAction\":[{\"@type\":\"ReadAction\",\"target\":[\"https:\/\/redgorilla.eu\/en\/shop\/\"]}]},{\"@type\":\"BreadcrumbList\",\"@id\":\"https:\/\/redgorilla.eu\/en\/shop\/#breadcrumb\",\"itemListElement\":[{\"@type\":\"ListItem\",\"position\":1,\"name\":\"Home\",\"item\":\"https:\/\/redgorilla.eu\/en\/red-gorilla-home\/\"},{\"@type\":\"ListItem\",\"position\":2,\"name\":\"Shop\"}]},{\"@type\":\"WebSite\",\"@id\":\"https:\/\/redgorilla.eu\/en\/#website\",\"url\":\"https:\/\/redgorilla.eu\/en\/\",\"name\":\"Red Gorilla Europe\",\"description\":\"Fabricantes de productos de pl\u00e1stico para la construcci\u00f3n, jard\u00edn y hogar, agricultura y equitaci\u00f3n.\",\"publisher\":{\"@id\":\"https:\/\/redgorilla.eu\/en\/#organization\"},\"potentialAction\":[{\"@type\":\"SearchAction\",\"target\":{\"@type\":\"EntryPoint\",\"urlTemplate\":\"https:\/\/redgorilla.eu\/en\/?s={search_term_string}\"},\"query-input\":{\"@type\":\"PropertyValueSpecification\",\"valueRequired\":true,\"valueName\":\"search_term_string\"}}],\"inLanguage\":\"en-US\"},{\"@type\":\"Organization\",\"@id\":\"https:\/\/redgorilla.eu\/en\/#organization\",\"name\":\"Red Gorilla International\",\"url\":\"https:\/\/redgorilla.eu\/en\/\",\"logo\":{\"@type\":\"ImageObject\",\"inLanguage\":\"en-US\",\"@id\":\"https:\/\/redgorilla.eu\/en\/#\/schema\/logo\/image\/\",\"url\":\"https:\/\/redgorilla.eu\/wp-content\/uploads\/RED-Easy-Does-It-Logo-Outline-No-Background.png\",\"contentUrl\":\"https:\/\/redgorilla.eu\/wp-content\/uploads\/RED-Easy-Does-It-Logo-Outline-No-Background.png\",\"width\":1800,\"height\":1800,\"caption\":\"Red Gorilla International\"},\"image\":{\"@id\":\"https:\/\/redgorilla.eu\/en\/#\/schema\/logo\/image\/\"},\"sameAs\":[\"https:\/\/www.facebook.com\/RedGorillaInt\",\"https:\/\/x.com\/RedGorillaInt\",\"https:\/\/www.tiktok.com\/@redgorillaint\"]}]}<\/script>\n<!-- \/ Yoast SEO plugin. -->","yoast_head_json":{"title":"Shop - Red Gorilla Europe","robots":{"index":"index","follow":"follow","max-snippet":"max-snippet:-1","max-image-preview":"max-image-preview:large","max-video-preview":"max-video-preview:-1"},"canonical":"https:\/\/redgorilla.eu\/en\/shop\/","og_locale":"en_US","og_type":"article","og_title":"Shop - Red Gorilla Europe","og_url":"https:\/\/redgorilla.eu\/en\/shop\/","og_site_name":"Red Gorilla Europe","article_publisher":"https:\/\/www.facebook.com\/RedGorillaInt","article_modified_time":"2024-07-17T14:25:57+00:00","twitter_card":"summary_large_image","twitter_site":"@RedGorillaInt","schema":{"@context":"https:\/\/schema.org","@graph":[{"@type":"WebPage","@id":"https:\/\/redgorilla.eu\/en\/shop\/","url":"https:\/\/redgorilla.eu\/en\/shop\/","name":"Shop - Red Gorilla Europe","isPartOf":{"@id":"https:\/\/redgorilla.eu\/en\/#website"},"datePublished":"2024-04-11T05:36:12+00:00","dateModified":"2024-07-17T14:25:57+00:00","breadcrumb":{"@id":"https:\/\/redgorilla.eu\/en\/shop\/#breadcrumb"},"inLanguage":"en-US","potentialAction":[{"@type":"ReadAction","target":["https:\/\/redgorilla.eu\/en\/shop\/"]}]},{"@type":"BreadcrumbList","@id":"https:\/\/redgorilla.eu\/en\/shop\/#breadcrumb","itemListElement":[{"@type":"ListItem","position":1,"name":"Home","item":"https:\/\/redgorilla.eu\/en\/red-gorilla-home\/"},{"@type":"ListItem","position":2,"name":"Shop"}]},{"@type":"WebSite","@id":"https:\/\/redgorilla.eu\/en\/#website","url":"https:\/\/redgorilla.eu\/en\/","name":"Red Gorilla Europe","description":"Fabricantes de productos de pl\u00e1stico para la construcci\u00f3n, jard\u00edn y hogar, agricultura y equitaci\u00f3n.","publisher":{"@id":"https:\/\/redgorilla.eu\/en\/#organization"},"potentialAction":[{"@type":"SearchAction","target":{"@type":"EntryPoint","urlTemplate":"https:\/\/redgorilla.eu\/en\/?s={search_term_string}"},"query-input":{"@type":"PropertyValueSpecification","valueRequired":true,"valueName":"search_term_string"}}],"inLanguage":"en-US"},{"@type":"Organization","@id":"https:\/\/redgorilla.eu\/en\/#organization","name":"Red Gorilla International","url":"https:\/\/redgorilla.eu\/en\/","logo":{"@type":"ImageObject","inLanguage":"en-US","@id":"https:\/\/redgorilla.eu\/en\/#\/schema\/logo\/image\/","url":"https:\/\/redgorilla.eu\/wp-content\/uploads\/RED-Easy-Does-It-Logo-Outline-No-Background.png","contentUrl":"https:\/\/redgorilla.eu\/wp-content\/uploads\/RED-Easy-Does-It-Logo-Outline-No-Background.png","width":1800,"height":1800,"caption":"Red Gorilla International"},"image":{"@id":"https:\/\/redgorilla.eu\/en\/#\/schema\/logo\/image\/"},"sameAs":["https:\/\/www.facebook.com\/RedGorillaInt","https:\/\/x.com\/RedGorillaInt","https:\/\/www.tiktok.com\/@redgorillaint"]}]}},"_links":{"self":[{"href":"https:\/\/redgorilla.eu\/en\/wp-json\/wp\/v2\/pages\/6641","targetHints":{"allow":["GET"]}}],"collection":[{"href":"https:\/\/redgorilla.eu\/en\/wp-json\/wp\/v2\/pages"}],"about":[{"href":"https:\/\/redgorilla.eu\/en\/wp-json\/wp\/v2\/types\/page"}],"author":[{"embeddable":true,"href":"https:\/\/redgorilla.eu\/en\/wp-json\/wp\/v2\/users\/58"}],"replies":[{"embeddable":true,"href":"https:\/\/redgorilla.eu\/en\/wp-json\/wp\/v2\/comments?post=6641"}],"version-history":[{"count":1,"href":"https:\/\/redgorilla.eu\/en\/wp-json\/wp\/v2\/pages\/6641\/revisions"}],"predecessor-version":[{"id":11328,"href":"https:\/\/redgorilla.eu\/en\/wp-json\/wp\/v2\/pages\/6641\/revisions\/11328"}],"wp:attachment":[{"href":"https:\/\/redgorilla.eu\/en\/wp-json\/wp\/v2\/media?parent=6641"}],"curies":[{"name":"wp","href":"https:\/\/api.w.org\/{rel}","templated":true}]}}