

{"id":7079,"date":"2024-05-13T17:11:48","date_gmt":"2024-05-13T15:11:48","guid":{"rendered":"https:\/\/redgorilla.eu\/terms-and-conditions-of-use\/"},"modified":"2024-07-17T16:22:59","modified_gmt":"2024-07-17T14:22:59","slug":"terms-and-conditions-of-use","status":"publish","type":"page","link":"https:\/\/redgorilla.eu\/en\/terms-and-conditions-of-use\/","title":{"rendered":"Terms and Conditions of Use"},"content":{"rendered":"\n<p>Welcome to Red Gorilla Europe S.L. These terms and conditions govern your use of our website and related services. By accessing and using this website, you agree to these terms and conditions in their entirety. If you do not agree with any of these terms, do not use our website.<\/p>\n\n<p><strong>1. Use of the Web Site<\/strong><\/p>\n\n<p>1.1. You are granted limited, non-exclusive access to use the website for personal, non-commercial purposes.<\/p>\n\n<p>1.2. You must not use the website in any way that causes damage or disruption to the website, or that is unlawful, fraudulent or harmful in any way.<\/p>\n\n<p><strong>2. Intellectual Property<\/strong><\/p>\n\n<p>2.1. All website content, including text, graphics, logos, images and software, are the property of Red Gorilla Europe S.L. and are protected by copyright and other intellectual property laws.<\/p>\n\n<p>2.2. You may not reproduce, distribute, modify, transmit, display or use in any way the content of the website without the prior written consent of Red Gorilla Europe S.L.<\/p>\n\n<p><strong>3. Links to Third Parties<\/strong><\/p>\n\n<p>3.1. Our website may contain links to third party websites that are not controlled by Red Gorilla Europe S.L.<\/p>\n\n<p>3.2. We have no control over, and assume no responsibility for, the content, privacy policies or practices of third party websites.<\/p>\n\n<p><strong>4. Limitation of Liability<\/strong><\/p>\n\n<p>4.1. To the maximum extent permitted by applicable law, Red Gorilla Europe S.L. shall not be liable for any direct, indirect, incidental, special, consequential or punitive damages arising out of the use or inability to use the website.<\/p>\n\n<p><strong>5. Modifications to the Terms and Conditions<\/strong><\/p>\n\n<p>5.1. We reserve the right to modify these terms and conditions at any time and without prior notice.<\/p>\n\n<p>5.2. Your continued use of the Web site after any such modification shall constitute acceptance of the modified terms and conditions.<\/p>\n","protected":false},"excerpt":{"rendered":"<p>Welcome to Red Gorilla Europe S.L. These terms and conditions govern your use of our website and related services. By accessing and using this website, you agree to these terms and conditions in their entirety. If you do not agree with any of these terms, do not use our website. 1. Use of the Web [&hellip;]<\/p>\n","protected":false},"author":58,"featured_media":0,"parent":0,"menu_order":0,"comment_status":"closed","ping_status":"closed","template":"","meta":{"footnotes":""},"class_list":["post-7079","page","type-page","status-publish","hentry"],"yoast_head":"<!-- This site is optimized with the Yoast SEO plugin v27.2 - https:\/\/yoast.com\/product\/yoast-seo-wordpress\/ -->\n<title>Terms and Conditions of Use - Red Gorilla Europe<\/title>\n<meta name=\"robots\" content=\"index, follow, max-snippet:-1, max-image-preview:large, max-video-preview:-1\" \/>\n<link rel=\"canonical\" href=\"https:\/\/redgorilla.eu\/en\/terms-and-conditions-of-use\/\" \/>\n<meta property=\"og:locale\" content=\"en_US\" \/>\n<meta property=\"og:type\" content=\"article\" \/>\n<meta property=\"og:title\" content=\"Terms and Conditions of Use - Red Gorilla Europe\" \/>\n<meta property=\"og:description\" content=\"Welcome to Red Gorilla Europe S.L. These terms and conditions govern your use of our website and related services. By accessing and using this website, you agree to these terms and conditions in their entirety. If you do not agree with any of these terms, do not use our website. 1. Use of the Web [&hellip;]\" \/>\n<meta property=\"og:url\" content=\"https:\/\/redgorilla.eu\/en\/terms-and-conditions-of-use\/\" \/>\n<meta property=\"og:site_name\" content=\"Red Gorilla Europe\" \/>\n<meta property=\"article:publisher\" content=\"https:\/\/www.facebook.com\/RedGorillaInt\" \/>\n<meta property=\"article:modified_time\" content=\"2024-07-17T14:22:59+00:00\" \/>\n<meta name=\"twitter:card\" content=\"summary_large_image\" \/>\n<meta name=\"twitter:site\" content=\"@RedGorillaInt\" \/>\n<meta name=\"twitter:label1\" content=\"Est. reading time\" \/>\n\t<meta name=\"twitter:data1\" content=\"1 minute\" \/>\n<script type=\"application\/ld+json\" class=\"yoast-schema-graph\">{\"@context\":\"https:\/\/schema.org\",\"@graph\":[{\"@type\":\"WebPage\",\"@id\":\"https:\/\/redgorilla.eu\/en\/terms-and-conditions-of-use\/\",\"url\":\"https:\/\/redgorilla.eu\/en\/terms-and-conditions-of-use\/\",\"name\":\"Terms and Conditions of Use - Red Gorilla Europe\",\"isPartOf\":{\"@id\":\"https:\/\/redgorilla.eu\/en\/#website\"},\"datePublished\":\"2024-05-13T15:11:48+00:00\",\"dateModified\":\"2024-07-17T14:22:59+00:00\",\"breadcrumb\":{\"@id\":\"https:\/\/redgorilla.eu\/en\/terms-and-conditions-of-use\/#breadcrumb\"},\"inLanguage\":\"en-US\",\"potentialAction\":[{\"@type\":\"ReadAction\",\"target\":[\"https:\/\/redgorilla.eu\/en\/terms-and-conditions-of-use\/\"]}]},{\"@type\":\"BreadcrumbList\",\"@id\":\"https:\/\/redgorilla.eu\/en\/terms-and-conditions-of-use\/#breadcrumb\",\"itemListElement\":[{\"@type\":\"ListItem\",\"position\":1,\"name\":\"Home\",\"item\":\"https:\/\/redgorilla.eu\/en\/red-gorilla-home\/\"},{\"@type\":\"ListItem\",\"position\":2,\"name\":\"Terms and Conditions of Use\"}]},{\"@type\":\"WebSite\",\"@id\":\"https:\/\/redgorilla.eu\/en\/#website\",\"url\":\"https:\/\/redgorilla.eu\/en\/\",\"name\":\"Red Gorilla Europe\",\"description\":\"Fabricantes de productos de pl\u00e1stico para la construcci\u00f3n, jard\u00edn y hogar, agricultura y equitaci\u00f3n.\",\"publisher\":{\"@id\":\"https:\/\/redgorilla.eu\/en\/#organization\"},\"potentialAction\":[{\"@type\":\"SearchAction\",\"target\":{\"@type\":\"EntryPoint\",\"urlTemplate\":\"https:\/\/redgorilla.eu\/en\/?s={search_term_string}\"},\"query-input\":{\"@type\":\"PropertyValueSpecification\",\"valueRequired\":true,\"valueName\":\"search_term_string\"}}],\"inLanguage\":\"en-US\"},{\"@type\":\"Organization\",\"@id\":\"https:\/\/redgorilla.eu\/en\/#organization\",\"name\":\"Red Gorilla International\",\"url\":\"https:\/\/redgorilla.eu\/en\/\",\"logo\":{\"@type\":\"ImageObject\",\"inLanguage\":\"en-US\",\"@id\":\"https:\/\/redgorilla.eu\/en\/#\/schema\/logo\/image\/\",\"url\":\"https:\/\/redgorilla.eu\/wp-content\/uploads\/RED-Easy-Does-It-Logo-Outline-No-Background.png\",\"contentUrl\":\"https:\/\/redgorilla.eu\/wp-content\/uploads\/RED-Easy-Does-It-Logo-Outline-No-Background.png\",\"width\":1800,\"height\":1800,\"caption\":\"Red Gorilla International\"},\"image\":{\"@id\":\"https:\/\/redgorilla.eu\/en\/#\/schema\/logo\/image\/\"},\"sameAs\":[\"https:\/\/www.facebook.com\/RedGorillaInt\",\"https:\/\/x.com\/RedGorillaInt\",\"https:\/\/www.tiktok.com\/@redgorillaint\"]}]}<\/script>\n<!-- \/ Yoast SEO plugin. -->","yoast_head_json":{"title":"Terms and Conditions of Use - Red Gorilla Europe","robots":{"index":"index","follow":"follow","max-snippet":"max-snippet:-1","max-image-preview":"max-image-preview:large","max-video-preview":"max-video-preview:-1"},"canonical":"https:\/\/redgorilla.eu\/en\/terms-and-conditions-of-use\/","og_locale":"en_US","og_type":"article","og_title":"Terms and Conditions of Use - Red Gorilla Europe","og_description":"Welcome to Red Gorilla Europe S.L. These terms and conditions govern your use of our website and related services. By accessing and using this website, you agree to these terms and conditions in their entirety. If you do not agree with any of these terms, do not use our website. 1. Use of the Web [&hellip;]","og_url":"https:\/\/redgorilla.eu\/en\/terms-and-conditions-of-use\/","og_site_name":"Red Gorilla Europe","article_publisher":"https:\/\/www.facebook.com\/RedGorillaInt","article_modified_time":"2024-07-17T14:22:59+00:00","twitter_card":"summary_large_image","twitter_site":"@RedGorillaInt","twitter_misc":{"Est. reading time":"1 minute"},"schema":{"@context":"https:\/\/schema.org","@graph":[{"@type":"WebPage","@id":"https:\/\/redgorilla.eu\/en\/terms-and-conditions-of-use\/","url":"https:\/\/redgorilla.eu\/en\/terms-and-conditions-of-use\/","name":"Terms and Conditions of Use - Red Gorilla Europe","isPartOf":{"@id":"https:\/\/redgorilla.eu\/en\/#website"},"datePublished":"2024-05-13T15:11:48+00:00","dateModified":"2024-07-17T14:22:59+00:00","breadcrumb":{"@id":"https:\/\/redgorilla.eu\/en\/terms-and-conditions-of-use\/#breadcrumb"},"inLanguage":"en-US","potentialAction":[{"@type":"ReadAction","target":["https:\/\/redgorilla.eu\/en\/terms-and-conditions-of-use\/"]}]},{"@type":"BreadcrumbList","@id":"https:\/\/redgorilla.eu\/en\/terms-and-conditions-of-use\/#breadcrumb","itemListElement":[{"@type":"ListItem","position":1,"name":"Home","item":"https:\/\/redgorilla.eu\/en\/red-gorilla-home\/"},{"@type":"ListItem","position":2,"name":"Terms and Conditions of Use"}]},{"@type":"WebSite","@id":"https:\/\/redgorilla.eu\/en\/#website","url":"https:\/\/redgorilla.eu\/en\/","name":"Red Gorilla Europe","description":"Fabricantes de productos de pl\u00e1stico para la construcci\u00f3n, jard\u00edn y hogar, agricultura y equitaci\u00f3n.","publisher":{"@id":"https:\/\/redgorilla.eu\/en\/#organization"},"potentialAction":[{"@type":"SearchAction","target":{"@type":"EntryPoint","urlTemplate":"https:\/\/redgorilla.eu\/en\/?s={search_term_string}"},"query-input":{"@type":"PropertyValueSpecification","valueRequired":true,"valueName":"search_term_string"}}],"inLanguage":"en-US"},{"@type":"Organization","@id":"https:\/\/redgorilla.eu\/en\/#organization","name":"Red Gorilla International","url":"https:\/\/redgorilla.eu\/en\/","logo":{"@type":"ImageObject","inLanguage":"en-US","@id":"https:\/\/redgorilla.eu\/en\/#\/schema\/logo\/image\/","url":"https:\/\/redgorilla.eu\/wp-content\/uploads\/RED-Easy-Does-It-Logo-Outline-No-Background.png","contentUrl":"https:\/\/redgorilla.eu\/wp-content\/uploads\/RED-Easy-Does-It-Logo-Outline-No-Background.png","width":1800,"height":1800,"caption":"Red Gorilla International"},"image":{"@id":"https:\/\/redgorilla.eu\/en\/#\/schema\/logo\/image\/"},"sameAs":["https:\/\/www.facebook.com\/RedGorillaInt","https:\/\/x.com\/RedGorillaInt","https:\/\/www.tiktok.com\/@redgorillaint"]}]}},"_links":{"self":[{"href":"https:\/\/redgorilla.eu\/en\/wp-json\/wp\/v2\/pages\/7079","targetHints":{"allow":["GET"]}}],"collection":[{"href":"https:\/\/redgorilla.eu\/en\/wp-json\/wp\/v2\/pages"}],"about":[{"href":"https:\/\/redgorilla.eu\/en\/wp-json\/wp\/v2\/types\/page"}],"author":[{"embeddable":true,"href":"https:\/\/redgorilla.eu\/en\/wp-json\/wp\/v2\/users\/58"}],"replies":[{"embeddable":true,"href":"https:\/\/redgorilla.eu\/en\/wp-json\/wp\/v2\/comments?post=7079"}],"version-history":[{"count":2,"href":"https:\/\/redgorilla.eu\/en\/wp-json\/wp\/v2\/pages\/7079\/revisions"}],"predecessor-version":[{"id":11325,"href":"https:\/\/redgorilla.eu\/en\/wp-json\/wp\/v2\/pages\/7079\/revisions\/11325"}],"wp:attachment":[{"href":"https:\/\/redgorilla.eu\/en\/wp-json\/wp\/v2\/media?parent=7079"}],"curies":[{"name":"wp","href":"https:\/\/api.w.org\/{rel}","templated":true}]}}