

{"id":10724,"date":"2024-07-11T21:13:19","date_gmt":"2024-07-11T19:13:19","guid":{"rendered":"https:\/\/redgorilla.eu\/?post_type=product&#038;p=10724"},"modified":"2024-07-16T20:31:49","modified_gmt":"2024-07-16T18:31:49","slug":"dripfeed","status":"publish","type":"product","link":"https:\/\/redgorilla.eu\/en\/product\/dripfeed\/","title":{"rendered":"Dripfeed"},"content":{"rendered":"<p>Everyone is talking about our Dripfeed Treat Balls. Pack it with treats and nibbles and it acts as a boredom breaker, whilst entertaining your horse for hours!<br \/>\nDesigned specifically for horses and widely used across paddocks, stables and the equine community, Dripfeed Treat Balls are exclusively designed by Red Gorilla\u00ae and available through approved trade partners.<br \/>\nKnown for their lightweight, quirky design, Dripfeed Treat Balls are made from a high-quality, food-grade polypropylene plastic hence they\u2019re entirely suitable for administering foodstuffs, yet interesting in shape and form.<br \/>\nGiven balls are made from a food-grade plastic, they are easy to clean, and, therefore, completely safe. That means you can introduce them to your horse time and time again without fear of cross-contamination or spread of infection.<br \/>\nDripfeed balls are incredibly tough and hardwearing too, as they are often kicked, bitten and thrown about which is all part of the experience.<br \/>\nThe shape of the ball is designed to encourage intrigue and excitement, as it\u2019s packed with treats and snacks. This stimulates interaction, which, in turn, leads to physical benefits like improved muscle tone and flexibility.<br \/>\nHorse lovers have found that Dripfeed helps to reduce stress and anxiety. The playfulness that it creates keeps your horse well fed, but also entertained for hours and hours!<br \/>\nUV and frost proof as with other products in the Red Gorilla\u00ae range, balls can be used all year round and promote natural grazing and foraging habits in the right position.<\/p>\n","protected":false},"excerpt":{"rendered":"<p>Filled with pieces of carrot or snacks, the Dripfeed is a treat ball designed to help improve the well-being of your horse.<\/p>\n<p>Suitable for:<\/p>\n<ul>\n<li>Keeping your horse entertained in the stable or paddock<\/li>\n<li>Increasing feeding duration<\/li>\n<li>Stimulating natural grazing<\/li>\n<\/ul>\n<p>Made from high-quality, food-grade plastic, the Dripfeed is durable even when kicked, bitten or thrown. Simply fill it with treats and let them kick it around!<\/p>\n","protected":false},"featured_media":7910,"template":"","meta":[],"product_brand":[],"product_cat":[163],"product_tag":[197],"certificaciones":[218,217,226],"class_list":{"0":"post-10724","1":"product","2":"type-product","3":"status-publish","4":"has-post-thumbnail","6":"product_cat-equine","7":"product_tag-accessories","8":"certificaciones-eu-en","9":"certificaciones-highly-durable","10":"certificaciones-shock-resistant","12":"first","13":"instock","14":"taxable","15":"shipping-taxable","16":"purchasable","17":"product-type-variable","18":"has-default-attributes"},"yoast_head":"<!-- This site is optimized with the Yoast SEO plugin v27.5 - https:\/\/yoast.com\/product\/yoast-seo-wordpress\/ -->\n<title>Dripfeed - Red Gorilla Europe<\/title>\n<meta name=\"robots\" content=\"index, follow, max-snippet:-1, max-image-preview:large, max-video-preview:-1\" \/>\n<link rel=\"canonical\" href=\"https:\/\/redgorilla.eu\/en\/product\/dripfeed\/\" \/>\n<meta property=\"og:locale\" content=\"en_US\" \/>\n<meta property=\"og:type\" content=\"article\" \/>\n<meta property=\"og:title\" content=\"Dripfeed - Red Gorilla Europe\" \/>\n<meta property=\"og:description\" content=\"Filled with pieces of carrot or snacks, the Dripfeed is a treat ball designed to help improve the well-being of your horse.  Suitable for:   Keeping your horse entertained in the stable or paddock  Increasing feeding duration  Stimulating natural grazing  Made from high-quality, food-grade plastic, the Dripfeed is durable even when kicked, bitten or thrown. Simply fill it with treats and let them kick it around!\" \/>\n<meta property=\"og:url\" content=\"https:\/\/redgorilla.eu\/en\/product\/dripfeed\/\" \/>\n<meta property=\"og:site_name\" content=\"Red Gorilla Europe\" \/>\n<meta property=\"article:publisher\" content=\"https:\/\/www.facebook.com\/RedGorillaInt\" \/>\n<meta property=\"article:modified_time\" content=\"2024-07-16T18:31:49+00:00\" \/>\n<meta property=\"og:image\" content=\"https:\/\/redgorilla.eu\/wp-content\/uploads\/dripfeed-587189_1220x1220_crop_center.webp\" \/>\n\t<meta property=\"og:image:width\" content=\"1220\" \/>\n\t<meta property=\"og:image:height\" content=\"1220\" \/>\n\t<meta property=\"og:image:type\" content=\"image\/webp\" \/>\n<meta name=\"twitter:card\" content=\"summary_large_image\" \/>\n<meta name=\"twitter:site\" content=\"@RedGorillaInt\" \/>\n<meta name=\"twitter:label1\" content=\"Est. reading time\" \/>\n\t<meta name=\"twitter:data1\" content=\"1 minute\" \/>\n<script type=\"application\/ld+json\" class=\"yoast-schema-graph\">{\"@context\":\"https:\\\/\\\/schema.org\",\"@graph\":[{\"@type\":\"WebPage\",\"@id\":\"https:\\\/\\\/redgorilla.eu\\\/en\\\/product\\\/dripfeed\\\/\",\"url\":\"https:\\\/\\\/redgorilla.eu\\\/en\\\/product\\\/dripfeed\\\/\",\"name\":\"Dripfeed - Red Gorilla Europe\",\"isPartOf\":{\"@id\":\"https:\\\/\\\/redgorilla.eu\\\/en\\\/#website\"},\"primaryImageOfPage\":{\"@id\":\"https:\\\/\\\/redgorilla.eu\\\/en\\\/product\\\/dripfeed\\\/#primaryimage\"},\"image\":{\"@id\":\"https:\\\/\\\/redgorilla.eu\\\/en\\\/product\\\/dripfeed\\\/#primaryimage\"},\"thumbnailUrl\":\"https:\\\/\\\/redgorilla.eu\\\/wp-content\\\/uploads\\\/dripfeed-587189_1220x1220_crop_center.webp\",\"datePublished\":\"2024-07-11T19:13:19+00:00\",\"dateModified\":\"2024-07-16T18:31:49+00:00\",\"breadcrumb\":{\"@id\":\"https:\\\/\\\/redgorilla.eu\\\/en\\\/product\\\/dripfeed\\\/#breadcrumb\"},\"inLanguage\":\"en-US\",\"potentialAction\":[{\"@type\":\"ReadAction\",\"target\":[\"https:\\\/\\\/redgorilla.eu\\\/en\\\/product\\\/dripfeed\\\/\"]}]},{\"@type\":\"ImageObject\",\"inLanguage\":\"en-US\",\"@id\":\"https:\\\/\\\/redgorilla.eu\\\/en\\\/product\\\/dripfeed\\\/#primaryimage\",\"url\":\"https:\\\/\\\/redgorilla.eu\\\/wp-content\\\/uploads\\\/dripfeed-587189_1220x1220_crop_center.webp\",\"contentUrl\":\"https:\\\/\\\/redgorilla.eu\\\/wp-content\\\/uploads\\\/dripfeed-587189_1220x1220_crop_center.webp\",\"width\":1220,\"height\":1220},{\"@type\":\"BreadcrumbList\",\"@id\":\"https:\\\/\\\/redgorilla.eu\\\/en\\\/product\\\/dripfeed\\\/#breadcrumb\",\"itemListElement\":[{\"@type\":\"ListItem\",\"position\":1,\"name\":\"Home\",\"item\":\"https:\\\/\\\/redgorilla.eu\\\/en\\\/red-gorilla-home\\\/\"},{\"@type\":\"ListItem\",\"position\":2,\"name\":\"Tienda\",\"item\":\"https:\\\/\\\/redgorilla.eu\\\/tienda\\\/\"},{\"@type\":\"ListItem\",\"position\":3,\"name\":\"Dripfeed\"}]},{\"@type\":\"WebSite\",\"@id\":\"https:\\\/\\\/redgorilla.eu\\\/en\\\/#website\",\"url\":\"https:\\\/\\\/redgorilla.eu\\\/en\\\/\",\"name\":\"Red Gorilla Europe\",\"description\":\"Fabricantes de productos de pl\u00e1stico para la construcci\u00f3n, jard\u00edn y hogar, agricultura y equitaci\u00f3n.\",\"publisher\":{\"@id\":\"https:\\\/\\\/redgorilla.eu\\\/en\\\/#organization\"},\"potentialAction\":[{\"@type\":\"SearchAction\",\"target\":{\"@type\":\"EntryPoint\",\"urlTemplate\":\"https:\\\/\\\/redgorilla.eu\\\/en\\\/?s={search_term_string}\"},\"query-input\":{\"@type\":\"PropertyValueSpecification\",\"valueRequired\":true,\"valueName\":\"search_term_string\"}}],\"inLanguage\":\"en-US\"},{\"@type\":\"Organization\",\"@id\":\"https:\\\/\\\/redgorilla.eu\\\/en\\\/#organization\",\"name\":\"Red Gorilla International\",\"url\":\"https:\\\/\\\/redgorilla.eu\\\/en\\\/\",\"logo\":{\"@type\":\"ImageObject\",\"inLanguage\":\"en-US\",\"@id\":\"https:\\\/\\\/redgorilla.eu\\\/en\\\/#\\\/schema\\\/logo\\\/image\\\/\",\"url\":\"https:\\\/\\\/redgorilla.eu\\\/wp-content\\\/uploads\\\/RED-Easy-Does-It-Logo-Outline-No-Background.png\",\"contentUrl\":\"https:\\\/\\\/redgorilla.eu\\\/wp-content\\\/uploads\\\/RED-Easy-Does-It-Logo-Outline-No-Background.png\",\"width\":1800,\"height\":1800,\"caption\":\"Red Gorilla International\"},\"image\":{\"@id\":\"https:\\\/\\\/redgorilla.eu\\\/en\\\/#\\\/schema\\\/logo\\\/image\\\/\"},\"sameAs\":[\"https:\\\/\\\/www.facebook.com\\\/RedGorillaInt\",\"https:\\\/\\\/x.com\\\/RedGorillaInt\",\"https:\\\/\\\/www.tiktok.com\\\/@redgorillaint\"]}]}<\/script>\n<!-- \/ Yoast SEO plugin. -->","yoast_head_json":{"title":"Dripfeed - Red Gorilla Europe","robots":{"index":"index","follow":"follow","max-snippet":"max-snippet:-1","max-image-preview":"max-image-preview:large","max-video-preview":"max-video-preview:-1"},"canonical":"https:\/\/redgorilla.eu\/en\/product\/dripfeed\/","og_locale":"en_US","og_type":"article","og_title":"Dripfeed - Red Gorilla Europe","og_description":"Filled with pieces of carrot or snacks, the Dripfeed is a treat ball designed to help improve the well-being of your horse.  Suitable for:   Keeping your horse entertained in the stable or paddock  Increasing feeding duration  Stimulating natural grazing  Made from high-quality, food-grade plastic, the Dripfeed is durable even when kicked, bitten or thrown. Simply fill it with treats and let them kick it around!","og_url":"https:\/\/redgorilla.eu\/en\/product\/dripfeed\/","og_site_name":"Red Gorilla Europe","article_publisher":"https:\/\/www.facebook.com\/RedGorillaInt","article_modified_time":"2024-07-16T18:31:49+00:00","og_image":[{"width":1220,"height":1220,"url":"https:\/\/redgorilla.eu\/wp-content\/uploads\/dripfeed-587189_1220x1220_crop_center.webp","type":"image\/webp"}],"twitter_card":"summary_large_image","twitter_site":"@RedGorillaInt","twitter_misc":{"Est. reading time":"1 minute"},"schema":{"@context":"https:\/\/schema.org","@graph":[{"@type":"WebPage","@id":"https:\/\/redgorilla.eu\/en\/product\/dripfeed\/","url":"https:\/\/redgorilla.eu\/en\/product\/dripfeed\/","name":"Dripfeed - Red Gorilla Europe","isPartOf":{"@id":"https:\/\/redgorilla.eu\/en\/#website"},"primaryImageOfPage":{"@id":"https:\/\/redgorilla.eu\/en\/product\/dripfeed\/#primaryimage"},"image":{"@id":"https:\/\/redgorilla.eu\/en\/product\/dripfeed\/#primaryimage"},"thumbnailUrl":"https:\/\/redgorilla.eu\/wp-content\/uploads\/dripfeed-587189_1220x1220_crop_center.webp","datePublished":"2024-07-11T19:13:19+00:00","dateModified":"2024-07-16T18:31:49+00:00","breadcrumb":{"@id":"https:\/\/redgorilla.eu\/en\/product\/dripfeed\/#breadcrumb"},"inLanguage":"en-US","potentialAction":[{"@type":"ReadAction","target":["https:\/\/redgorilla.eu\/en\/product\/dripfeed\/"]}]},{"@type":"ImageObject","inLanguage":"en-US","@id":"https:\/\/redgorilla.eu\/en\/product\/dripfeed\/#primaryimage","url":"https:\/\/redgorilla.eu\/wp-content\/uploads\/dripfeed-587189_1220x1220_crop_center.webp","contentUrl":"https:\/\/redgorilla.eu\/wp-content\/uploads\/dripfeed-587189_1220x1220_crop_center.webp","width":1220,"height":1220},{"@type":"BreadcrumbList","@id":"https:\/\/redgorilla.eu\/en\/product\/dripfeed\/#breadcrumb","itemListElement":[{"@type":"ListItem","position":1,"name":"Home","item":"https:\/\/redgorilla.eu\/en\/red-gorilla-home\/"},{"@type":"ListItem","position":2,"name":"Tienda","item":"https:\/\/redgorilla.eu\/tienda\/"},{"@type":"ListItem","position":3,"name":"Dripfeed"}]},{"@type":"WebSite","@id":"https:\/\/redgorilla.eu\/en\/#website","url":"https:\/\/redgorilla.eu\/en\/","name":"Red Gorilla Europe","description":"Fabricantes de productos de pl\u00e1stico para la construcci\u00f3n, jard\u00edn y hogar, agricultura y equitaci\u00f3n.","publisher":{"@id":"https:\/\/redgorilla.eu\/en\/#organization"},"potentialAction":[{"@type":"SearchAction","target":{"@type":"EntryPoint","urlTemplate":"https:\/\/redgorilla.eu\/en\/?s={search_term_string}"},"query-input":{"@type":"PropertyValueSpecification","valueRequired":true,"valueName":"search_term_string"}}],"inLanguage":"en-US"},{"@type":"Organization","@id":"https:\/\/redgorilla.eu\/en\/#organization","name":"Red Gorilla International","url":"https:\/\/redgorilla.eu\/en\/","logo":{"@type":"ImageObject","inLanguage":"en-US","@id":"https:\/\/redgorilla.eu\/en\/#\/schema\/logo\/image\/","url":"https:\/\/redgorilla.eu\/wp-content\/uploads\/RED-Easy-Does-It-Logo-Outline-No-Background.png","contentUrl":"https:\/\/redgorilla.eu\/wp-content\/uploads\/RED-Easy-Does-It-Logo-Outline-No-Background.png","width":1800,"height":1800,"caption":"Red Gorilla International"},"image":{"@id":"https:\/\/redgorilla.eu\/en\/#\/schema\/logo\/image\/"},"sameAs":["https:\/\/www.facebook.com\/RedGorillaInt","https:\/\/x.com\/RedGorillaInt","https:\/\/www.tiktok.com\/@redgorillaint"]}]}},"_links":{"self":[{"href":"https:\/\/redgorilla.eu\/en\/wp-json\/wp\/v2\/product\/10724","targetHints":{"allow":["GET"]}}],"collection":[{"href":"https:\/\/redgorilla.eu\/en\/wp-json\/wp\/v2\/product"}],"about":[{"href":"https:\/\/redgorilla.eu\/en\/wp-json\/wp\/v2\/types\/product"}],"version-history":[{"count":3,"href":"https:\/\/redgorilla.eu\/en\/wp-json\/wp\/v2\/product\/10724\/revisions"}],"predecessor-version":[{"id":10733,"href":"https:\/\/redgorilla.eu\/en\/wp-json\/wp\/v2\/product\/10724\/revisions\/10733"}],"wp:featuredmedia":[{"embeddable":true,"href":"https:\/\/redgorilla.eu\/en\/wp-json\/wp\/v2\/media\/7910"}],"wp:attachment":[{"href":"https:\/\/redgorilla.eu\/en\/wp-json\/wp\/v2\/media?parent=10724"}],"wp:term":[{"taxonomy":"product_brand","embeddable":true,"href":"https:\/\/redgorilla.eu\/en\/wp-json\/wp\/v2\/product_brand?post=10724"},{"taxonomy":"product_cat","embeddable":true,"href":"https:\/\/redgorilla.eu\/en\/wp-json\/wp\/v2\/product_cat?post=10724"},{"taxonomy":"product_tag","embeddable":true,"href":"https:\/\/redgorilla.eu\/en\/wp-json\/wp\/v2\/product_tag?post=10724"},{"taxonomy":"certificaciones","embeddable":true,"href":"https:\/\/redgorilla.eu\/en\/wp-json\/wp\/v2\/certificaciones?post=10724"}],"curies":[{"name":"wp","href":"https:\/\/api.w.org\/{rel}","templated":true}]}}