

{"id":10790,"date":"2024-07-11T22:51:17","date_gmt":"2024-07-11T20:51:17","guid":{"rendered":"https:\/\/redgorilla.eu\/?post_type=product&#038;p=10790"},"modified":"2024-07-16T21:00:01","modified_gmt":"2024-07-16T19:00:01","slug":"gorilla-plas-tidee-tray","status":"publish","type":"product","link":"https:\/\/redgorilla.eu\/en\/product\/gorilla-plas-tidee-tray\/","title":{"rendered":"Gorilla Plas Tidee Tray"},"content":{"rendered":"","protected":false},"excerpt":{"rendered":"<p>Made from our revolutionary new recycled polymer,\u00a0Gorilla Plas\u00ae, our new Tidee\u2122 Tray is tougher, stronger and easier to clean and maintain than ever before while also being completely food\/feed safe. Made exclusively in the UK for Red Gorilla, this Tidee\u2122 Tray is the ideal way to conveniently store and transport grooming equipment, cleaning products, or anything else you might want to keep handy. Also, being made in Gorilla Plas\u00ae it will outlast other caddys or trays, without breakage or wearing, and remain easy to clean and use for years to come.<\/p>\n","protected":false},"featured_media":6794,"template":"","meta":[],"product_brand":[],"product_cat":[167,163,192,165],"product_tag":[184],"certificaciones":[219,218,221,217,226],"class_list":{"0":"post-10790","1":"product","2":"type-product","3":"status-publish","4":"has-post-thumbnail","6":"product_cat-agriculture","7":"product_cat-equine","8":"product_cat-gorilla-plas","9":"product_cat-home-garden","10":"product_tag-maintenance","11":"certificaciones-easy-cleaning","12":"certificaciones-eu-en","13":"certificaciones-hdpe-en","14":"certificaciones-highly-durable","15":"certificaciones-shock-resistant","17":"first","18":"instock","19":"taxable","20":"shipping-taxable","21":"purchasable","22":"product-type-variable","23":"has-default-attributes"},"yoast_head":"<!-- This site is optimized with the Yoast SEO plugin v27.5 - https:\/\/yoast.com\/product\/yoast-seo-wordpress\/ -->\n<title>Gorilla Plas Tidee Tray - Red Gorilla Europe<\/title>\n<meta name=\"robots\" content=\"index, follow, max-snippet:-1, max-image-preview:large, max-video-preview:-1\" \/>\n<link rel=\"canonical\" href=\"https:\/\/redgorilla.eu\/en\/product\/gorilla-plas-tidee-tray\/\" \/>\n<meta property=\"og:locale\" content=\"en_US\" \/>\n<meta property=\"og:type\" content=\"article\" \/>\n<meta property=\"og:title\" content=\"Gorilla Plas Tidee Tray - Red Gorilla Europe\" \/>\n<meta property=\"og:description\" content=\"Made from our revolutionary new recycled polymer,\u00a0Gorilla Plas\u00ae, our new Tidee\u2122 Tray is tougher, stronger and easier to clean and maintain than ever before while also being completely food\/feed safe. Made exclusively in the UK for Red Gorilla, this Tidee\u2122 Tray is the ideal way to conveniently store and transport grooming equipment, cleaning products, or anything else you might want to keep handy. Also, being made in Gorilla Plas\u00ae it will outlast other caddys or trays, without breakage or wearing, and remain easy to clean and use for years to come.\" \/>\n<meta property=\"og:url\" content=\"https:\/\/redgorilla.eu\/en\/product\/gorilla-plas-tidee-tray\/\" \/>\n<meta property=\"og:site_name\" content=\"Red Gorilla Europe\" \/>\n<meta property=\"article:publisher\" content=\"https:\/\/www.facebook.com\/RedGorillaInt\" \/>\n<meta property=\"article:modified_time\" content=\"2024-07-16T19:00:01+00:00\" \/>\n<meta property=\"og:image\" content=\"https:\/\/redgorilla.eu\/wp-content\/uploads\/gorilla-plas-tidee-tray-834038.jpg\" \/>\n\t<meta property=\"og:image:width\" content=\"2048\" \/>\n\t<meta property=\"og:image:height\" content=\"2048\" \/>\n\t<meta property=\"og:image:type\" content=\"image\/jpeg\" \/>\n<meta name=\"twitter:card\" content=\"summary_large_image\" \/>\n<meta name=\"twitter:site\" content=\"@RedGorillaInt\" \/>\n<script type=\"application\/ld+json\" class=\"yoast-schema-graph\">{\"@context\":\"https:\\\/\\\/schema.org\",\"@graph\":[{\"@type\":\"WebPage\",\"@id\":\"https:\\\/\\\/redgorilla.eu\\\/en\\\/product\\\/gorilla-plas-tidee-tray\\\/\",\"url\":\"https:\\\/\\\/redgorilla.eu\\\/en\\\/product\\\/gorilla-plas-tidee-tray\\\/\",\"name\":\"Gorilla Plas Tidee Tray - Red Gorilla Europe\",\"isPartOf\":{\"@id\":\"https:\\\/\\\/redgorilla.eu\\\/en\\\/#website\"},\"primaryImageOfPage\":{\"@id\":\"https:\\\/\\\/redgorilla.eu\\\/en\\\/product\\\/gorilla-plas-tidee-tray\\\/#primaryimage\"},\"image\":{\"@id\":\"https:\\\/\\\/redgorilla.eu\\\/en\\\/product\\\/gorilla-plas-tidee-tray\\\/#primaryimage\"},\"thumbnailUrl\":\"https:\\\/\\\/redgorilla.eu\\\/wp-content\\\/uploads\\\/gorilla-plas-tidee-tray-834038.jpg\",\"datePublished\":\"2024-07-11T20:51:17+00:00\",\"dateModified\":\"2024-07-16T19:00:01+00:00\",\"breadcrumb\":{\"@id\":\"https:\\\/\\\/redgorilla.eu\\\/en\\\/product\\\/gorilla-plas-tidee-tray\\\/#breadcrumb\"},\"inLanguage\":\"en-US\",\"potentialAction\":[{\"@type\":\"ReadAction\",\"target\":[\"https:\\\/\\\/redgorilla.eu\\\/en\\\/product\\\/gorilla-plas-tidee-tray\\\/\"]}]},{\"@type\":\"ImageObject\",\"inLanguage\":\"en-US\",\"@id\":\"https:\\\/\\\/redgorilla.eu\\\/en\\\/product\\\/gorilla-plas-tidee-tray\\\/#primaryimage\",\"url\":\"https:\\\/\\\/redgorilla.eu\\\/wp-content\\\/uploads\\\/gorilla-plas-tidee-tray-834038.jpg\",\"contentUrl\":\"https:\\\/\\\/redgorilla.eu\\\/wp-content\\\/uploads\\\/gorilla-plas-tidee-tray-834038.jpg\",\"width\":2048,\"height\":2048},{\"@type\":\"BreadcrumbList\",\"@id\":\"https:\\\/\\\/redgorilla.eu\\\/en\\\/product\\\/gorilla-plas-tidee-tray\\\/#breadcrumb\",\"itemListElement\":[{\"@type\":\"ListItem\",\"position\":1,\"name\":\"Home\",\"item\":\"https:\\\/\\\/redgorilla.eu\\\/en\\\/red-gorilla-home\\\/\"},{\"@type\":\"ListItem\",\"position\":2,\"name\":\"Tienda\",\"item\":\"https:\\\/\\\/redgorilla.eu\\\/tienda\\\/\"},{\"@type\":\"ListItem\",\"position\":3,\"name\":\"Gorilla Plas Tidee Tray\"}]},{\"@type\":\"WebSite\",\"@id\":\"https:\\\/\\\/redgorilla.eu\\\/en\\\/#website\",\"url\":\"https:\\\/\\\/redgorilla.eu\\\/en\\\/\",\"name\":\"Red Gorilla Europe\",\"description\":\"Fabricantes de productos de pl\u00e1stico para la construcci\u00f3n, jard\u00edn y hogar, agricultura y equitaci\u00f3n.\",\"publisher\":{\"@id\":\"https:\\\/\\\/redgorilla.eu\\\/en\\\/#organization\"},\"potentialAction\":[{\"@type\":\"SearchAction\",\"target\":{\"@type\":\"EntryPoint\",\"urlTemplate\":\"https:\\\/\\\/redgorilla.eu\\\/en\\\/?s={search_term_string}\"},\"query-input\":{\"@type\":\"PropertyValueSpecification\",\"valueRequired\":true,\"valueName\":\"search_term_string\"}}],\"inLanguage\":\"en-US\"},{\"@type\":\"Organization\",\"@id\":\"https:\\\/\\\/redgorilla.eu\\\/en\\\/#organization\",\"name\":\"Red Gorilla International\",\"url\":\"https:\\\/\\\/redgorilla.eu\\\/en\\\/\",\"logo\":{\"@type\":\"ImageObject\",\"inLanguage\":\"en-US\",\"@id\":\"https:\\\/\\\/redgorilla.eu\\\/en\\\/#\\\/schema\\\/logo\\\/image\\\/\",\"url\":\"https:\\\/\\\/redgorilla.eu\\\/wp-content\\\/uploads\\\/RED-Easy-Does-It-Logo-Outline-No-Background.png\",\"contentUrl\":\"https:\\\/\\\/redgorilla.eu\\\/wp-content\\\/uploads\\\/RED-Easy-Does-It-Logo-Outline-No-Background.png\",\"width\":1800,\"height\":1800,\"caption\":\"Red Gorilla International\"},\"image\":{\"@id\":\"https:\\\/\\\/redgorilla.eu\\\/en\\\/#\\\/schema\\\/logo\\\/image\\\/\"},\"sameAs\":[\"https:\\\/\\\/www.facebook.com\\\/RedGorillaInt\",\"https:\\\/\\\/x.com\\\/RedGorillaInt\",\"https:\\\/\\\/www.tiktok.com\\\/@redgorillaint\"]}]}<\/script>\n<!-- \/ Yoast SEO plugin. -->","yoast_head_json":{"title":"Gorilla Plas Tidee Tray - Red Gorilla Europe","robots":{"index":"index","follow":"follow","max-snippet":"max-snippet:-1","max-image-preview":"max-image-preview:large","max-video-preview":"max-video-preview:-1"},"canonical":"https:\/\/redgorilla.eu\/en\/product\/gorilla-plas-tidee-tray\/","og_locale":"en_US","og_type":"article","og_title":"Gorilla Plas Tidee Tray - Red Gorilla Europe","og_description":"Made from our revolutionary new recycled polymer,\u00a0Gorilla Plas\u00ae, our new Tidee\u2122 Tray is tougher, stronger and easier to clean and maintain than ever before while also being completely food\/feed safe. Made exclusively in the UK for Red Gorilla, this Tidee\u2122 Tray is the ideal way to conveniently store and transport grooming equipment, cleaning products, or anything else you might want to keep handy. Also, being made in Gorilla Plas\u00ae it will outlast other caddys or trays, without breakage or wearing, and remain easy to clean and use for years to come.","og_url":"https:\/\/redgorilla.eu\/en\/product\/gorilla-plas-tidee-tray\/","og_site_name":"Red Gorilla Europe","article_publisher":"https:\/\/www.facebook.com\/RedGorillaInt","article_modified_time":"2024-07-16T19:00:01+00:00","og_image":[{"width":2048,"height":2048,"url":"https:\/\/redgorilla.eu\/wp-content\/uploads\/gorilla-plas-tidee-tray-834038.jpg","type":"image\/jpeg"}],"twitter_card":"summary_large_image","twitter_site":"@RedGorillaInt","schema":{"@context":"https:\/\/schema.org","@graph":[{"@type":"WebPage","@id":"https:\/\/redgorilla.eu\/en\/product\/gorilla-plas-tidee-tray\/","url":"https:\/\/redgorilla.eu\/en\/product\/gorilla-plas-tidee-tray\/","name":"Gorilla Plas Tidee Tray - Red Gorilla Europe","isPartOf":{"@id":"https:\/\/redgorilla.eu\/en\/#website"},"primaryImageOfPage":{"@id":"https:\/\/redgorilla.eu\/en\/product\/gorilla-plas-tidee-tray\/#primaryimage"},"image":{"@id":"https:\/\/redgorilla.eu\/en\/product\/gorilla-plas-tidee-tray\/#primaryimage"},"thumbnailUrl":"https:\/\/redgorilla.eu\/wp-content\/uploads\/gorilla-plas-tidee-tray-834038.jpg","datePublished":"2024-07-11T20:51:17+00:00","dateModified":"2024-07-16T19:00:01+00:00","breadcrumb":{"@id":"https:\/\/redgorilla.eu\/en\/product\/gorilla-plas-tidee-tray\/#breadcrumb"},"inLanguage":"en-US","potentialAction":[{"@type":"ReadAction","target":["https:\/\/redgorilla.eu\/en\/product\/gorilla-plas-tidee-tray\/"]}]},{"@type":"ImageObject","inLanguage":"en-US","@id":"https:\/\/redgorilla.eu\/en\/product\/gorilla-plas-tidee-tray\/#primaryimage","url":"https:\/\/redgorilla.eu\/wp-content\/uploads\/gorilla-plas-tidee-tray-834038.jpg","contentUrl":"https:\/\/redgorilla.eu\/wp-content\/uploads\/gorilla-plas-tidee-tray-834038.jpg","width":2048,"height":2048},{"@type":"BreadcrumbList","@id":"https:\/\/redgorilla.eu\/en\/product\/gorilla-plas-tidee-tray\/#breadcrumb","itemListElement":[{"@type":"ListItem","position":1,"name":"Home","item":"https:\/\/redgorilla.eu\/en\/red-gorilla-home\/"},{"@type":"ListItem","position":2,"name":"Tienda","item":"https:\/\/redgorilla.eu\/tienda\/"},{"@type":"ListItem","position":3,"name":"Gorilla Plas Tidee Tray"}]},{"@type":"WebSite","@id":"https:\/\/redgorilla.eu\/en\/#website","url":"https:\/\/redgorilla.eu\/en\/","name":"Red Gorilla Europe","description":"Fabricantes de productos de pl\u00e1stico para la construcci\u00f3n, jard\u00edn y hogar, agricultura y equitaci\u00f3n.","publisher":{"@id":"https:\/\/redgorilla.eu\/en\/#organization"},"potentialAction":[{"@type":"SearchAction","target":{"@type":"EntryPoint","urlTemplate":"https:\/\/redgorilla.eu\/en\/?s={search_term_string}"},"query-input":{"@type":"PropertyValueSpecification","valueRequired":true,"valueName":"search_term_string"}}],"inLanguage":"en-US"},{"@type":"Organization","@id":"https:\/\/redgorilla.eu\/en\/#organization","name":"Red Gorilla International","url":"https:\/\/redgorilla.eu\/en\/","logo":{"@type":"ImageObject","inLanguage":"en-US","@id":"https:\/\/redgorilla.eu\/en\/#\/schema\/logo\/image\/","url":"https:\/\/redgorilla.eu\/wp-content\/uploads\/RED-Easy-Does-It-Logo-Outline-No-Background.png","contentUrl":"https:\/\/redgorilla.eu\/wp-content\/uploads\/RED-Easy-Does-It-Logo-Outline-No-Background.png","width":1800,"height":1800,"caption":"Red Gorilla International"},"image":{"@id":"https:\/\/redgorilla.eu\/en\/#\/schema\/logo\/image\/"},"sameAs":["https:\/\/www.facebook.com\/RedGorillaInt","https:\/\/x.com\/RedGorillaInt","https:\/\/www.tiktok.com\/@redgorillaint"]}]}},"_links":{"self":[{"href":"https:\/\/redgorilla.eu\/en\/wp-json\/wp\/v2\/product\/10790","targetHints":{"allow":["GET"]}}],"collection":[{"href":"https:\/\/redgorilla.eu\/en\/wp-json\/wp\/v2\/product"}],"about":[{"href":"https:\/\/redgorilla.eu\/en\/wp-json\/wp\/v2\/types\/product"}],"version-history":[{"count":1,"href":"https:\/\/redgorilla.eu\/en\/wp-json\/wp\/v2\/product\/10790\/revisions"}],"predecessor-version":[{"id":10797,"href":"https:\/\/redgorilla.eu\/en\/wp-json\/wp\/v2\/product\/10790\/revisions\/10797"}],"wp:featuredmedia":[{"embeddable":true,"href":"https:\/\/redgorilla.eu\/en\/wp-json\/wp\/v2\/media\/6794"}],"wp:attachment":[{"href":"https:\/\/redgorilla.eu\/en\/wp-json\/wp\/v2\/media?parent=10790"}],"wp:term":[{"taxonomy":"product_brand","embeddable":true,"href":"https:\/\/redgorilla.eu\/en\/wp-json\/wp\/v2\/product_brand?post=10790"},{"taxonomy":"product_cat","embeddable":true,"href":"https:\/\/redgorilla.eu\/en\/wp-json\/wp\/v2\/product_cat?post=10790"},{"taxonomy":"product_tag","embeddable":true,"href":"https:\/\/redgorilla.eu\/en\/wp-json\/wp\/v2\/product_tag?post=10790"},{"taxonomy":"certificaciones","embeddable":true,"href":"https:\/\/redgorilla.eu\/en\/wp-json\/wp\/v2\/certificaciones?post=10790"}],"curies":[{"name":"wp","href":"https:\/\/api.w.org\/{rel}","templated":true}]}}