

{"id":10825,"date":"2024-07-18T04:20:19","date_gmt":"2024-07-18T02:20:19","guid":{"rendered":"https:\/\/redgorilla.eu\/?post_type=product&#038;p=10825"},"modified":"2025-11-11T15:00:08","modified_gmt":"2025-11-11T13:00:08","slug":"large-shallow-gorilla-tub-35l","status":"publish","type":"product","link":"https:\/\/redgorilla.eu\/en\/product\/large-shallow-gorilla-tub-35l\/","title":{"rendered":"Large Shallow Gorilla Tub\u00ae 35L"},"content":{"rendered":"<p>This Gorilla Tub\u00ae Large Shallow (35 litres) is exceptionally strong, versatile, and used for a range of jobs on site, around the stables and at home. Shallow-sided providing easier access than a high-edged bucket, it also has flexible, ribbed sides and a large, flat base giving extra stability.<\/p>\n<p>Perfect for cleaning boots, general purpose storage, horse and pony feeds or mixing building materials on site, this large, shallow tub is a good allrounder. Tough and amazingly resilient, this shallow-sided tub has always been a huge favourite. Our Gorilla Tub\u00ae Large Shallow, capable of handling 35 litres, combines the best of both worlds \u2013 ease of access and substantial capacity. Built with the user in mind, it features easy grip, \u2018golf ball\u2019 handles for safer handling and transport, flexible, ribbed sides that adapt to different materials and chamfered edges making scooping and pouring a bit easier.<\/p>\n<p>This plastic tub is also 100% weather resistant, with no adverse reaction to either UV rays or frost. That makes it useable indoors and outdoors across the year. Manufactured from a *food-grade LDPE, low-density polyethylene, which is non-toxic and pet safe, it is regularly used for preparing feeds and for administering supplements.<\/p>\n","protected":false},"excerpt":{"rendered":"<p><strong>Gorilla Tubs\u00ae \u2013 The Original. The Toughest. The Best.<\/strong><\/p>\n<p>The Large Shallow Gorilla Tub\u00ae 35L, formerly known under the Tubtrug\u00ae name, is a tough, flexible, and weather-resistant tub built to handle almost any task. Designed with practicality in mind, this shallow tub is ideal for everything from mixing and scooping to feeding, carrying, or collecting. Its unique &#8216;golf ball&#8217; handles offer excellent grip and comfort, while the reinforced rim ensures it can take the strain of heavy loads with ease. The ribbed sides add structural strength and stability, making the tub durable enough for frequent, demanding use. Chamfered edges allow for effortless scooping, sweeping, or pouring, making daily tasks quicker and cleaner. Whether you\u2019re using it in the garden, stable, workshop, or home, the 35L Gorilla Tub\u00ae offers unbeatable versatility.<\/p>\n","protected":false},"featured_media":8093,"template":"","meta":[],"product_brand":[],"product_cat":[167,185,163,189,165],"product_tag":[190],"certificaciones":[219,218,220,217,222,223,224,225,226,227],"class_list":{"0":"post-10825","1":"product","2":"type-product","3":"status-publish","4":"has-post-thumbnail","6":"product_cat-agriculture","7":"product_cat-building","8":"product_cat-equine","9":"product_cat-gorilla-tub","10":"product_cat-home-garden","11":"product_tag-tubs","12":"certificaciones-easy-cleaning","13":"certificaciones-eu-en","14":"certificaciones-food-safe-en","15":"certificaciones-highly-durable","16":"certificaciones-light-as-a-feather","17":"certificaciones-lldpe-en","18":"certificaciones-reach-en","19":"certificaciones-resistant-down-to-60oc","20":"certificaciones-shock-resistant","21":"certificaciones-uv-resistant","23":"first","24":"instock","25":"taxable","26":"shipping-taxable","27":"purchasable","28":"product-type-variable","29":"has-default-attributes"},"yoast_head":"<!-- This site is optimized with the Yoast SEO plugin v27.5 - https:\/\/yoast.com\/product\/yoast-seo-wordpress\/ -->\n<title>Gorilla Tub\u00ae Large 35L Versatile &amp; Durable | Multi-Purpose<\/title>\n<meta name=\"description\" content=\"Discover the versatility of the Gorilla Tub\u00ae. Ideal for animal feeding, gardening, cleaning, DIY and more. Durable, food-grade, and multi-purpose.\" \/>\n<meta name=\"robots\" content=\"index, follow, max-snippet:-1, max-image-preview:large, max-video-preview:-1\" \/>\n<link rel=\"canonical\" href=\"https:\/\/redgorilla.eu\/en\/product\/large-shallow-gorilla-tub-35l\/\" \/>\n<meta property=\"og:locale\" content=\"en_US\" \/>\n<meta property=\"og:type\" content=\"article\" \/>\n<meta property=\"og:title\" content=\"Gorilla Tub\u00ae Large 35L Versatile &amp; Durable | Multi-Purpose\" \/>\n<meta property=\"og:description\" content=\"Discover the versatility of the Gorilla Tub\u00ae. Ideal for animal feeding, gardening, cleaning, DIY and more. Durable, food-grade, and multi-purpose.\" \/>\n<meta property=\"og:url\" content=\"https:\/\/redgorilla.eu\/en\/product\/large-shallow-gorilla-tub-35l\/\" \/>\n<meta property=\"og:site_name\" content=\"Red Gorilla Europe\" \/>\n<meta property=\"article:publisher\" content=\"https:\/\/www.facebook.com\/RedGorillaInt\" \/>\n<meta property=\"article:modified_time\" content=\"2025-11-11T13:00:08+00:00\" \/>\n<meta property=\"og:image\" content=\"https:\/\/redgorilla.eu\/wp-content\/uploads\/gorilla-tub-large-shallow-35l-475291_610x610_crop_center.webp\" \/>\n\t<meta property=\"og:image:width\" content=\"610\" \/>\n\t<meta property=\"og:image:height\" content=\"610\" \/>\n\t<meta property=\"og:image:type\" content=\"image\/webp\" \/>\n<meta name=\"twitter:card\" content=\"summary_large_image\" \/>\n<meta name=\"twitter:site\" content=\"@RedGorillaInt\" \/>\n<meta name=\"twitter:label1\" content=\"Est. reading time\" \/>\n\t<meta name=\"twitter:data1\" content=\"2 minutes\" \/>\n<script type=\"application\/ld+json\" class=\"yoast-schema-graph\">{\"@context\":\"https:\\\/\\\/schema.org\",\"@graph\":[{\"@type\":\"WebPage\",\"@id\":\"https:\\\/\\\/redgorilla.eu\\\/en\\\/product\\\/large-shallow-gorilla-tub-35l\\\/\",\"url\":\"https:\\\/\\\/redgorilla.eu\\\/en\\\/product\\\/large-shallow-gorilla-tub-35l\\\/\",\"name\":\"Gorilla Tub\u00ae Large 35L Versatile & Durable | Multi-Purpose\",\"isPartOf\":{\"@id\":\"https:\\\/\\\/redgorilla.eu\\\/en\\\/#website\"},\"primaryImageOfPage\":{\"@id\":\"https:\\\/\\\/redgorilla.eu\\\/en\\\/product\\\/large-shallow-gorilla-tub-35l\\\/#primaryimage\"},\"image\":{\"@id\":\"https:\\\/\\\/redgorilla.eu\\\/en\\\/product\\\/large-shallow-gorilla-tub-35l\\\/#primaryimage\"},\"thumbnailUrl\":\"https:\\\/\\\/redgorilla.eu\\\/wp-content\\\/uploads\\\/gorilla-tub-large-shallow-35l-475291_610x610_crop_center.webp\",\"datePublished\":\"2024-07-18T02:20:19+00:00\",\"dateModified\":\"2025-11-11T13:00:08+00:00\",\"description\":\"Discover the versatility of the Gorilla Tub\u00ae. Ideal for animal feeding, gardening, cleaning, DIY and more. Durable, food-grade, and multi-purpose.\",\"breadcrumb\":{\"@id\":\"https:\\\/\\\/redgorilla.eu\\\/en\\\/product\\\/large-shallow-gorilla-tub-35l\\\/#breadcrumb\"},\"inLanguage\":\"en-US\",\"potentialAction\":[{\"@type\":\"ReadAction\",\"target\":[\"https:\\\/\\\/redgorilla.eu\\\/en\\\/product\\\/large-shallow-gorilla-tub-35l\\\/\"]}]},{\"@type\":\"ImageObject\",\"inLanguage\":\"en-US\",\"@id\":\"https:\\\/\\\/redgorilla.eu\\\/en\\\/product\\\/large-shallow-gorilla-tub-35l\\\/#primaryimage\",\"url\":\"https:\\\/\\\/redgorilla.eu\\\/wp-content\\\/uploads\\\/gorilla-tub-large-shallow-35l-475291_610x610_crop_center.webp\",\"contentUrl\":\"https:\\\/\\\/redgorilla.eu\\\/wp-content\\\/uploads\\\/gorilla-tub-large-shallow-35l-475291_610x610_crop_center.webp\",\"width\":610,\"height\":610},{\"@type\":\"BreadcrumbList\",\"@id\":\"https:\\\/\\\/redgorilla.eu\\\/en\\\/product\\\/large-shallow-gorilla-tub-35l\\\/#breadcrumb\",\"itemListElement\":[{\"@type\":\"ListItem\",\"position\":1,\"name\":\"Home\",\"item\":\"https:\\\/\\\/redgorilla.eu\\\/en\\\/red-gorilla-home\\\/\"},{\"@type\":\"ListItem\",\"position\":2,\"name\":\"Tienda\",\"item\":\"https:\\\/\\\/redgorilla.eu\\\/tienda\\\/\"},{\"@type\":\"ListItem\",\"position\":3,\"name\":\"Large Shallow Gorilla Tub\u00ae 35L\"}]},{\"@type\":\"WebSite\",\"@id\":\"https:\\\/\\\/redgorilla.eu\\\/en\\\/#website\",\"url\":\"https:\\\/\\\/redgorilla.eu\\\/en\\\/\",\"name\":\"Red Gorilla Europe\",\"description\":\"Fabricantes de productos de pl\u00e1stico para la construcci\u00f3n, jard\u00edn y hogar, agricultura y equitaci\u00f3n.\",\"publisher\":{\"@id\":\"https:\\\/\\\/redgorilla.eu\\\/en\\\/#organization\"},\"potentialAction\":[{\"@type\":\"SearchAction\",\"target\":{\"@type\":\"EntryPoint\",\"urlTemplate\":\"https:\\\/\\\/redgorilla.eu\\\/en\\\/?s={search_term_string}\"},\"query-input\":{\"@type\":\"PropertyValueSpecification\",\"valueRequired\":true,\"valueName\":\"search_term_string\"}}],\"inLanguage\":\"en-US\"},{\"@type\":\"Organization\",\"@id\":\"https:\\\/\\\/redgorilla.eu\\\/en\\\/#organization\",\"name\":\"Red Gorilla International\",\"url\":\"https:\\\/\\\/redgorilla.eu\\\/en\\\/\",\"logo\":{\"@type\":\"ImageObject\",\"inLanguage\":\"en-US\",\"@id\":\"https:\\\/\\\/redgorilla.eu\\\/en\\\/#\\\/schema\\\/logo\\\/image\\\/\",\"url\":\"https:\\\/\\\/redgorilla.eu\\\/wp-content\\\/uploads\\\/RED-Easy-Does-It-Logo-Outline-No-Background.png\",\"contentUrl\":\"https:\\\/\\\/redgorilla.eu\\\/wp-content\\\/uploads\\\/RED-Easy-Does-It-Logo-Outline-No-Background.png\",\"width\":1800,\"height\":1800,\"caption\":\"Red Gorilla International\"},\"image\":{\"@id\":\"https:\\\/\\\/redgorilla.eu\\\/en\\\/#\\\/schema\\\/logo\\\/image\\\/\"},\"sameAs\":[\"https:\\\/\\\/www.facebook.com\\\/RedGorillaInt\",\"https:\\\/\\\/x.com\\\/RedGorillaInt\",\"https:\\\/\\\/www.tiktok.com\\\/@redgorillaint\"]}]}<\/script>\n<!-- \/ Yoast SEO plugin. -->","yoast_head_json":{"title":"Gorilla Tub\u00ae Large 35L Versatile & Durable | Multi-Purpose","description":"Discover the versatility of the Gorilla Tub\u00ae. Ideal for animal feeding, gardening, cleaning, DIY and more. Durable, food-grade, and multi-purpose.","robots":{"index":"index","follow":"follow","max-snippet":"max-snippet:-1","max-image-preview":"max-image-preview:large","max-video-preview":"max-video-preview:-1"},"canonical":"https:\/\/redgorilla.eu\/en\/product\/large-shallow-gorilla-tub-35l\/","og_locale":"en_US","og_type":"article","og_title":"Gorilla Tub\u00ae Large 35L Versatile & Durable | Multi-Purpose","og_description":"Discover the versatility of the Gorilla Tub\u00ae. Ideal for animal feeding, gardening, cleaning, DIY and more. Durable, food-grade, and multi-purpose.","og_url":"https:\/\/redgorilla.eu\/en\/product\/large-shallow-gorilla-tub-35l\/","og_site_name":"Red Gorilla Europe","article_publisher":"https:\/\/www.facebook.com\/RedGorillaInt","article_modified_time":"2025-11-11T13:00:08+00:00","og_image":[{"width":610,"height":610,"url":"https:\/\/redgorilla.eu\/wp-content\/uploads\/gorilla-tub-large-shallow-35l-475291_610x610_crop_center.webp","type":"image\/webp"}],"twitter_card":"summary_large_image","twitter_site":"@RedGorillaInt","twitter_misc":{"Est. reading time":"2 minutes"},"schema":{"@context":"https:\/\/schema.org","@graph":[{"@type":"WebPage","@id":"https:\/\/redgorilla.eu\/en\/product\/large-shallow-gorilla-tub-35l\/","url":"https:\/\/redgorilla.eu\/en\/product\/large-shallow-gorilla-tub-35l\/","name":"Gorilla Tub\u00ae Large 35L Versatile & Durable | Multi-Purpose","isPartOf":{"@id":"https:\/\/redgorilla.eu\/en\/#website"},"primaryImageOfPage":{"@id":"https:\/\/redgorilla.eu\/en\/product\/large-shallow-gorilla-tub-35l\/#primaryimage"},"image":{"@id":"https:\/\/redgorilla.eu\/en\/product\/large-shallow-gorilla-tub-35l\/#primaryimage"},"thumbnailUrl":"https:\/\/redgorilla.eu\/wp-content\/uploads\/gorilla-tub-large-shallow-35l-475291_610x610_crop_center.webp","datePublished":"2024-07-18T02:20:19+00:00","dateModified":"2025-11-11T13:00:08+00:00","description":"Discover the versatility of the Gorilla Tub\u00ae. Ideal for animal feeding, gardening, cleaning, DIY and more. Durable, food-grade, and multi-purpose.","breadcrumb":{"@id":"https:\/\/redgorilla.eu\/en\/product\/large-shallow-gorilla-tub-35l\/#breadcrumb"},"inLanguage":"en-US","potentialAction":[{"@type":"ReadAction","target":["https:\/\/redgorilla.eu\/en\/product\/large-shallow-gorilla-tub-35l\/"]}]},{"@type":"ImageObject","inLanguage":"en-US","@id":"https:\/\/redgorilla.eu\/en\/product\/large-shallow-gorilla-tub-35l\/#primaryimage","url":"https:\/\/redgorilla.eu\/wp-content\/uploads\/gorilla-tub-large-shallow-35l-475291_610x610_crop_center.webp","contentUrl":"https:\/\/redgorilla.eu\/wp-content\/uploads\/gorilla-tub-large-shallow-35l-475291_610x610_crop_center.webp","width":610,"height":610},{"@type":"BreadcrumbList","@id":"https:\/\/redgorilla.eu\/en\/product\/large-shallow-gorilla-tub-35l\/#breadcrumb","itemListElement":[{"@type":"ListItem","position":1,"name":"Home","item":"https:\/\/redgorilla.eu\/en\/red-gorilla-home\/"},{"@type":"ListItem","position":2,"name":"Tienda","item":"https:\/\/redgorilla.eu\/tienda\/"},{"@type":"ListItem","position":3,"name":"Large Shallow Gorilla Tub\u00ae 35L"}]},{"@type":"WebSite","@id":"https:\/\/redgorilla.eu\/en\/#website","url":"https:\/\/redgorilla.eu\/en\/","name":"Red Gorilla Europe","description":"Fabricantes de productos de pl\u00e1stico para la construcci\u00f3n, jard\u00edn y hogar, agricultura y equitaci\u00f3n.","publisher":{"@id":"https:\/\/redgorilla.eu\/en\/#organization"},"potentialAction":[{"@type":"SearchAction","target":{"@type":"EntryPoint","urlTemplate":"https:\/\/redgorilla.eu\/en\/?s={search_term_string}"},"query-input":{"@type":"PropertyValueSpecification","valueRequired":true,"valueName":"search_term_string"}}],"inLanguage":"en-US"},{"@type":"Organization","@id":"https:\/\/redgorilla.eu\/en\/#organization","name":"Red Gorilla International","url":"https:\/\/redgorilla.eu\/en\/","logo":{"@type":"ImageObject","inLanguage":"en-US","@id":"https:\/\/redgorilla.eu\/en\/#\/schema\/logo\/image\/","url":"https:\/\/redgorilla.eu\/wp-content\/uploads\/RED-Easy-Does-It-Logo-Outline-No-Background.png","contentUrl":"https:\/\/redgorilla.eu\/wp-content\/uploads\/RED-Easy-Does-It-Logo-Outline-No-Background.png","width":1800,"height":1800,"caption":"Red Gorilla International"},"image":{"@id":"https:\/\/redgorilla.eu\/en\/#\/schema\/logo\/image\/"},"sameAs":["https:\/\/www.facebook.com\/RedGorillaInt","https:\/\/x.com\/RedGorillaInt","https:\/\/www.tiktok.com\/@redgorillaint"]}]}},"_links":{"self":[{"href":"https:\/\/redgorilla.eu\/en\/wp-json\/wp\/v2\/product\/10825","targetHints":{"allow":["GET"]}}],"collection":[{"href":"https:\/\/redgorilla.eu\/en\/wp-json\/wp\/v2\/product"}],"about":[{"href":"https:\/\/redgorilla.eu\/en\/wp-json\/wp\/v2\/types\/product"}],"version-history":[{"count":8,"href":"https:\/\/redgorilla.eu\/en\/wp-json\/wp\/v2\/product\/10825\/revisions"}],"predecessor-version":[{"id":12119,"href":"https:\/\/redgorilla.eu\/en\/wp-json\/wp\/v2\/product\/10825\/revisions\/12119"}],"wp:featuredmedia":[{"embeddable":true,"href":"https:\/\/redgorilla.eu\/en\/wp-json\/wp\/v2\/media\/8093"}],"wp:attachment":[{"href":"https:\/\/redgorilla.eu\/en\/wp-json\/wp\/v2\/media?parent=10825"}],"wp:term":[{"taxonomy":"product_brand","embeddable":true,"href":"https:\/\/redgorilla.eu\/en\/wp-json\/wp\/v2\/product_brand?post=10825"},{"taxonomy":"product_cat","embeddable":true,"href":"https:\/\/redgorilla.eu\/en\/wp-json\/wp\/v2\/product_cat?post=10825"},{"taxonomy":"product_tag","embeddable":true,"href":"https:\/\/redgorilla.eu\/en\/wp-json\/wp\/v2\/product_tag?post=10825"},{"taxonomy":"certificaciones","embeddable":true,"href":"https:\/\/redgorilla.eu\/en\/wp-json\/wp\/v2\/certificaciones?post=10825"}],"curies":[{"name":"wp","href":"https:\/\/api.w.org\/{rel}","templated":true}]}}