

{"id":10834,"date":"2024-07-18T04:30:57","date_gmt":"2024-07-18T02:30:57","guid":{"rendered":"https:\/\/redgorilla.eu\/?post_type=product&#038;p=10834"},"modified":"2025-11-11T14:55:12","modified_gmt":"2025-11-11T12:55:12","slug":"mini-shallow-gorilla-tub-5l","status":"publish","type":"product","link":"https:\/\/redgorilla.eu\/en\/product\/mini-shallow-gorilla-tub-5l\/","title":{"rendered":"Mini Shallow\u00a0Gorilla Tub\u00ae\u00a05L"},"content":{"rendered":"<p>With its shallow sides, golf ball handles and bright, eye-catching colours, this 5L Gorilla Tub\u00ae is both useful and versatile.<\/p>\n<p>Made from food-grade LDPE that is animal-safe, this small tub has shallow sides, facilitating quick, easy access for feeding, mixing building materials and wide-ranging garden jobs. With a capacity of 5 litres, its light, easy to handle, yet as tough as they come! The flexibility of the Gorilla Tub\u00ae is often regarded as being a stand-out feature. LDPE is known for being pliable, yet resilient. That means it can bend and flex under considerable pressure, without breaking, cracking or tearing. Previously part of the Tubtrug\u00ae range, the Gorilla Tub\u00ae Mini Shallow 5L is also 100% resistant to frost and UV rays, so completely weatherproof. Use it indoors, outdoors, all year round, for a wide range of tasks, and when it gets dirty, its smooth, silky interior is easy to clean with warm, soapy water.<\/p>\n<p>These tubs can be easily stacked and are regularly used for preparing and administering animal feed and supplements, for gardening tasks, storage, mixing small amounts of materials like mortar, plaster, and much more.<\/p>\n","protected":false},"excerpt":{"rendered":"<p><strong>Gorilla Tubs\u00ae \u2013 The Original. The Toughest. The Best.<\/strong><\/p>\n<p>The\u00a0Mini Shallow Gorilla Tub\u00ae 5L, previously part of the Tubtrug\u00ae range, is a flexible and weather resistant tub that is built to last. You can use this tub for everything! The &#8216;golf ball&#8217; handles make Gorilla Tub\u00ae easy to grip and carry, while the reinforce handle as a whole can take the pressure of even very heavy loads. The sides of the tub a ribbed, to ensure it&#8217;s strength and durability, and the edges are chamfered to make scooping, sweeping up or pouring even easier. They are also produced using *food-grade LDPE, meaning your Gorilla Tub\u00ae is suitable for storing and preparing food in, as well as ensuring they&#8217;re horse and pet friendly, too. All our tubs are BPA free *<em>excluding Black, Green and Yellow.<\/em><\/p>\n","protected":false},"featured_media":6820,"template":"","meta":[],"product_brand":[],"product_cat":[167,185,163,189,165],"product_tag":[190],"certificaciones":[219,218,220,217,222,223,224,225,226,227],"class_list":{"0":"post-10834","1":"product","2":"type-product","3":"status-publish","4":"has-post-thumbnail","6":"product_cat-agriculture","7":"product_cat-building","8":"product_cat-equine","9":"product_cat-gorilla-tub","10":"product_cat-home-garden","11":"product_tag-tubs","12":"certificaciones-easy-cleaning","13":"certificaciones-eu-en","14":"certificaciones-food-safe-en","15":"certificaciones-highly-durable","16":"certificaciones-light-as-a-feather","17":"certificaciones-lldpe-en","18":"certificaciones-reach-en","19":"certificaciones-resistant-down-to-60oc","20":"certificaciones-shock-resistant","21":"certificaciones-uv-resistant","23":"first","24":"instock","25":"taxable","26":"shipping-taxable","27":"purchasable","28":"product-type-variable","29":"has-default-attributes"},"yoast_head":"<!-- This site is optimized with the Yoast SEO plugin v27.5 - https:\/\/yoast.com\/product\/yoast-seo-wordpress\/ -->\n<title>Gorilla Tub\u00ae Mini 5L | Versatile &amp; Durable | Multi-Purpose<\/title>\n<meta name=\"description\" content=\"Discover the versatility of the Gorilla Tub\u00ae. Ideal for animal feeding, gardening, cleaning, DIY and more. Durable, food-grade, and multi-purpose.\" \/>\n<meta name=\"robots\" content=\"index, follow, max-snippet:-1, max-image-preview:large, max-video-preview:-1\" \/>\n<link rel=\"canonical\" href=\"https:\/\/redgorilla.eu\/en\/product\/mini-shallow-gorilla-tub-5l\/\" \/>\n<meta property=\"og:locale\" content=\"en_US\" \/>\n<meta property=\"og:type\" content=\"article\" \/>\n<meta property=\"og:title\" content=\"Gorilla Tub\u00ae Mini 5L | Versatile &amp; Durable | Multi-Purpose\" \/>\n<meta property=\"og:description\" content=\"Discover the versatility of the Gorilla Tub\u00ae. Ideal for animal feeding, gardening, cleaning, DIY and more. Durable, food-grade, and multi-purpose.\" \/>\n<meta property=\"og:url\" content=\"https:\/\/redgorilla.eu\/en\/product\/mini-shallow-gorilla-tub-5l\/\" \/>\n<meta property=\"og:site_name\" content=\"Red Gorilla Europe\" \/>\n<meta property=\"article:publisher\" content=\"https:\/\/www.facebook.com\/RedGorillaInt\" \/>\n<meta property=\"article:modified_time\" content=\"2025-11-11T12:55:12+00:00\" \/>\n<meta property=\"og:image\" content=\"https:\/\/redgorilla.eu\/wp-content\/uploads\/gorilla-tub-mini-shallow-5l-223991.jpg\" \/>\n\t<meta property=\"og:image:width\" content=\"1800\" \/>\n\t<meta property=\"og:image:height\" content=\"1800\" \/>\n\t<meta property=\"og:image:type\" content=\"image\/jpeg\" \/>\n<meta name=\"twitter:card\" content=\"summary_large_image\" \/>\n<meta name=\"twitter:site\" content=\"@RedGorillaInt\" \/>\n<meta name=\"twitter:label1\" content=\"Est. reading time\" \/>\n\t<meta name=\"twitter:data1\" content=\"2 minutes\" \/>\n<script type=\"application\/ld+json\" class=\"yoast-schema-graph\">{\"@context\":\"https:\\\/\\\/schema.org\",\"@graph\":[{\"@type\":\"WebPage\",\"@id\":\"https:\\\/\\\/redgorilla.eu\\\/en\\\/product\\\/mini-shallow-gorilla-tub-5l\\\/\",\"url\":\"https:\\\/\\\/redgorilla.eu\\\/en\\\/product\\\/mini-shallow-gorilla-tub-5l\\\/\",\"name\":\"Gorilla Tub\u00ae Mini 5L | Versatile & Durable | Multi-Purpose\",\"isPartOf\":{\"@id\":\"https:\\\/\\\/redgorilla.eu\\\/en\\\/#website\"},\"primaryImageOfPage\":{\"@id\":\"https:\\\/\\\/redgorilla.eu\\\/en\\\/product\\\/mini-shallow-gorilla-tub-5l\\\/#primaryimage\"},\"image\":{\"@id\":\"https:\\\/\\\/redgorilla.eu\\\/en\\\/product\\\/mini-shallow-gorilla-tub-5l\\\/#primaryimage\"},\"thumbnailUrl\":\"https:\\\/\\\/redgorilla.eu\\\/wp-content\\\/uploads\\\/gorilla-tub-mini-shallow-5l-223991.jpg\",\"datePublished\":\"2024-07-18T02:30:57+00:00\",\"dateModified\":\"2025-11-11T12:55:12+00:00\",\"description\":\"Discover the versatility of the Gorilla Tub\u00ae. Ideal for animal feeding, gardening, cleaning, DIY and more. Durable, food-grade, and multi-purpose.\",\"breadcrumb\":{\"@id\":\"https:\\\/\\\/redgorilla.eu\\\/en\\\/product\\\/mini-shallow-gorilla-tub-5l\\\/#breadcrumb\"},\"inLanguage\":\"en-US\",\"potentialAction\":[{\"@type\":\"ReadAction\",\"target\":[\"https:\\\/\\\/redgorilla.eu\\\/en\\\/product\\\/mini-shallow-gorilla-tub-5l\\\/\"]}]},{\"@type\":\"ImageObject\",\"inLanguage\":\"en-US\",\"@id\":\"https:\\\/\\\/redgorilla.eu\\\/en\\\/product\\\/mini-shallow-gorilla-tub-5l\\\/#primaryimage\",\"url\":\"https:\\\/\\\/redgorilla.eu\\\/wp-content\\\/uploads\\\/gorilla-tub-mini-shallow-5l-223991.jpg\",\"contentUrl\":\"https:\\\/\\\/redgorilla.eu\\\/wp-content\\\/uploads\\\/gorilla-tub-mini-shallow-5l-223991.jpg\",\"width\":1800,\"height\":1800},{\"@type\":\"BreadcrumbList\",\"@id\":\"https:\\\/\\\/redgorilla.eu\\\/en\\\/product\\\/mini-shallow-gorilla-tub-5l\\\/#breadcrumb\",\"itemListElement\":[{\"@type\":\"ListItem\",\"position\":1,\"name\":\"Home\",\"item\":\"https:\\\/\\\/redgorilla.eu\\\/en\\\/red-gorilla-home\\\/\"},{\"@type\":\"ListItem\",\"position\":2,\"name\":\"Tienda\",\"item\":\"https:\\\/\\\/redgorilla.eu\\\/tienda\\\/\"},{\"@type\":\"ListItem\",\"position\":3,\"name\":\"Mini Shallow\u00a0Gorilla Tub\u00ae\u00a05L\"}]},{\"@type\":\"WebSite\",\"@id\":\"https:\\\/\\\/redgorilla.eu\\\/en\\\/#website\",\"url\":\"https:\\\/\\\/redgorilla.eu\\\/en\\\/\",\"name\":\"Red Gorilla Europe\",\"description\":\"Fabricantes de productos de pl\u00e1stico para la construcci\u00f3n, jard\u00edn y hogar, agricultura y equitaci\u00f3n.\",\"publisher\":{\"@id\":\"https:\\\/\\\/redgorilla.eu\\\/en\\\/#organization\"},\"potentialAction\":[{\"@type\":\"SearchAction\",\"target\":{\"@type\":\"EntryPoint\",\"urlTemplate\":\"https:\\\/\\\/redgorilla.eu\\\/en\\\/?s={search_term_string}\"},\"query-input\":{\"@type\":\"PropertyValueSpecification\",\"valueRequired\":true,\"valueName\":\"search_term_string\"}}],\"inLanguage\":\"en-US\"},{\"@type\":\"Organization\",\"@id\":\"https:\\\/\\\/redgorilla.eu\\\/en\\\/#organization\",\"name\":\"Red Gorilla International\",\"url\":\"https:\\\/\\\/redgorilla.eu\\\/en\\\/\",\"logo\":{\"@type\":\"ImageObject\",\"inLanguage\":\"en-US\",\"@id\":\"https:\\\/\\\/redgorilla.eu\\\/en\\\/#\\\/schema\\\/logo\\\/image\\\/\",\"url\":\"https:\\\/\\\/redgorilla.eu\\\/wp-content\\\/uploads\\\/RED-Easy-Does-It-Logo-Outline-No-Background.png\",\"contentUrl\":\"https:\\\/\\\/redgorilla.eu\\\/wp-content\\\/uploads\\\/RED-Easy-Does-It-Logo-Outline-No-Background.png\",\"width\":1800,\"height\":1800,\"caption\":\"Red Gorilla International\"},\"image\":{\"@id\":\"https:\\\/\\\/redgorilla.eu\\\/en\\\/#\\\/schema\\\/logo\\\/image\\\/\"},\"sameAs\":[\"https:\\\/\\\/www.facebook.com\\\/RedGorillaInt\",\"https:\\\/\\\/x.com\\\/RedGorillaInt\",\"https:\\\/\\\/www.tiktok.com\\\/@redgorillaint\"]}]}<\/script>\n<!-- \/ Yoast SEO plugin. -->","yoast_head_json":{"title":"Gorilla Tub\u00ae Mini 5L | Versatile & Durable | Multi-Purpose","description":"Discover the versatility of the Gorilla Tub\u00ae. Ideal for animal feeding, gardening, cleaning, DIY and more. Durable, food-grade, and multi-purpose.","robots":{"index":"index","follow":"follow","max-snippet":"max-snippet:-1","max-image-preview":"max-image-preview:large","max-video-preview":"max-video-preview:-1"},"canonical":"https:\/\/redgorilla.eu\/en\/product\/mini-shallow-gorilla-tub-5l\/","og_locale":"en_US","og_type":"article","og_title":"Gorilla Tub\u00ae Mini 5L | Versatile & Durable | Multi-Purpose","og_description":"Discover the versatility of the Gorilla Tub\u00ae. Ideal for animal feeding, gardening, cleaning, DIY and more. Durable, food-grade, and multi-purpose.","og_url":"https:\/\/redgorilla.eu\/en\/product\/mini-shallow-gorilla-tub-5l\/","og_site_name":"Red Gorilla Europe","article_publisher":"https:\/\/www.facebook.com\/RedGorillaInt","article_modified_time":"2025-11-11T12:55:12+00:00","og_image":[{"width":1800,"height":1800,"url":"https:\/\/redgorilla.eu\/wp-content\/uploads\/gorilla-tub-mini-shallow-5l-223991.jpg","type":"image\/jpeg"}],"twitter_card":"summary_large_image","twitter_site":"@RedGorillaInt","twitter_misc":{"Est. reading time":"2 minutes"},"schema":{"@context":"https:\/\/schema.org","@graph":[{"@type":"WebPage","@id":"https:\/\/redgorilla.eu\/en\/product\/mini-shallow-gorilla-tub-5l\/","url":"https:\/\/redgorilla.eu\/en\/product\/mini-shallow-gorilla-tub-5l\/","name":"Gorilla Tub\u00ae Mini 5L | Versatile & Durable | Multi-Purpose","isPartOf":{"@id":"https:\/\/redgorilla.eu\/en\/#website"},"primaryImageOfPage":{"@id":"https:\/\/redgorilla.eu\/en\/product\/mini-shallow-gorilla-tub-5l\/#primaryimage"},"image":{"@id":"https:\/\/redgorilla.eu\/en\/product\/mini-shallow-gorilla-tub-5l\/#primaryimage"},"thumbnailUrl":"https:\/\/redgorilla.eu\/wp-content\/uploads\/gorilla-tub-mini-shallow-5l-223991.jpg","datePublished":"2024-07-18T02:30:57+00:00","dateModified":"2025-11-11T12:55:12+00:00","description":"Discover the versatility of the Gorilla Tub\u00ae. Ideal for animal feeding, gardening, cleaning, DIY and more. Durable, food-grade, and multi-purpose.","breadcrumb":{"@id":"https:\/\/redgorilla.eu\/en\/product\/mini-shallow-gorilla-tub-5l\/#breadcrumb"},"inLanguage":"en-US","potentialAction":[{"@type":"ReadAction","target":["https:\/\/redgorilla.eu\/en\/product\/mini-shallow-gorilla-tub-5l\/"]}]},{"@type":"ImageObject","inLanguage":"en-US","@id":"https:\/\/redgorilla.eu\/en\/product\/mini-shallow-gorilla-tub-5l\/#primaryimage","url":"https:\/\/redgorilla.eu\/wp-content\/uploads\/gorilla-tub-mini-shallow-5l-223991.jpg","contentUrl":"https:\/\/redgorilla.eu\/wp-content\/uploads\/gorilla-tub-mini-shallow-5l-223991.jpg","width":1800,"height":1800},{"@type":"BreadcrumbList","@id":"https:\/\/redgorilla.eu\/en\/product\/mini-shallow-gorilla-tub-5l\/#breadcrumb","itemListElement":[{"@type":"ListItem","position":1,"name":"Home","item":"https:\/\/redgorilla.eu\/en\/red-gorilla-home\/"},{"@type":"ListItem","position":2,"name":"Tienda","item":"https:\/\/redgorilla.eu\/tienda\/"},{"@type":"ListItem","position":3,"name":"Mini Shallow\u00a0Gorilla Tub\u00ae\u00a05L"}]},{"@type":"WebSite","@id":"https:\/\/redgorilla.eu\/en\/#website","url":"https:\/\/redgorilla.eu\/en\/","name":"Red Gorilla Europe","description":"Fabricantes de productos de pl\u00e1stico para la construcci\u00f3n, jard\u00edn y hogar, agricultura y equitaci\u00f3n.","publisher":{"@id":"https:\/\/redgorilla.eu\/en\/#organization"},"potentialAction":[{"@type":"SearchAction","target":{"@type":"EntryPoint","urlTemplate":"https:\/\/redgorilla.eu\/en\/?s={search_term_string}"},"query-input":{"@type":"PropertyValueSpecification","valueRequired":true,"valueName":"search_term_string"}}],"inLanguage":"en-US"},{"@type":"Organization","@id":"https:\/\/redgorilla.eu\/en\/#organization","name":"Red Gorilla International","url":"https:\/\/redgorilla.eu\/en\/","logo":{"@type":"ImageObject","inLanguage":"en-US","@id":"https:\/\/redgorilla.eu\/en\/#\/schema\/logo\/image\/","url":"https:\/\/redgorilla.eu\/wp-content\/uploads\/RED-Easy-Does-It-Logo-Outline-No-Background.png","contentUrl":"https:\/\/redgorilla.eu\/wp-content\/uploads\/RED-Easy-Does-It-Logo-Outline-No-Background.png","width":1800,"height":1800,"caption":"Red Gorilla International"},"image":{"@id":"https:\/\/redgorilla.eu\/en\/#\/schema\/logo\/image\/"},"sameAs":["https:\/\/www.facebook.com\/RedGorillaInt","https:\/\/x.com\/RedGorillaInt","https:\/\/www.tiktok.com\/@redgorillaint"]}]}},"_links":{"self":[{"href":"https:\/\/redgorilla.eu\/en\/wp-json\/wp\/v2\/product\/10834","targetHints":{"allow":["GET"]}}],"collection":[{"href":"https:\/\/redgorilla.eu\/en\/wp-json\/wp\/v2\/product"}],"about":[{"href":"https:\/\/redgorilla.eu\/en\/wp-json\/wp\/v2\/types\/product"}],"version-history":[{"count":5,"href":"https:\/\/redgorilla.eu\/en\/wp-json\/wp\/v2\/product\/10834\/revisions"}],"predecessor-version":[{"id":12107,"href":"https:\/\/redgorilla.eu\/en\/wp-json\/wp\/v2\/product\/10834\/revisions\/12107"}],"wp:featuredmedia":[{"embeddable":true,"href":"https:\/\/redgorilla.eu\/en\/wp-json\/wp\/v2\/media\/6820"}],"wp:attachment":[{"href":"https:\/\/redgorilla.eu\/en\/wp-json\/wp\/v2\/media?parent=10834"}],"wp:term":[{"taxonomy":"product_brand","embeddable":true,"href":"https:\/\/redgorilla.eu\/en\/wp-json\/wp\/v2\/product_brand?post=10834"},{"taxonomy":"product_cat","embeddable":true,"href":"https:\/\/redgorilla.eu\/en\/wp-json\/wp\/v2\/product_cat?post=10834"},{"taxonomy":"product_tag","embeddable":true,"href":"https:\/\/redgorilla.eu\/en\/wp-json\/wp\/v2\/product_tag?post=10834"},{"taxonomy":"certificaciones","embeddable":true,"href":"https:\/\/redgorilla.eu\/en\/wp-json\/wp\/v2\/certificaciones?post=10834"}],"curies":[{"name":"wp","href":"https:\/\/api.w.org\/{rel}","templated":true}]}}