

{"id":10881,"date":"2024-07-12T12:29:46","date_gmt":"2024-07-12T10:29:46","guid":{"rendered":"https:\/\/redgorilla.eu\/?post_type=product&#038;p=10881"},"modified":"2024-07-16T21:11:28","modified_gmt":"2024-07-16T19:11:28","slug":"medium-tubtop","status":"publish","type":"product","link":"https:\/\/redgorilla.eu\/en\/product\/medium-tubtop\/","title":{"rendered":"Medium Tubtop"},"content":{"rendered":"","protected":false},"excerpt":{"rendered":"<p>The\u00a0Tubtop\u00a0is a transparent, plastic tub cover for your Gorilla Tubs\u00ae. These sturdy lids allow you to\u00a0stack\u00a0your tubs and ensure your stored fruit and veggies are\u00a0covered.\u00a0Our large tub tubs fold back allowing easy access to contents.<\/p>\n","protected":false},"featured_media":7037,"template":"","meta":[],"product_brand":[],"product_cat":[167,163,165],"product_tag":[168],"certificaciones":[218,221,217,226],"class_list":{"0":"post-10881","1":"product","2":"type-product","3":"status-publish","4":"has-post-thumbnail","6":"product_cat-agriculture","7":"product_cat-equine","8":"product_cat-home-garden","9":"product_tag-covers","10":"certificaciones-eu-en","11":"certificaciones-hdpe-en","12":"certificaciones-highly-durable","13":"certificaciones-shock-resistant","15":"first","16":"instock","17":"taxable","18":"shipping-taxable","19":"purchasable","20":"product-type-variable","21":"has-default-attributes"},"yoast_head":"<!-- This site is optimized with the Yoast SEO plugin v27.2 - https:\/\/yoast.com\/product\/yoast-seo-wordpress\/ -->\n<title>Medium Tubtop - Red Gorilla Europe<\/title>\n<meta name=\"robots\" content=\"index, follow, max-snippet:-1, max-image-preview:large, max-video-preview:-1\" \/>\n<link rel=\"canonical\" href=\"https:\/\/redgorilla.eu\/en\/product\/medium-tubtop\/\" \/>\n<meta property=\"og:locale\" content=\"en_US\" \/>\n<meta property=\"og:type\" content=\"article\" \/>\n<meta property=\"og:title\" content=\"Medium Tubtop - Red Gorilla Europe\" \/>\n<meta property=\"og:description\" content=\"The\u00a0Tubtop\u00a0is a transparent, plastic tub cover for your Gorilla Tubs\u00ae. These sturdy lids allow you to\u00a0stack\u00a0your tubs and ensure your stored fruit and veggies are\u00a0covered.\u00a0Our large tub tubs fold back allowing easy access to contents.\" \/>\n<meta property=\"og:url\" content=\"https:\/\/redgorilla.eu\/en\/product\/medium-tubtop\/\" \/>\n<meta property=\"og:site_name\" content=\"Red Gorilla Europe\" \/>\n<meta property=\"article:publisher\" content=\"https:\/\/www.facebook.com\/RedGorillaInt\" \/>\n<meta property=\"article:modified_time\" content=\"2024-07-16T19:11:28+00:00\" \/>\n<meta property=\"og:image\" content=\"https:\/\/redgorilla.eu\/wp-content\/uploads\/tubtop-medium-385653.jpg\" \/>\n\t<meta property=\"og:image:width\" content=\"2048\" \/>\n\t<meta property=\"og:image:height\" content=\"1888\" \/>\n\t<meta property=\"og:image:type\" content=\"image\/jpeg\" \/>\n<meta name=\"twitter:card\" content=\"summary_large_image\" \/>\n<meta name=\"twitter:site\" content=\"@RedGorillaInt\" \/>\n<script type=\"application\/ld+json\" class=\"yoast-schema-graph\">{\"@context\":\"https:\/\/schema.org\",\"@graph\":[{\"@type\":\"WebPage\",\"@id\":\"https:\/\/redgorilla.eu\/en\/product\/medium-tubtop\/\",\"url\":\"https:\/\/redgorilla.eu\/en\/product\/medium-tubtop\/\",\"name\":\"Medium Tubtop - Red Gorilla Europe\",\"isPartOf\":{\"@id\":\"https:\/\/redgorilla.eu\/en\/#website\"},\"primaryImageOfPage\":{\"@id\":\"https:\/\/redgorilla.eu\/en\/product\/medium-tubtop\/#primaryimage\"},\"image\":{\"@id\":\"https:\/\/redgorilla.eu\/en\/product\/medium-tubtop\/#primaryimage\"},\"thumbnailUrl\":\"https:\/\/redgorilla.eu\/wp-content\/uploads\/tubtop-medium-385653.jpg\",\"datePublished\":\"2024-07-12T10:29:46+00:00\",\"dateModified\":\"2024-07-16T19:11:28+00:00\",\"breadcrumb\":{\"@id\":\"https:\/\/redgorilla.eu\/en\/product\/medium-tubtop\/#breadcrumb\"},\"inLanguage\":\"en-US\",\"potentialAction\":[{\"@type\":\"ReadAction\",\"target\":[\"https:\/\/redgorilla.eu\/en\/product\/medium-tubtop\/\"]}]},{\"@type\":\"ImageObject\",\"inLanguage\":\"en-US\",\"@id\":\"https:\/\/redgorilla.eu\/en\/product\/medium-tubtop\/#primaryimage\",\"url\":\"https:\/\/redgorilla.eu\/wp-content\/uploads\/tubtop-medium-385653.jpg\",\"contentUrl\":\"https:\/\/redgorilla.eu\/wp-content\/uploads\/tubtop-medium-385653.jpg\",\"width\":2048,\"height\":1888},{\"@type\":\"BreadcrumbList\",\"@id\":\"https:\/\/redgorilla.eu\/en\/product\/medium-tubtop\/#breadcrumb\",\"itemListElement\":[{\"@type\":\"ListItem\",\"position\":1,\"name\":\"Home\",\"item\":\"https:\/\/redgorilla.eu\/en\/red-gorilla-home\/\"},{\"@type\":\"ListItem\",\"position\":2,\"name\":\"Tienda\",\"item\":\"https:\/\/redgorilla.eu\/tienda\/\"},{\"@type\":\"ListItem\",\"position\":3,\"name\":\"Medium Tubtop\"}]},{\"@type\":\"WebSite\",\"@id\":\"https:\/\/redgorilla.eu\/en\/#website\",\"url\":\"https:\/\/redgorilla.eu\/en\/\",\"name\":\"Red Gorilla Europe\",\"description\":\"Fabricantes de productos de pl\u00e1stico para la construcci\u00f3n, jard\u00edn y hogar, agricultura y equitaci\u00f3n.\",\"publisher\":{\"@id\":\"https:\/\/redgorilla.eu\/en\/#organization\"},\"potentialAction\":[{\"@type\":\"SearchAction\",\"target\":{\"@type\":\"EntryPoint\",\"urlTemplate\":\"https:\/\/redgorilla.eu\/en\/?s={search_term_string}\"},\"query-input\":{\"@type\":\"PropertyValueSpecification\",\"valueRequired\":true,\"valueName\":\"search_term_string\"}}],\"inLanguage\":\"en-US\"},{\"@type\":\"Organization\",\"@id\":\"https:\/\/redgorilla.eu\/en\/#organization\",\"name\":\"Red Gorilla International\",\"url\":\"https:\/\/redgorilla.eu\/en\/\",\"logo\":{\"@type\":\"ImageObject\",\"inLanguage\":\"en-US\",\"@id\":\"https:\/\/redgorilla.eu\/en\/#\/schema\/logo\/image\/\",\"url\":\"https:\/\/redgorilla.eu\/wp-content\/uploads\/RED-Easy-Does-It-Logo-Outline-No-Background.png\",\"contentUrl\":\"https:\/\/redgorilla.eu\/wp-content\/uploads\/RED-Easy-Does-It-Logo-Outline-No-Background.png\",\"width\":1800,\"height\":1800,\"caption\":\"Red Gorilla International\"},\"image\":{\"@id\":\"https:\/\/redgorilla.eu\/en\/#\/schema\/logo\/image\/\"},\"sameAs\":[\"https:\/\/www.facebook.com\/RedGorillaInt\",\"https:\/\/x.com\/RedGorillaInt\",\"https:\/\/www.tiktok.com\/@redgorillaint\"]}]}<\/script>\n<!-- \/ Yoast SEO plugin. -->","yoast_head_json":{"title":"Medium Tubtop - Red Gorilla Europe","robots":{"index":"index","follow":"follow","max-snippet":"max-snippet:-1","max-image-preview":"max-image-preview:large","max-video-preview":"max-video-preview:-1"},"canonical":"https:\/\/redgorilla.eu\/en\/product\/medium-tubtop\/","og_locale":"en_US","og_type":"article","og_title":"Medium Tubtop - Red Gorilla Europe","og_description":"The\u00a0Tubtop\u00a0is a transparent, plastic tub cover for your Gorilla Tubs\u00ae. These sturdy lids allow you to\u00a0stack\u00a0your tubs and ensure your stored fruit and veggies are\u00a0covered.\u00a0Our large tub tubs fold back allowing easy access to contents.","og_url":"https:\/\/redgorilla.eu\/en\/product\/medium-tubtop\/","og_site_name":"Red Gorilla Europe","article_publisher":"https:\/\/www.facebook.com\/RedGorillaInt","article_modified_time":"2024-07-16T19:11:28+00:00","og_image":[{"width":2048,"height":1888,"url":"https:\/\/redgorilla.eu\/wp-content\/uploads\/tubtop-medium-385653.jpg","type":"image\/jpeg"}],"twitter_card":"summary_large_image","twitter_site":"@RedGorillaInt","schema":{"@context":"https:\/\/schema.org","@graph":[{"@type":"WebPage","@id":"https:\/\/redgorilla.eu\/en\/product\/medium-tubtop\/","url":"https:\/\/redgorilla.eu\/en\/product\/medium-tubtop\/","name":"Medium Tubtop - Red Gorilla Europe","isPartOf":{"@id":"https:\/\/redgorilla.eu\/en\/#website"},"primaryImageOfPage":{"@id":"https:\/\/redgorilla.eu\/en\/product\/medium-tubtop\/#primaryimage"},"image":{"@id":"https:\/\/redgorilla.eu\/en\/product\/medium-tubtop\/#primaryimage"},"thumbnailUrl":"https:\/\/redgorilla.eu\/wp-content\/uploads\/tubtop-medium-385653.jpg","datePublished":"2024-07-12T10:29:46+00:00","dateModified":"2024-07-16T19:11:28+00:00","breadcrumb":{"@id":"https:\/\/redgorilla.eu\/en\/product\/medium-tubtop\/#breadcrumb"},"inLanguage":"en-US","potentialAction":[{"@type":"ReadAction","target":["https:\/\/redgorilla.eu\/en\/product\/medium-tubtop\/"]}]},{"@type":"ImageObject","inLanguage":"en-US","@id":"https:\/\/redgorilla.eu\/en\/product\/medium-tubtop\/#primaryimage","url":"https:\/\/redgorilla.eu\/wp-content\/uploads\/tubtop-medium-385653.jpg","contentUrl":"https:\/\/redgorilla.eu\/wp-content\/uploads\/tubtop-medium-385653.jpg","width":2048,"height":1888},{"@type":"BreadcrumbList","@id":"https:\/\/redgorilla.eu\/en\/product\/medium-tubtop\/#breadcrumb","itemListElement":[{"@type":"ListItem","position":1,"name":"Home","item":"https:\/\/redgorilla.eu\/en\/red-gorilla-home\/"},{"@type":"ListItem","position":2,"name":"Tienda","item":"https:\/\/redgorilla.eu\/tienda\/"},{"@type":"ListItem","position":3,"name":"Medium Tubtop"}]},{"@type":"WebSite","@id":"https:\/\/redgorilla.eu\/en\/#website","url":"https:\/\/redgorilla.eu\/en\/","name":"Red Gorilla Europe","description":"Fabricantes de productos de pl\u00e1stico para la construcci\u00f3n, jard\u00edn y hogar, agricultura y equitaci\u00f3n.","publisher":{"@id":"https:\/\/redgorilla.eu\/en\/#organization"},"potentialAction":[{"@type":"SearchAction","target":{"@type":"EntryPoint","urlTemplate":"https:\/\/redgorilla.eu\/en\/?s={search_term_string}"},"query-input":{"@type":"PropertyValueSpecification","valueRequired":true,"valueName":"search_term_string"}}],"inLanguage":"en-US"},{"@type":"Organization","@id":"https:\/\/redgorilla.eu\/en\/#organization","name":"Red Gorilla International","url":"https:\/\/redgorilla.eu\/en\/","logo":{"@type":"ImageObject","inLanguage":"en-US","@id":"https:\/\/redgorilla.eu\/en\/#\/schema\/logo\/image\/","url":"https:\/\/redgorilla.eu\/wp-content\/uploads\/RED-Easy-Does-It-Logo-Outline-No-Background.png","contentUrl":"https:\/\/redgorilla.eu\/wp-content\/uploads\/RED-Easy-Does-It-Logo-Outline-No-Background.png","width":1800,"height":1800,"caption":"Red Gorilla International"},"image":{"@id":"https:\/\/redgorilla.eu\/en\/#\/schema\/logo\/image\/"},"sameAs":["https:\/\/www.facebook.com\/RedGorillaInt","https:\/\/x.com\/RedGorillaInt","https:\/\/www.tiktok.com\/@redgorillaint"]}]}},"_links":{"self":[{"href":"https:\/\/redgorilla.eu\/en\/wp-json\/wp\/v2\/product\/10881","targetHints":{"allow":["GET"]}}],"collection":[{"href":"https:\/\/redgorilla.eu\/en\/wp-json\/wp\/v2\/product"}],"about":[{"href":"https:\/\/redgorilla.eu\/en\/wp-json\/wp\/v2\/types\/product"}],"version-history":[{"count":1,"href":"https:\/\/redgorilla.eu\/en\/wp-json\/wp\/v2\/product\/10881\/revisions"}],"predecessor-version":[{"id":10883,"href":"https:\/\/redgorilla.eu\/en\/wp-json\/wp\/v2\/product\/10881\/revisions\/10883"}],"wp:featuredmedia":[{"embeddable":true,"href":"https:\/\/redgorilla.eu\/en\/wp-json\/wp\/v2\/media\/7037"}],"wp:attachment":[{"href":"https:\/\/redgorilla.eu\/en\/wp-json\/wp\/v2\/media?parent=10881"}],"wp:term":[{"taxonomy":"product_brand","embeddable":true,"href":"https:\/\/redgorilla.eu\/en\/wp-json\/wp\/v2\/product_brand?post=10881"},{"taxonomy":"product_cat","embeddable":true,"href":"https:\/\/redgorilla.eu\/en\/wp-json\/wp\/v2\/product_cat?post=10881"},{"taxonomy":"product_tag","embeddable":true,"href":"https:\/\/redgorilla.eu\/en\/wp-json\/wp\/v2\/product_tag?post=10881"},{"taxonomy":"certificaciones","embeddable":true,"href":"https:\/\/redgorilla.eu\/en\/wp-json\/wp\/v2\/certificaciones?post=10881"}],"curies":[{"name":"wp","href":"https:\/\/api.w.org\/{rel}","templated":true}]}}