

{"id":10921,"date":"2024-07-12T21:22:03","date_gmt":"2024-07-12T19:22:03","guid":{"rendered":"https:\/\/redgorilla.eu\/?post_type=product&#038;p=10921"},"modified":"2024-07-16T21:29:34","modified_gmt":"2024-07-16T19:29:34","slug":"curry-comb","status":"publish","type":"product","link":"https:\/\/redgorilla.eu\/en\/product\/curry-comb\/","title":{"rendered":"Curry Comb"},"content":{"rendered":"","protected":false},"excerpt":{"rendered":"<p>The two-tone\u00a0Curry Comb by Red Gorilla\u00ae is made from Polypropylene and rubber,\u00a0 designed to help remove excess hair and loosen matted dirt for grooming. Perfect for an extra deep scrub when cleaning your horse. The Curry Comb features a handy strap where you can easily place your hand for more access and better control over your strokes.<\/p>\n","protected":false},"featured_media":6868,"template":"","meta":[],"product_brand":[],"product_cat":[163],"product_tag":[184],"certificaciones":[219,218,221,217,222,226],"class_list":{"0":"post-10921","1":"product","2":"type-product","3":"status-publish","4":"has-post-thumbnail","6":"product_cat-equine","7":"product_tag-maintenance","8":"certificaciones-easy-cleaning","9":"certificaciones-eu-en","10":"certificaciones-hdpe-en","11":"certificaciones-highly-durable","12":"certificaciones-light-as-a-feather","13":"certificaciones-shock-resistant","15":"first","16":"instock","17":"taxable","18":"shipping-taxable","19":"purchasable","20":"product-type-variable","21":"has-default-attributes"},"yoast_head":"<!-- This site is optimized with the Yoast SEO plugin v27.5 - https:\/\/yoast.com\/product\/yoast-seo-wordpress\/ -->\n<title>Curry Comb - Red Gorilla Europe<\/title>\n<meta name=\"robots\" content=\"index, follow, max-snippet:-1, max-image-preview:large, max-video-preview:-1\" \/>\n<link rel=\"canonical\" href=\"https:\/\/redgorilla.eu\/en\/product\/curry-comb\/\" \/>\n<meta property=\"og:locale\" content=\"en_US\" \/>\n<meta property=\"og:type\" content=\"article\" \/>\n<meta property=\"og:title\" content=\"Curry Comb - Red Gorilla Europe\" \/>\n<meta property=\"og:description\" content=\"The two-tone\u00a0Curry Comb by Red Gorilla\u00ae is made from Polypropylene and rubber,\u00a0 designed to help remove excess hair and loosen matted dirt for grooming. Perfect for an extra deep scrub when cleaning your horse. The Curry Comb features a handy strap where you can easily place your hand for more access and better control over your strokes.\" \/>\n<meta property=\"og:url\" content=\"https:\/\/redgorilla.eu\/en\/product\/curry-comb\/\" \/>\n<meta property=\"og:site_name\" content=\"Red Gorilla Europe\" \/>\n<meta property=\"article:publisher\" content=\"https:\/\/www.facebook.com\/RedGorillaInt\" \/>\n<meta property=\"article:modified_time\" content=\"2024-07-16T19:29:34+00:00\" \/>\n<meta property=\"og:image\" content=\"https:\/\/redgorilla.eu\/wp-content\/uploads\/red-gorilla-curry-comb-464119.jpg\" \/>\n\t<meta property=\"og:image:width\" content=\"560\" \/>\n\t<meta property=\"og:image:height\" content=\"640\" \/>\n\t<meta property=\"og:image:type\" content=\"image\/jpeg\" \/>\n<meta name=\"twitter:card\" content=\"summary_large_image\" \/>\n<meta name=\"twitter:site\" content=\"@RedGorillaInt\" \/>\n<script type=\"application\/ld+json\" class=\"yoast-schema-graph\">{\"@context\":\"https:\\\/\\\/schema.org\",\"@graph\":[{\"@type\":\"WebPage\",\"@id\":\"https:\\\/\\\/redgorilla.eu\\\/en\\\/product\\\/curry-comb\\\/\",\"url\":\"https:\\\/\\\/redgorilla.eu\\\/en\\\/product\\\/curry-comb\\\/\",\"name\":\"Curry Comb - Red Gorilla Europe\",\"isPartOf\":{\"@id\":\"https:\\\/\\\/redgorilla.eu\\\/en\\\/#website\"},\"primaryImageOfPage\":{\"@id\":\"https:\\\/\\\/redgorilla.eu\\\/en\\\/product\\\/curry-comb\\\/#primaryimage\"},\"image\":{\"@id\":\"https:\\\/\\\/redgorilla.eu\\\/en\\\/product\\\/curry-comb\\\/#primaryimage\"},\"thumbnailUrl\":\"https:\\\/\\\/redgorilla.eu\\\/wp-content\\\/uploads\\\/red-gorilla-curry-comb-464119.jpg\",\"datePublished\":\"2024-07-12T19:22:03+00:00\",\"dateModified\":\"2024-07-16T19:29:34+00:00\",\"breadcrumb\":{\"@id\":\"https:\\\/\\\/redgorilla.eu\\\/en\\\/product\\\/curry-comb\\\/#breadcrumb\"},\"inLanguage\":\"en-US\",\"potentialAction\":[{\"@type\":\"ReadAction\",\"target\":[\"https:\\\/\\\/redgorilla.eu\\\/en\\\/product\\\/curry-comb\\\/\"]}]},{\"@type\":\"ImageObject\",\"inLanguage\":\"en-US\",\"@id\":\"https:\\\/\\\/redgorilla.eu\\\/en\\\/product\\\/curry-comb\\\/#primaryimage\",\"url\":\"https:\\\/\\\/redgorilla.eu\\\/wp-content\\\/uploads\\\/red-gorilla-curry-comb-464119.jpg\",\"contentUrl\":\"https:\\\/\\\/redgorilla.eu\\\/wp-content\\\/uploads\\\/red-gorilla-curry-comb-464119.jpg\",\"width\":560,\"height\":640},{\"@type\":\"BreadcrumbList\",\"@id\":\"https:\\\/\\\/redgorilla.eu\\\/en\\\/product\\\/curry-comb\\\/#breadcrumb\",\"itemListElement\":[{\"@type\":\"ListItem\",\"position\":1,\"name\":\"Home\",\"item\":\"https:\\\/\\\/redgorilla.eu\\\/en\\\/red-gorilla-home\\\/\"},{\"@type\":\"ListItem\",\"position\":2,\"name\":\"Tienda\",\"item\":\"https:\\\/\\\/redgorilla.eu\\\/tienda\\\/\"},{\"@type\":\"ListItem\",\"position\":3,\"name\":\"Curry Comb\"}]},{\"@type\":\"WebSite\",\"@id\":\"https:\\\/\\\/redgorilla.eu\\\/en\\\/#website\",\"url\":\"https:\\\/\\\/redgorilla.eu\\\/en\\\/\",\"name\":\"Red Gorilla Europe\",\"description\":\"Fabricantes de productos de pl\u00e1stico para la construcci\u00f3n, jard\u00edn y hogar, agricultura y equitaci\u00f3n.\",\"publisher\":{\"@id\":\"https:\\\/\\\/redgorilla.eu\\\/en\\\/#organization\"},\"potentialAction\":[{\"@type\":\"SearchAction\",\"target\":{\"@type\":\"EntryPoint\",\"urlTemplate\":\"https:\\\/\\\/redgorilla.eu\\\/en\\\/?s={search_term_string}\"},\"query-input\":{\"@type\":\"PropertyValueSpecification\",\"valueRequired\":true,\"valueName\":\"search_term_string\"}}],\"inLanguage\":\"en-US\"},{\"@type\":\"Organization\",\"@id\":\"https:\\\/\\\/redgorilla.eu\\\/en\\\/#organization\",\"name\":\"Red Gorilla International\",\"url\":\"https:\\\/\\\/redgorilla.eu\\\/en\\\/\",\"logo\":{\"@type\":\"ImageObject\",\"inLanguage\":\"en-US\",\"@id\":\"https:\\\/\\\/redgorilla.eu\\\/en\\\/#\\\/schema\\\/logo\\\/image\\\/\",\"url\":\"https:\\\/\\\/redgorilla.eu\\\/wp-content\\\/uploads\\\/RED-Easy-Does-It-Logo-Outline-No-Background.png\",\"contentUrl\":\"https:\\\/\\\/redgorilla.eu\\\/wp-content\\\/uploads\\\/RED-Easy-Does-It-Logo-Outline-No-Background.png\",\"width\":1800,\"height\":1800,\"caption\":\"Red Gorilla International\"},\"image\":{\"@id\":\"https:\\\/\\\/redgorilla.eu\\\/en\\\/#\\\/schema\\\/logo\\\/image\\\/\"},\"sameAs\":[\"https:\\\/\\\/www.facebook.com\\\/RedGorillaInt\",\"https:\\\/\\\/x.com\\\/RedGorillaInt\",\"https:\\\/\\\/www.tiktok.com\\\/@redgorillaint\"]}]}<\/script>\n<!-- \/ Yoast SEO plugin. -->","yoast_head_json":{"title":"Curry Comb - Red Gorilla Europe","robots":{"index":"index","follow":"follow","max-snippet":"max-snippet:-1","max-image-preview":"max-image-preview:large","max-video-preview":"max-video-preview:-1"},"canonical":"https:\/\/redgorilla.eu\/en\/product\/curry-comb\/","og_locale":"en_US","og_type":"article","og_title":"Curry Comb - Red Gorilla Europe","og_description":"The two-tone\u00a0Curry Comb by Red Gorilla\u00ae is made from Polypropylene and rubber,\u00a0 designed to help remove excess hair and loosen matted dirt for grooming. Perfect for an extra deep scrub when cleaning your horse. The Curry Comb features a handy strap where you can easily place your hand for more access and better control over your strokes.","og_url":"https:\/\/redgorilla.eu\/en\/product\/curry-comb\/","og_site_name":"Red Gorilla Europe","article_publisher":"https:\/\/www.facebook.com\/RedGorillaInt","article_modified_time":"2024-07-16T19:29:34+00:00","og_image":[{"width":560,"height":640,"url":"https:\/\/redgorilla.eu\/wp-content\/uploads\/red-gorilla-curry-comb-464119.jpg","type":"image\/jpeg"}],"twitter_card":"summary_large_image","twitter_site":"@RedGorillaInt","schema":{"@context":"https:\/\/schema.org","@graph":[{"@type":"WebPage","@id":"https:\/\/redgorilla.eu\/en\/product\/curry-comb\/","url":"https:\/\/redgorilla.eu\/en\/product\/curry-comb\/","name":"Curry Comb - Red Gorilla Europe","isPartOf":{"@id":"https:\/\/redgorilla.eu\/en\/#website"},"primaryImageOfPage":{"@id":"https:\/\/redgorilla.eu\/en\/product\/curry-comb\/#primaryimage"},"image":{"@id":"https:\/\/redgorilla.eu\/en\/product\/curry-comb\/#primaryimage"},"thumbnailUrl":"https:\/\/redgorilla.eu\/wp-content\/uploads\/red-gorilla-curry-comb-464119.jpg","datePublished":"2024-07-12T19:22:03+00:00","dateModified":"2024-07-16T19:29:34+00:00","breadcrumb":{"@id":"https:\/\/redgorilla.eu\/en\/product\/curry-comb\/#breadcrumb"},"inLanguage":"en-US","potentialAction":[{"@type":"ReadAction","target":["https:\/\/redgorilla.eu\/en\/product\/curry-comb\/"]}]},{"@type":"ImageObject","inLanguage":"en-US","@id":"https:\/\/redgorilla.eu\/en\/product\/curry-comb\/#primaryimage","url":"https:\/\/redgorilla.eu\/wp-content\/uploads\/red-gorilla-curry-comb-464119.jpg","contentUrl":"https:\/\/redgorilla.eu\/wp-content\/uploads\/red-gorilla-curry-comb-464119.jpg","width":560,"height":640},{"@type":"BreadcrumbList","@id":"https:\/\/redgorilla.eu\/en\/product\/curry-comb\/#breadcrumb","itemListElement":[{"@type":"ListItem","position":1,"name":"Home","item":"https:\/\/redgorilla.eu\/en\/red-gorilla-home\/"},{"@type":"ListItem","position":2,"name":"Tienda","item":"https:\/\/redgorilla.eu\/tienda\/"},{"@type":"ListItem","position":3,"name":"Curry Comb"}]},{"@type":"WebSite","@id":"https:\/\/redgorilla.eu\/en\/#website","url":"https:\/\/redgorilla.eu\/en\/","name":"Red Gorilla Europe","description":"Fabricantes de productos de pl\u00e1stico para la construcci\u00f3n, jard\u00edn y hogar, agricultura y equitaci\u00f3n.","publisher":{"@id":"https:\/\/redgorilla.eu\/en\/#organization"},"potentialAction":[{"@type":"SearchAction","target":{"@type":"EntryPoint","urlTemplate":"https:\/\/redgorilla.eu\/en\/?s={search_term_string}"},"query-input":{"@type":"PropertyValueSpecification","valueRequired":true,"valueName":"search_term_string"}}],"inLanguage":"en-US"},{"@type":"Organization","@id":"https:\/\/redgorilla.eu\/en\/#organization","name":"Red Gorilla International","url":"https:\/\/redgorilla.eu\/en\/","logo":{"@type":"ImageObject","inLanguage":"en-US","@id":"https:\/\/redgorilla.eu\/en\/#\/schema\/logo\/image\/","url":"https:\/\/redgorilla.eu\/wp-content\/uploads\/RED-Easy-Does-It-Logo-Outline-No-Background.png","contentUrl":"https:\/\/redgorilla.eu\/wp-content\/uploads\/RED-Easy-Does-It-Logo-Outline-No-Background.png","width":1800,"height":1800,"caption":"Red Gorilla International"},"image":{"@id":"https:\/\/redgorilla.eu\/en\/#\/schema\/logo\/image\/"},"sameAs":["https:\/\/www.facebook.com\/RedGorillaInt","https:\/\/x.com\/RedGorillaInt","https:\/\/www.tiktok.com\/@redgorillaint"]}]}},"_links":{"self":[{"href":"https:\/\/redgorilla.eu\/en\/wp-json\/wp\/v2\/product\/10921","targetHints":{"allow":["GET"]}}],"collection":[{"href":"https:\/\/redgorilla.eu\/en\/wp-json\/wp\/v2\/product"}],"about":[{"href":"https:\/\/redgorilla.eu\/en\/wp-json\/wp\/v2\/types\/product"}],"version-history":[{"count":1,"href":"https:\/\/redgorilla.eu\/en\/wp-json\/wp\/v2\/product\/10921\/revisions"}],"predecessor-version":[{"id":10923,"href":"https:\/\/redgorilla.eu\/en\/wp-json\/wp\/v2\/product\/10921\/revisions\/10923"}],"wp:featuredmedia":[{"embeddable":true,"href":"https:\/\/redgorilla.eu\/en\/wp-json\/wp\/v2\/media\/6868"}],"wp:attachment":[{"href":"https:\/\/redgorilla.eu\/en\/wp-json\/wp\/v2\/media?parent=10921"}],"wp:term":[{"taxonomy":"product_brand","embeddable":true,"href":"https:\/\/redgorilla.eu\/en\/wp-json\/wp\/v2\/product_brand?post=10921"},{"taxonomy":"product_cat","embeddable":true,"href":"https:\/\/redgorilla.eu\/en\/wp-json\/wp\/v2\/product_cat?post=10921"},{"taxonomy":"product_tag","embeddable":true,"href":"https:\/\/redgorilla.eu\/en\/wp-json\/wp\/v2\/product_tag?post=10921"},{"taxonomy":"certificaciones","embeddable":true,"href":"https:\/\/redgorilla.eu\/en\/wp-json\/wp\/v2\/certificaciones?post=10921"}],"curies":[{"name":"wp","href":"https:\/\/api.w.org\/{rel}","templated":true}]}}