

{"id":10967,"date":"2024-07-15T17:23:00","date_gmt":"2024-07-15T15:23:00","guid":{"rendered":"https:\/\/redgorilla.eu\/?post_type=product&#038;p=10967"},"modified":"2024-07-16T21:42:58","modified_gmt":"2024-07-16T19:42:58","slug":"gorilla-plas-feed","status":"publish","type":"product","link":"https:\/\/redgorilla.eu\/en\/product\/gorilla-plas-feed\/","title":{"rendered":"Gorilla Plas Feed"},"content":{"rendered":"<p>The Gorilla Plas\u00ae B4 Shallow Bucket is a reimagined version of our traditional tyre-rubber alternative. A superior performance feed and all-purpose bucket, it\u2019s lighter than rubber, easier to clean, and made from a revolutionary polymer material that\u2019s better for the environment.<br \/>\nFor over 4 decades Red Gorilla\u00ae has been the front runner in the supply of tyre-rubber tubs, buckets, managers and skips. This latest Gorilla Plas\u00ae B4 Shallow Bucket is ideal for feeding animals, but equally useful as a lightweight, general-purpose bucket.<br \/>\nManufactured from a super-strong, recycled polymer that we call Gorilla Plas\u00ae, it\u2019s as tough and hard wearing as our traditional tyre-rubber feed buckets, but easier to clean, maintain and much lighter to manage.<br \/>\nExclusively designed by Red Gorilla\u00ae, the Gorilla Plas\u00ae B4 Shallow Bucket is made from 100% recycled materials so is much better for the environment. It\u2019s also weather resistant, non-absorbent and can be thoroughly cleaned, ensuring that feedstuffs and water don\u2019t get contaminated putting livestock and animals in danger of ill-heath or infection.<br \/>\nWith an overall capacity of 10L\/2gal, and designed to pour from either side, the new B4 Shallow Bucket makes light work of shifting and baling out feed, water, and carrying just about anything else! Along with its clever, ergonomic design, the B4 is the perfect solution for both personal and professional use around the yard, stable or enclosure.<br \/>\nAs with other branded Gorilla Plas\u00ae designs, products are created with our customers in mind. Features include ribbed, flexible sides for maximum strength and stability, reinforced handles for a sturdy, sure grip and an easy clean surface that is 100% non-absorbent.<br \/>\nAlways look out for the Red Gorilla\u00ae logo embossed on our Gorilla Plas\u00ae products. It\u2019s a visible sign of quality, strength and performance.<br \/>\nThe Gorilla Plas\u00ae S1 Small Skip is currently available in multiple vibrant colours and black, so there\u2019s plenty of choice.<\/p>\n","protected":false},"excerpt":{"rendered":"<p>Made from our revolutionary new recycled polymer,\u00a0Gorilla Plas\u00ae, our new B4 Shallow Bucket is tougher, stronger and easier to clean and maintain than ever before while also being completely food\/feed safe. Made exclusively in the UK for Red Gorilla, this B4 is the new industry leader for feed buckets, with all the classic features of our B4 rubber bucket, but more usable and hardwearing by far. With a capacity of 10L\/2gal. and designed to pour from either side, the new Shallow Bucket makes light work of shifting and bailing out feed, water, and just about anything else you care to carry in it.<\/p>\n","protected":false},"featured_media":9623,"template":"","meta":[],"product_brand":[],"product_cat":[167,185,163,192,165],"product_tag":[186],"certificaciones":[219,218,221,217,222,225,226,227],"class_list":{"0":"post-10967","1":"product","2":"type-product","3":"status-publish","4":"has-post-thumbnail","6":"product_cat-agriculture","7":"product_cat-building","8":"product_cat-equine","9":"product_cat-gorilla-plas","10":"product_cat-home-garden","11":"product_tag-buckets","12":"certificaciones-easy-cleaning","13":"certificaciones-eu-en","14":"certificaciones-hdpe-en","15":"certificaciones-highly-durable","16":"certificaciones-light-as-a-feather","17":"certificaciones-resistant-down-to-60oc","18":"certificaciones-shock-resistant","19":"certificaciones-uv-resistant","21":"first","22":"instock","23":"taxable","24":"shipping-taxable","25":"purchasable","26":"product-type-variable","27":"has-default-attributes"},"yoast_head":"<!-- This site is optimized with the Yoast SEO plugin v27.5 - https:\/\/yoast.com\/product\/yoast-seo-wordpress\/ -->\n<title>Gorilla Plas Feed - Red Gorilla Europe<\/title>\n<meta name=\"robots\" content=\"index, follow, max-snippet:-1, max-image-preview:large, max-video-preview:-1\" \/>\n<link rel=\"canonical\" href=\"https:\/\/redgorilla.eu\/en\/product\/gorilla-plas-feed\/\" \/>\n<meta property=\"og:locale\" content=\"en_US\" \/>\n<meta property=\"og:type\" content=\"article\" \/>\n<meta property=\"og:title\" content=\"Gorilla Plas Feed - Red Gorilla Europe\" \/>\n<meta property=\"og:description\" content=\"Made from our revolutionary new recycled polymer,\u00a0Gorilla Plas\u00ae, our new B4 Shallow Bucket is tougher, stronger and easier to clean and maintain than ever before while also being completely food\/feed safe. Made exclusively in the UK for Red Gorilla, this B4 is the new industry leader for feed buckets, with all the classic features of our B4 rubber bucket, but more usable and hardwearing by far. With a capacity of 10L\/2gal. and designed to pour from either side, the new Shallow Bucket makes light work of shifting and bailing out feed, water, and just about anything else you care to carry in it.\" \/>\n<meta property=\"og:url\" content=\"https:\/\/redgorilla.eu\/en\/product\/gorilla-plas-feed\/\" \/>\n<meta property=\"og:site_name\" content=\"Red Gorilla Europe\" \/>\n<meta property=\"article:publisher\" content=\"https:\/\/www.facebook.com\/RedGorillaInt\" \/>\n<meta property=\"article:modified_time\" content=\"2024-07-16T19:42:58+00:00\" \/>\n<meta property=\"og:image\" content=\"https:\/\/redgorilla.eu\/wp-content\/uploads\/gorilla-plas-b4-shallow-bucket-10l-364691_610x610_crop_center-1.webp\" \/>\n\t<meta property=\"og:image:width\" content=\"610\" \/>\n\t<meta property=\"og:image:height\" content=\"610\" \/>\n\t<meta property=\"og:image:type\" content=\"image\/webp\" \/>\n<meta name=\"twitter:card\" content=\"summary_large_image\" \/>\n<meta name=\"twitter:site\" content=\"@RedGorillaInt\" \/>\n<meta name=\"twitter:label1\" content=\"Est. reading time\" \/>\n\t<meta name=\"twitter:data1\" content=\"2 minutes\" \/>\n<script type=\"application\/ld+json\" class=\"yoast-schema-graph\">{\"@context\":\"https:\\\/\\\/schema.org\",\"@graph\":[{\"@type\":\"WebPage\",\"@id\":\"https:\\\/\\\/redgorilla.eu\\\/en\\\/product\\\/gorilla-plas-feed\\\/\",\"url\":\"https:\\\/\\\/redgorilla.eu\\\/en\\\/product\\\/gorilla-plas-feed\\\/\",\"name\":\"Gorilla Plas Feed - Red Gorilla Europe\",\"isPartOf\":{\"@id\":\"https:\\\/\\\/redgorilla.eu\\\/en\\\/#website\"},\"primaryImageOfPage\":{\"@id\":\"https:\\\/\\\/redgorilla.eu\\\/en\\\/product\\\/gorilla-plas-feed\\\/#primaryimage\"},\"image\":{\"@id\":\"https:\\\/\\\/redgorilla.eu\\\/en\\\/product\\\/gorilla-plas-feed\\\/#primaryimage\"},\"thumbnailUrl\":\"https:\\\/\\\/redgorilla.eu\\\/wp-content\\\/uploads\\\/gorilla-plas-b4-shallow-bucket-10l-364691_610x610_crop_center-1.webp\",\"datePublished\":\"2024-07-15T15:23:00+00:00\",\"dateModified\":\"2024-07-16T19:42:58+00:00\",\"breadcrumb\":{\"@id\":\"https:\\\/\\\/redgorilla.eu\\\/en\\\/product\\\/gorilla-plas-feed\\\/#breadcrumb\"},\"inLanguage\":\"en-US\",\"potentialAction\":[{\"@type\":\"ReadAction\",\"target\":[\"https:\\\/\\\/redgorilla.eu\\\/en\\\/product\\\/gorilla-plas-feed\\\/\"]}]},{\"@type\":\"ImageObject\",\"inLanguage\":\"en-US\",\"@id\":\"https:\\\/\\\/redgorilla.eu\\\/en\\\/product\\\/gorilla-plas-feed\\\/#primaryimage\",\"url\":\"https:\\\/\\\/redgorilla.eu\\\/wp-content\\\/uploads\\\/gorilla-plas-b4-shallow-bucket-10l-364691_610x610_crop_center-1.webp\",\"contentUrl\":\"https:\\\/\\\/redgorilla.eu\\\/wp-content\\\/uploads\\\/gorilla-plas-b4-shallow-bucket-10l-364691_610x610_crop_center-1.webp\",\"width\":610,\"height\":610},{\"@type\":\"BreadcrumbList\",\"@id\":\"https:\\\/\\\/redgorilla.eu\\\/en\\\/product\\\/gorilla-plas-feed\\\/#breadcrumb\",\"itemListElement\":[{\"@type\":\"ListItem\",\"position\":1,\"name\":\"Home\",\"item\":\"https:\\\/\\\/redgorilla.eu\\\/en\\\/red-gorilla-home\\\/\"},{\"@type\":\"ListItem\",\"position\":2,\"name\":\"Tienda\",\"item\":\"https:\\\/\\\/redgorilla.eu\\\/tienda\\\/\"},{\"@type\":\"ListItem\",\"position\":3,\"name\":\"Gorilla Plas Feed\"}]},{\"@type\":\"WebSite\",\"@id\":\"https:\\\/\\\/redgorilla.eu\\\/en\\\/#website\",\"url\":\"https:\\\/\\\/redgorilla.eu\\\/en\\\/\",\"name\":\"Red Gorilla Europe\",\"description\":\"Fabricantes de productos de pl\u00e1stico para la construcci\u00f3n, jard\u00edn y hogar, agricultura y equitaci\u00f3n.\",\"publisher\":{\"@id\":\"https:\\\/\\\/redgorilla.eu\\\/en\\\/#organization\"},\"potentialAction\":[{\"@type\":\"SearchAction\",\"target\":{\"@type\":\"EntryPoint\",\"urlTemplate\":\"https:\\\/\\\/redgorilla.eu\\\/en\\\/?s={search_term_string}\"},\"query-input\":{\"@type\":\"PropertyValueSpecification\",\"valueRequired\":true,\"valueName\":\"search_term_string\"}}],\"inLanguage\":\"en-US\"},{\"@type\":\"Organization\",\"@id\":\"https:\\\/\\\/redgorilla.eu\\\/en\\\/#organization\",\"name\":\"Red Gorilla International\",\"url\":\"https:\\\/\\\/redgorilla.eu\\\/en\\\/\",\"logo\":{\"@type\":\"ImageObject\",\"inLanguage\":\"en-US\",\"@id\":\"https:\\\/\\\/redgorilla.eu\\\/en\\\/#\\\/schema\\\/logo\\\/image\\\/\",\"url\":\"https:\\\/\\\/redgorilla.eu\\\/wp-content\\\/uploads\\\/RED-Easy-Does-It-Logo-Outline-No-Background.png\",\"contentUrl\":\"https:\\\/\\\/redgorilla.eu\\\/wp-content\\\/uploads\\\/RED-Easy-Does-It-Logo-Outline-No-Background.png\",\"width\":1800,\"height\":1800,\"caption\":\"Red Gorilla International\"},\"image\":{\"@id\":\"https:\\\/\\\/redgorilla.eu\\\/en\\\/#\\\/schema\\\/logo\\\/image\\\/\"},\"sameAs\":[\"https:\\\/\\\/www.facebook.com\\\/RedGorillaInt\",\"https:\\\/\\\/x.com\\\/RedGorillaInt\",\"https:\\\/\\\/www.tiktok.com\\\/@redgorillaint\"]}]}<\/script>\n<!-- \/ Yoast SEO plugin. -->","yoast_head_json":{"title":"Gorilla Plas Feed - Red Gorilla Europe","robots":{"index":"index","follow":"follow","max-snippet":"max-snippet:-1","max-image-preview":"max-image-preview:large","max-video-preview":"max-video-preview:-1"},"canonical":"https:\/\/redgorilla.eu\/en\/product\/gorilla-plas-feed\/","og_locale":"en_US","og_type":"article","og_title":"Gorilla Plas Feed - Red Gorilla Europe","og_description":"Made from our revolutionary new recycled polymer,\u00a0Gorilla Plas\u00ae, our new B4 Shallow Bucket is tougher, stronger and easier to clean and maintain than ever before while also being completely food\/feed safe. Made exclusively in the UK for Red Gorilla, this B4 is the new industry leader for feed buckets, with all the classic features of our B4 rubber bucket, but more usable and hardwearing by far. With a capacity of 10L\/2gal. and designed to pour from either side, the new Shallow Bucket makes light work of shifting and bailing out feed, water, and just about anything else you care to carry in it.","og_url":"https:\/\/redgorilla.eu\/en\/product\/gorilla-plas-feed\/","og_site_name":"Red Gorilla Europe","article_publisher":"https:\/\/www.facebook.com\/RedGorillaInt","article_modified_time":"2024-07-16T19:42:58+00:00","og_image":[{"width":610,"height":610,"url":"https:\/\/redgorilla.eu\/wp-content\/uploads\/gorilla-plas-b4-shallow-bucket-10l-364691_610x610_crop_center-1.webp","type":"image\/webp"}],"twitter_card":"summary_large_image","twitter_site":"@RedGorillaInt","twitter_misc":{"Est. reading time":"2 minutes"},"schema":{"@context":"https:\/\/schema.org","@graph":[{"@type":"WebPage","@id":"https:\/\/redgorilla.eu\/en\/product\/gorilla-plas-feed\/","url":"https:\/\/redgorilla.eu\/en\/product\/gorilla-plas-feed\/","name":"Gorilla Plas Feed - Red Gorilla Europe","isPartOf":{"@id":"https:\/\/redgorilla.eu\/en\/#website"},"primaryImageOfPage":{"@id":"https:\/\/redgorilla.eu\/en\/product\/gorilla-plas-feed\/#primaryimage"},"image":{"@id":"https:\/\/redgorilla.eu\/en\/product\/gorilla-plas-feed\/#primaryimage"},"thumbnailUrl":"https:\/\/redgorilla.eu\/wp-content\/uploads\/gorilla-plas-b4-shallow-bucket-10l-364691_610x610_crop_center-1.webp","datePublished":"2024-07-15T15:23:00+00:00","dateModified":"2024-07-16T19:42:58+00:00","breadcrumb":{"@id":"https:\/\/redgorilla.eu\/en\/product\/gorilla-plas-feed\/#breadcrumb"},"inLanguage":"en-US","potentialAction":[{"@type":"ReadAction","target":["https:\/\/redgorilla.eu\/en\/product\/gorilla-plas-feed\/"]}]},{"@type":"ImageObject","inLanguage":"en-US","@id":"https:\/\/redgorilla.eu\/en\/product\/gorilla-plas-feed\/#primaryimage","url":"https:\/\/redgorilla.eu\/wp-content\/uploads\/gorilla-plas-b4-shallow-bucket-10l-364691_610x610_crop_center-1.webp","contentUrl":"https:\/\/redgorilla.eu\/wp-content\/uploads\/gorilla-plas-b4-shallow-bucket-10l-364691_610x610_crop_center-1.webp","width":610,"height":610},{"@type":"BreadcrumbList","@id":"https:\/\/redgorilla.eu\/en\/product\/gorilla-plas-feed\/#breadcrumb","itemListElement":[{"@type":"ListItem","position":1,"name":"Home","item":"https:\/\/redgorilla.eu\/en\/red-gorilla-home\/"},{"@type":"ListItem","position":2,"name":"Tienda","item":"https:\/\/redgorilla.eu\/tienda\/"},{"@type":"ListItem","position":3,"name":"Gorilla Plas Feed"}]},{"@type":"WebSite","@id":"https:\/\/redgorilla.eu\/en\/#website","url":"https:\/\/redgorilla.eu\/en\/","name":"Red Gorilla Europe","description":"Fabricantes de productos de pl\u00e1stico para la construcci\u00f3n, jard\u00edn y hogar, agricultura y equitaci\u00f3n.","publisher":{"@id":"https:\/\/redgorilla.eu\/en\/#organization"},"potentialAction":[{"@type":"SearchAction","target":{"@type":"EntryPoint","urlTemplate":"https:\/\/redgorilla.eu\/en\/?s={search_term_string}"},"query-input":{"@type":"PropertyValueSpecification","valueRequired":true,"valueName":"search_term_string"}}],"inLanguage":"en-US"},{"@type":"Organization","@id":"https:\/\/redgorilla.eu\/en\/#organization","name":"Red Gorilla International","url":"https:\/\/redgorilla.eu\/en\/","logo":{"@type":"ImageObject","inLanguage":"en-US","@id":"https:\/\/redgorilla.eu\/en\/#\/schema\/logo\/image\/","url":"https:\/\/redgorilla.eu\/wp-content\/uploads\/RED-Easy-Does-It-Logo-Outline-No-Background.png","contentUrl":"https:\/\/redgorilla.eu\/wp-content\/uploads\/RED-Easy-Does-It-Logo-Outline-No-Background.png","width":1800,"height":1800,"caption":"Red Gorilla International"},"image":{"@id":"https:\/\/redgorilla.eu\/en\/#\/schema\/logo\/image\/"},"sameAs":["https:\/\/www.facebook.com\/RedGorillaInt","https:\/\/x.com\/RedGorillaInt","https:\/\/www.tiktok.com\/@redgorillaint"]}]}},"_links":{"self":[{"href":"https:\/\/redgorilla.eu\/en\/wp-json\/wp\/v2\/product\/10967","targetHints":{"allow":["GET"]}}],"collection":[{"href":"https:\/\/redgorilla.eu\/en\/wp-json\/wp\/v2\/product"}],"about":[{"href":"https:\/\/redgorilla.eu\/en\/wp-json\/wp\/v2\/types\/product"}],"version-history":[{"count":1,"href":"https:\/\/redgorilla.eu\/en\/wp-json\/wp\/v2\/product\/10967\/revisions"}],"predecessor-version":[{"id":10974,"href":"https:\/\/redgorilla.eu\/en\/wp-json\/wp\/v2\/product\/10967\/revisions\/10974"}],"wp:featuredmedia":[{"embeddable":true,"href":"https:\/\/redgorilla.eu\/en\/wp-json\/wp\/v2\/media\/9623"}],"wp:attachment":[{"href":"https:\/\/redgorilla.eu\/en\/wp-json\/wp\/v2\/media?parent=10967"}],"wp:term":[{"taxonomy":"product_brand","embeddable":true,"href":"https:\/\/redgorilla.eu\/en\/wp-json\/wp\/v2\/product_brand?post=10967"},{"taxonomy":"product_cat","embeddable":true,"href":"https:\/\/redgorilla.eu\/en\/wp-json\/wp\/v2\/product_cat?post=10967"},{"taxonomy":"product_tag","embeddable":true,"href":"https:\/\/redgorilla.eu\/en\/wp-json\/wp\/v2\/product_tag?post=10967"},{"taxonomy":"certificaciones","embeddable":true,"href":"https:\/\/redgorilla.eu\/en\/wp-json\/wp\/v2\/certificaciones?post=10967"}],"curies":[{"name":"wp","href":"https:\/\/api.w.org\/{rel}","templated":true}]}}