

{"id":11012,"date":"2024-07-12T22:05:06","date_gmt":"2024-07-12T20:05:06","guid":{"rendered":"https:\/\/redgorilla.eu\/?post_type=product&#038;p=11012"},"modified":"2024-07-16T21:51:23","modified_gmt":"2024-07-16T19:51:23","slug":"big-tidee-with-plastic-rake","status":"publish","type":"product","link":"https:\/\/redgorilla.eu\/en\/product\/big-tidee-with-plastic-rake\/","title":{"rendered":"Big Tidee with Plastic Rake"},"content":{"rendered":"","protected":false},"excerpt":{"rendered":"<p>The Big Tidee\u2122 range offers a wider, deeper scoop, with a built in tool clip and with the same super-strong quality as the traditional size. Pair it with our\u00a0Short Super Rake, you can scoop and scrape and clear to your hearts content. The Super Rake is a unique, plastic headed rake with dividers built in to give you great spread for all your scooping and raking up you might need.<\/p>\n","protected":false},"featured_media":7022,"template":"","meta":[],"product_brand":[],"product_cat":[163,165,164],"product_tag":[166],"certificaciones":[218,221,217,226],"class_list":{"0":"post-11012","1":"product","2":"type-product","3":"status-publish","4":"has-post-thumbnail","6":"product_cat-equine","7":"product_cat-home-garden","8":"product_cat-tidee-range","9":"product_tag-pickers","10":"certificaciones-eu-en","11":"certificaciones-hdpe-en","12":"certificaciones-highly-durable","13":"certificaciones-shock-resistant","15":"first","16":"instock","17":"taxable","18":"shipping-taxable","19":"purchasable","20":"product-type-variable","21":"has-default-attributes"},"yoast_head":"<!-- This site is optimized with the Yoast SEO plugin v27.2 - https:\/\/yoast.com\/product\/yoast-seo-wordpress\/ -->\n<title>Big Tidee with Plastic Rake - Red Gorilla Europe<\/title>\n<meta name=\"robots\" content=\"index, follow, max-snippet:-1, max-image-preview:large, max-video-preview:-1\" \/>\n<link rel=\"canonical\" href=\"https:\/\/redgorilla.eu\/en\/product\/big-tidee-with-plastic-rake\/\" \/>\n<meta property=\"og:locale\" content=\"en_US\" \/>\n<meta property=\"og:type\" content=\"article\" \/>\n<meta property=\"og:title\" content=\"Big Tidee with Plastic Rake - Red Gorilla Europe\" \/>\n<meta property=\"og:description\" content=\"The Big Tidee\u2122 range offers a wider, deeper scoop, with a built in tool clip and with the same super-strong quality as the traditional size. Pair it with our\u00a0Short Super Rake, you can scoop and scrape and clear to your hearts content. The Super Rake is a unique, plastic headed rake with dividers built in to give you great spread for all your scooping and raking up you might need.\" \/>\n<meta property=\"og:url\" content=\"https:\/\/redgorilla.eu\/en\/product\/big-tidee-with-plastic-rake\/\" \/>\n<meta property=\"og:site_name\" content=\"Red Gorilla Europe\" \/>\n<meta property=\"article:publisher\" content=\"https:\/\/www.facebook.com\/RedGorillaInt\" \/>\n<meta property=\"article:modified_time\" content=\"2024-07-16T19:51:23+00:00\" \/>\n<meta property=\"og:image\" content=\"https:\/\/redgorilla.eu\/wp-content\/uploads\/big-tidee-with-short-super-rake-123884.jpg\" \/>\n\t<meta property=\"og:image:width\" content=\"2048\" \/>\n\t<meta property=\"og:image:height\" content=\"2048\" \/>\n\t<meta property=\"og:image:type\" content=\"image\/jpeg\" \/>\n<meta name=\"twitter:card\" content=\"summary_large_image\" \/>\n<meta name=\"twitter:site\" content=\"@RedGorillaInt\" \/>\n<script type=\"application\/ld+json\" class=\"yoast-schema-graph\">{\"@context\":\"https:\/\/schema.org\",\"@graph\":[{\"@type\":\"WebPage\",\"@id\":\"https:\/\/redgorilla.eu\/en\/product\/big-tidee-with-plastic-rake\/\",\"url\":\"https:\/\/redgorilla.eu\/en\/product\/big-tidee-with-plastic-rake\/\",\"name\":\"Big Tidee with Plastic Rake - Red Gorilla Europe\",\"isPartOf\":{\"@id\":\"https:\/\/redgorilla.eu\/en\/#website\"},\"primaryImageOfPage\":{\"@id\":\"https:\/\/redgorilla.eu\/en\/product\/big-tidee-with-plastic-rake\/#primaryimage\"},\"image\":{\"@id\":\"https:\/\/redgorilla.eu\/en\/product\/big-tidee-with-plastic-rake\/#primaryimage\"},\"thumbnailUrl\":\"https:\/\/redgorilla.eu\/wp-content\/uploads\/big-tidee-with-short-super-rake-123884.jpg\",\"datePublished\":\"2024-07-12T20:05:06+00:00\",\"dateModified\":\"2024-07-16T19:51:23+00:00\",\"breadcrumb\":{\"@id\":\"https:\/\/redgorilla.eu\/en\/product\/big-tidee-with-plastic-rake\/#breadcrumb\"},\"inLanguage\":\"en-US\",\"potentialAction\":[{\"@type\":\"ReadAction\",\"target\":[\"https:\/\/redgorilla.eu\/en\/product\/big-tidee-with-plastic-rake\/\"]}]},{\"@type\":\"ImageObject\",\"inLanguage\":\"en-US\",\"@id\":\"https:\/\/redgorilla.eu\/en\/product\/big-tidee-with-plastic-rake\/#primaryimage\",\"url\":\"https:\/\/redgorilla.eu\/wp-content\/uploads\/big-tidee-with-short-super-rake-123884.jpg\",\"contentUrl\":\"https:\/\/redgorilla.eu\/wp-content\/uploads\/big-tidee-with-short-super-rake-123884.jpg\",\"width\":2048,\"height\":2048},{\"@type\":\"BreadcrumbList\",\"@id\":\"https:\/\/redgorilla.eu\/en\/product\/big-tidee-with-plastic-rake\/#breadcrumb\",\"itemListElement\":[{\"@type\":\"ListItem\",\"position\":1,\"name\":\"Home\",\"item\":\"https:\/\/redgorilla.eu\/en\/red-gorilla-home\/\"},{\"@type\":\"ListItem\",\"position\":2,\"name\":\"Tienda\",\"item\":\"https:\/\/redgorilla.eu\/tienda\/\"},{\"@type\":\"ListItem\",\"position\":3,\"name\":\"Big Tidee with Plastic Rake\"}]},{\"@type\":\"WebSite\",\"@id\":\"https:\/\/redgorilla.eu\/en\/#website\",\"url\":\"https:\/\/redgorilla.eu\/en\/\",\"name\":\"Red Gorilla Europe\",\"description\":\"Fabricantes de productos de pl\u00e1stico para la construcci\u00f3n, jard\u00edn y hogar, agricultura y equitaci\u00f3n.\",\"publisher\":{\"@id\":\"https:\/\/redgorilla.eu\/en\/#organization\"},\"potentialAction\":[{\"@type\":\"SearchAction\",\"target\":{\"@type\":\"EntryPoint\",\"urlTemplate\":\"https:\/\/redgorilla.eu\/en\/?s={search_term_string}\"},\"query-input\":{\"@type\":\"PropertyValueSpecification\",\"valueRequired\":true,\"valueName\":\"search_term_string\"}}],\"inLanguage\":\"en-US\"},{\"@type\":\"Organization\",\"@id\":\"https:\/\/redgorilla.eu\/en\/#organization\",\"name\":\"Red Gorilla International\",\"url\":\"https:\/\/redgorilla.eu\/en\/\",\"logo\":{\"@type\":\"ImageObject\",\"inLanguage\":\"en-US\",\"@id\":\"https:\/\/redgorilla.eu\/en\/#\/schema\/logo\/image\/\",\"url\":\"https:\/\/redgorilla.eu\/wp-content\/uploads\/RED-Easy-Does-It-Logo-Outline-No-Background.png\",\"contentUrl\":\"https:\/\/redgorilla.eu\/wp-content\/uploads\/RED-Easy-Does-It-Logo-Outline-No-Background.png\",\"width\":1800,\"height\":1800,\"caption\":\"Red Gorilla International\"},\"image\":{\"@id\":\"https:\/\/redgorilla.eu\/en\/#\/schema\/logo\/image\/\"},\"sameAs\":[\"https:\/\/www.facebook.com\/RedGorillaInt\",\"https:\/\/x.com\/RedGorillaInt\",\"https:\/\/www.tiktok.com\/@redgorillaint\"]}]}<\/script>\n<!-- \/ Yoast SEO plugin. -->","yoast_head_json":{"title":"Big Tidee with Plastic Rake - Red Gorilla Europe","robots":{"index":"index","follow":"follow","max-snippet":"max-snippet:-1","max-image-preview":"max-image-preview:large","max-video-preview":"max-video-preview:-1"},"canonical":"https:\/\/redgorilla.eu\/en\/product\/big-tidee-with-plastic-rake\/","og_locale":"en_US","og_type":"article","og_title":"Big Tidee with Plastic Rake - Red Gorilla Europe","og_description":"The Big Tidee\u2122 range offers a wider, deeper scoop, with a built in tool clip and with the same super-strong quality as the traditional size. Pair it with our\u00a0Short Super Rake, you can scoop and scrape and clear to your hearts content. The Super Rake is a unique, plastic headed rake with dividers built in to give you great spread for all your scooping and raking up you might need.","og_url":"https:\/\/redgorilla.eu\/en\/product\/big-tidee-with-plastic-rake\/","og_site_name":"Red Gorilla Europe","article_publisher":"https:\/\/www.facebook.com\/RedGorillaInt","article_modified_time":"2024-07-16T19:51:23+00:00","og_image":[{"width":2048,"height":2048,"url":"https:\/\/redgorilla.eu\/wp-content\/uploads\/big-tidee-with-short-super-rake-123884.jpg","type":"image\/jpeg"}],"twitter_card":"summary_large_image","twitter_site":"@RedGorillaInt","schema":{"@context":"https:\/\/schema.org","@graph":[{"@type":"WebPage","@id":"https:\/\/redgorilla.eu\/en\/product\/big-tidee-with-plastic-rake\/","url":"https:\/\/redgorilla.eu\/en\/product\/big-tidee-with-plastic-rake\/","name":"Big Tidee with Plastic Rake - Red Gorilla Europe","isPartOf":{"@id":"https:\/\/redgorilla.eu\/en\/#website"},"primaryImageOfPage":{"@id":"https:\/\/redgorilla.eu\/en\/product\/big-tidee-with-plastic-rake\/#primaryimage"},"image":{"@id":"https:\/\/redgorilla.eu\/en\/product\/big-tidee-with-plastic-rake\/#primaryimage"},"thumbnailUrl":"https:\/\/redgorilla.eu\/wp-content\/uploads\/big-tidee-with-short-super-rake-123884.jpg","datePublished":"2024-07-12T20:05:06+00:00","dateModified":"2024-07-16T19:51:23+00:00","breadcrumb":{"@id":"https:\/\/redgorilla.eu\/en\/product\/big-tidee-with-plastic-rake\/#breadcrumb"},"inLanguage":"en-US","potentialAction":[{"@type":"ReadAction","target":["https:\/\/redgorilla.eu\/en\/product\/big-tidee-with-plastic-rake\/"]}]},{"@type":"ImageObject","inLanguage":"en-US","@id":"https:\/\/redgorilla.eu\/en\/product\/big-tidee-with-plastic-rake\/#primaryimage","url":"https:\/\/redgorilla.eu\/wp-content\/uploads\/big-tidee-with-short-super-rake-123884.jpg","contentUrl":"https:\/\/redgorilla.eu\/wp-content\/uploads\/big-tidee-with-short-super-rake-123884.jpg","width":2048,"height":2048},{"@type":"BreadcrumbList","@id":"https:\/\/redgorilla.eu\/en\/product\/big-tidee-with-plastic-rake\/#breadcrumb","itemListElement":[{"@type":"ListItem","position":1,"name":"Home","item":"https:\/\/redgorilla.eu\/en\/red-gorilla-home\/"},{"@type":"ListItem","position":2,"name":"Tienda","item":"https:\/\/redgorilla.eu\/tienda\/"},{"@type":"ListItem","position":3,"name":"Big Tidee with Plastic Rake"}]},{"@type":"WebSite","@id":"https:\/\/redgorilla.eu\/en\/#website","url":"https:\/\/redgorilla.eu\/en\/","name":"Red Gorilla Europe","description":"Fabricantes de productos de pl\u00e1stico para la construcci\u00f3n, jard\u00edn y hogar, agricultura y equitaci\u00f3n.","publisher":{"@id":"https:\/\/redgorilla.eu\/en\/#organization"},"potentialAction":[{"@type":"SearchAction","target":{"@type":"EntryPoint","urlTemplate":"https:\/\/redgorilla.eu\/en\/?s={search_term_string}"},"query-input":{"@type":"PropertyValueSpecification","valueRequired":true,"valueName":"search_term_string"}}],"inLanguage":"en-US"},{"@type":"Organization","@id":"https:\/\/redgorilla.eu\/en\/#organization","name":"Red Gorilla International","url":"https:\/\/redgorilla.eu\/en\/","logo":{"@type":"ImageObject","inLanguage":"en-US","@id":"https:\/\/redgorilla.eu\/en\/#\/schema\/logo\/image\/","url":"https:\/\/redgorilla.eu\/wp-content\/uploads\/RED-Easy-Does-It-Logo-Outline-No-Background.png","contentUrl":"https:\/\/redgorilla.eu\/wp-content\/uploads\/RED-Easy-Does-It-Logo-Outline-No-Background.png","width":1800,"height":1800,"caption":"Red Gorilla International"},"image":{"@id":"https:\/\/redgorilla.eu\/en\/#\/schema\/logo\/image\/"},"sameAs":["https:\/\/www.facebook.com\/RedGorillaInt","https:\/\/x.com\/RedGorillaInt","https:\/\/www.tiktok.com\/@redgorillaint"]}]}},"_links":{"self":[{"href":"https:\/\/redgorilla.eu\/en\/wp-json\/wp\/v2\/product\/11012","targetHints":{"allow":["GET"]}}],"collection":[{"href":"https:\/\/redgorilla.eu\/en\/wp-json\/wp\/v2\/product"}],"about":[{"href":"https:\/\/redgorilla.eu\/en\/wp-json\/wp\/v2\/types\/product"}],"version-history":[{"count":1,"href":"https:\/\/redgorilla.eu\/en\/wp-json\/wp\/v2\/product\/11012\/revisions"}],"predecessor-version":[{"id":11020,"href":"https:\/\/redgorilla.eu\/en\/wp-json\/wp\/v2\/product\/11012\/revisions\/11020"}],"wp:featuredmedia":[{"embeddable":true,"href":"https:\/\/redgorilla.eu\/en\/wp-json\/wp\/v2\/media\/7022"}],"wp:attachment":[{"href":"https:\/\/redgorilla.eu\/en\/wp-json\/wp\/v2\/media?parent=11012"}],"wp:term":[{"taxonomy":"product_brand","embeddable":true,"href":"https:\/\/redgorilla.eu\/en\/wp-json\/wp\/v2\/product_brand?post=11012"},{"taxonomy":"product_cat","embeddable":true,"href":"https:\/\/redgorilla.eu\/en\/wp-json\/wp\/v2\/product_cat?post=11012"},{"taxonomy":"product_tag","embeddable":true,"href":"https:\/\/redgorilla.eu\/en\/wp-json\/wp\/v2\/product_tag?post=11012"},{"taxonomy":"certificaciones","embeddable":true,"href":"https:\/\/redgorilla.eu\/en\/wp-json\/wp\/v2\/certificaciones?post=11012"}],"curies":[{"name":"wp","href":"https:\/\/api.w.org\/{rel}","templated":true}]}}