

{"id":11022,"date":"2024-07-12T22:22:59","date_gmt":"2024-07-12T20:22:59","guid":{"rendered":"https:\/\/redgorilla.eu\/?post_type=product&#038;p=11022"},"modified":"2024-07-16T21:53:50","modified_gmt":"2024-07-16T19:53:50","slug":"big-tidee-with-long-metal-rake","status":"publish","type":"product","link":"https:\/\/redgorilla.eu\/en\/product\/big-tidee-with-long-metal-rake\/","title":{"rendered":"Big Tidee with Long Metal Rake"},"content":{"rendered":"","protected":false},"excerpt":{"rendered":"<p>The\u00a0Big Tidee\u2122\u00a0range offers a wider, deeper scoop, with a built in tool clip and with the same super-strong quality as the traditional size. Pair it with our Long Metal Rake for the ultimate poop scooping experience in the arena or the field, as well as clearing leaves and general debris from lawns and garden paths with ease, and scooping just about anything you&#8217;d like up with little to no effort at all.<\/p>\n","protected":false},"featured_media":8875,"template":"","meta":[],"product_brand":[],"product_cat":[163,165],"product_tag":[166],"certificaciones":[218,221,217,226],"class_list":{"0":"post-11022","1":"product","2":"type-product","3":"status-publish","4":"has-post-thumbnail","6":"product_cat-equine","7":"product_cat-home-garden","8":"product_tag-pickers","9":"certificaciones-eu-en","10":"certificaciones-hdpe-en","11":"certificaciones-highly-durable","12":"certificaciones-shock-resistant","14":"first","15":"instock","16":"taxable","17":"shipping-taxable","18":"purchasable","19":"product-type-variable","20":"has-default-attributes"},"yoast_head":"<!-- This site is optimized with the Yoast SEO plugin v27.5 - https:\/\/yoast.com\/product\/yoast-seo-wordpress\/ -->\n<title>Big Tidee with Long Metal Rake - Red Gorilla Europe<\/title>\n<meta name=\"robots\" content=\"index, follow, max-snippet:-1, max-image-preview:large, max-video-preview:-1\" \/>\n<link rel=\"canonical\" href=\"https:\/\/redgorilla.eu\/en\/product\/big-tidee-with-long-metal-rake\/\" \/>\n<meta property=\"og:locale\" content=\"en_US\" \/>\n<meta property=\"og:type\" content=\"article\" \/>\n<meta property=\"og:title\" content=\"Big Tidee with Long Metal Rake - Red Gorilla Europe\" \/>\n<meta property=\"og:description\" content=\"The\u00a0Big Tidee\u2122\u00a0range offers a wider, deeper scoop, with a built in tool clip and with the same super-strong quality as the traditional size. Pair it with our Long Metal Rake for the ultimate poop scooping experience in the arena or the field, as well as clearing leaves and general debris from lawns and garden paths with ease, and scooping just about anything you&#039;d like up with little to no effort at all.\" \/>\n<meta property=\"og:url\" content=\"https:\/\/redgorilla.eu\/en\/product\/big-tidee-with-long-metal-rake\/\" \/>\n<meta property=\"og:site_name\" content=\"Red Gorilla Europe\" \/>\n<meta property=\"article:publisher\" content=\"https:\/\/www.facebook.com\/RedGorillaInt\" \/>\n<meta property=\"article:modified_time\" content=\"2024-07-16T19:53:50+00:00\" \/>\n<meta property=\"og:image\" content=\"https:\/\/redgorilla.eu\/wp-content\/uploads\/big-tidee-with-long-metal-rake-231483_1220x1220_crop_center.webp\" \/>\n\t<meta property=\"og:image:width\" content=\"1220\" \/>\n\t<meta property=\"og:image:height\" content=\"1220\" \/>\n\t<meta property=\"og:image:type\" content=\"image\/webp\" \/>\n<meta name=\"twitter:card\" content=\"summary_large_image\" \/>\n<meta name=\"twitter:site\" content=\"@RedGorillaInt\" \/>\n<script type=\"application\/ld+json\" class=\"yoast-schema-graph\">{\"@context\":\"https:\\\/\\\/schema.org\",\"@graph\":[{\"@type\":\"WebPage\",\"@id\":\"https:\\\/\\\/redgorilla.eu\\\/en\\\/product\\\/big-tidee-with-long-metal-rake\\\/\",\"url\":\"https:\\\/\\\/redgorilla.eu\\\/en\\\/product\\\/big-tidee-with-long-metal-rake\\\/\",\"name\":\"Big Tidee with Long Metal Rake - Red Gorilla Europe\",\"isPartOf\":{\"@id\":\"https:\\\/\\\/redgorilla.eu\\\/en\\\/#website\"},\"primaryImageOfPage\":{\"@id\":\"https:\\\/\\\/redgorilla.eu\\\/en\\\/product\\\/big-tidee-with-long-metal-rake\\\/#primaryimage\"},\"image\":{\"@id\":\"https:\\\/\\\/redgorilla.eu\\\/en\\\/product\\\/big-tidee-with-long-metal-rake\\\/#primaryimage\"},\"thumbnailUrl\":\"https:\\\/\\\/redgorilla.eu\\\/wp-content\\\/uploads\\\/big-tidee-with-long-metal-rake-231483_1220x1220_crop_center.webp\",\"datePublished\":\"2024-07-12T20:22:59+00:00\",\"dateModified\":\"2024-07-16T19:53:50+00:00\",\"breadcrumb\":{\"@id\":\"https:\\\/\\\/redgorilla.eu\\\/en\\\/product\\\/big-tidee-with-long-metal-rake\\\/#breadcrumb\"},\"inLanguage\":\"en-US\",\"potentialAction\":[{\"@type\":\"ReadAction\",\"target\":[\"https:\\\/\\\/redgorilla.eu\\\/en\\\/product\\\/big-tidee-with-long-metal-rake\\\/\"]}]},{\"@type\":\"ImageObject\",\"inLanguage\":\"en-US\",\"@id\":\"https:\\\/\\\/redgorilla.eu\\\/en\\\/product\\\/big-tidee-with-long-metal-rake\\\/#primaryimage\",\"url\":\"https:\\\/\\\/redgorilla.eu\\\/wp-content\\\/uploads\\\/big-tidee-with-long-metal-rake-231483_1220x1220_crop_center.webp\",\"contentUrl\":\"https:\\\/\\\/redgorilla.eu\\\/wp-content\\\/uploads\\\/big-tidee-with-long-metal-rake-231483_1220x1220_crop_center.webp\",\"width\":1220,\"height\":1220},{\"@type\":\"BreadcrumbList\",\"@id\":\"https:\\\/\\\/redgorilla.eu\\\/en\\\/product\\\/big-tidee-with-long-metal-rake\\\/#breadcrumb\",\"itemListElement\":[{\"@type\":\"ListItem\",\"position\":1,\"name\":\"Home\",\"item\":\"https:\\\/\\\/redgorilla.eu\\\/en\\\/red-gorilla-home\\\/\"},{\"@type\":\"ListItem\",\"position\":2,\"name\":\"Tienda\",\"item\":\"https:\\\/\\\/redgorilla.eu\\\/tienda\\\/\"},{\"@type\":\"ListItem\",\"position\":3,\"name\":\"Big Tidee with Long Metal Rake\"}]},{\"@type\":\"WebSite\",\"@id\":\"https:\\\/\\\/redgorilla.eu\\\/en\\\/#website\",\"url\":\"https:\\\/\\\/redgorilla.eu\\\/en\\\/\",\"name\":\"Red Gorilla Europe\",\"description\":\"Fabricantes de productos de pl\u00e1stico para la construcci\u00f3n, jard\u00edn y hogar, agricultura y equitaci\u00f3n.\",\"publisher\":{\"@id\":\"https:\\\/\\\/redgorilla.eu\\\/en\\\/#organization\"},\"potentialAction\":[{\"@type\":\"SearchAction\",\"target\":{\"@type\":\"EntryPoint\",\"urlTemplate\":\"https:\\\/\\\/redgorilla.eu\\\/en\\\/?s={search_term_string}\"},\"query-input\":{\"@type\":\"PropertyValueSpecification\",\"valueRequired\":true,\"valueName\":\"search_term_string\"}}],\"inLanguage\":\"en-US\"},{\"@type\":\"Organization\",\"@id\":\"https:\\\/\\\/redgorilla.eu\\\/en\\\/#organization\",\"name\":\"Red Gorilla International\",\"url\":\"https:\\\/\\\/redgorilla.eu\\\/en\\\/\",\"logo\":{\"@type\":\"ImageObject\",\"inLanguage\":\"en-US\",\"@id\":\"https:\\\/\\\/redgorilla.eu\\\/en\\\/#\\\/schema\\\/logo\\\/image\\\/\",\"url\":\"https:\\\/\\\/redgorilla.eu\\\/wp-content\\\/uploads\\\/RED-Easy-Does-It-Logo-Outline-No-Background.png\",\"contentUrl\":\"https:\\\/\\\/redgorilla.eu\\\/wp-content\\\/uploads\\\/RED-Easy-Does-It-Logo-Outline-No-Background.png\",\"width\":1800,\"height\":1800,\"caption\":\"Red Gorilla International\"},\"image\":{\"@id\":\"https:\\\/\\\/redgorilla.eu\\\/en\\\/#\\\/schema\\\/logo\\\/image\\\/\"},\"sameAs\":[\"https:\\\/\\\/www.facebook.com\\\/RedGorillaInt\",\"https:\\\/\\\/x.com\\\/RedGorillaInt\",\"https:\\\/\\\/www.tiktok.com\\\/@redgorillaint\"]}]}<\/script>\n<!-- \/ Yoast SEO plugin. -->","yoast_head_json":{"title":"Big Tidee with Long Metal Rake - Red Gorilla Europe","robots":{"index":"index","follow":"follow","max-snippet":"max-snippet:-1","max-image-preview":"max-image-preview:large","max-video-preview":"max-video-preview:-1"},"canonical":"https:\/\/redgorilla.eu\/en\/product\/big-tidee-with-long-metal-rake\/","og_locale":"en_US","og_type":"article","og_title":"Big Tidee with Long Metal Rake - Red Gorilla Europe","og_description":"The\u00a0Big Tidee\u2122\u00a0range offers a wider, deeper scoop, with a built in tool clip and with the same super-strong quality as the traditional size. Pair it with our Long Metal Rake for the ultimate poop scooping experience in the arena or the field, as well as clearing leaves and general debris from lawns and garden paths with ease, and scooping just about anything you'd like up with little to no effort at all.","og_url":"https:\/\/redgorilla.eu\/en\/product\/big-tidee-with-long-metal-rake\/","og_site_name":"Red Gorilla Europe","article_publisher":"https:\/\/www.facebook.com\/RedGorillaInt","article_modified_time":"2024-07-16T19:53:50+00:00","og_image":[{"width":1220,"height":1220,"url":"https:\/\/redgorilla.eu\/wp-content\/uploads\/big-tidee-with-long-metal-rake-231483_1220x1220_crop_center.webp","type":"image\/webp"}],"twitter_card":"summary_large_image","twitter_site":"@RedGorillaInt","schema":{"@context":"https:\/\/schema.org","@graph":[{"@type":"WebPage","@id":"https:\/\/redgorilla.eu\/en\/product\/big-tidee-with-long-metal-rake\/","url":"https:\/\/redgorilla.eu\/en\/product\/big-tidee-with-long-metal-rake\/","name":"Big Tidee with Long Metal Rake - Red Gorilla Europe","isPartOf":{"@id":"https:\/\/redgorilla.eu\/en\/#website"},"primaryImageOfPage":{"@id":"https:\/\/redgorilla.eu\/en\/product\/big-tidee-with-long-metal-rake\/#primaryimage"},"image":{"@id":"https:\/\/redgorilla.eu\/en\/product\/big-tidee-with-long-metal-rake\/#primaryimage"},"thumbnailUrl":"https:\/\/redgorilla.eu\/wp-content\/uploads\/big-tidee-with-long-metal-rake-231483_1220x1220_crop_center.webp","datePublished":"2024-07-12T20:22:59+00:00","dateModified":"2024-07-16T19:53:50+00:00","breadcrumb":{"@id":"https:\/\/redgorilla.eu\/en\/product\/big-tidee-with-long-metal-rake\/#breadcrumb"},"inLanguage":"en-US","potentialAction":[{"@type":"ReadAction","target":["https:\/\/redgorilla.eu\/en\/product\/big-tidee-with-long-metal-rake\/"]}]},{"@type":"ImageObject","inLanguage":"en-US","@id":"https:\/\/redgorilla.eu\/en\/product\/big-tidee-with-long-metal-rake\/#primaryimage","url":"https:\/\/redgorilla.eu\/wp-content\/uploads\/big-tidee-with-long-metal-rake-231483_1220x1220_crop_center.webp","contentUrl":"https:\/\/redgorilla.eu\/wp-content\/uploads\/big-tidee-with-long-metal-rake-231483_1220x1220_crop_center.webp","width":1220,"height":1220},{"@type":"BreadcrumbList","@id":"https:\/\/redgorilla.eu\/en\/product\/big-tidee-with-long-metal-rake\/#breadcrumb","itemListElement":[{"@type":"ListItem","position":1,"name":"Home","item":"https:\/\/redgorilla.eu\/en\/red-gorilla-home\/"},{"@type":"ListItem","position":2,"name":"Tienda","item":"https:\/\/redgorilla.eu\/tienda\/"},{"@type":"ListItem","position":3,"name":"Big Tidee with Long Metal Rake"}]},{"@type":"WebSite","@id":"https:\/\/redgorilla.eu\/en\/#website","url":"https:\/\/redgorilla.eu\/en\/","name":"Red Gorilla Europe","description":"Fabricantes de productos de pl\u00e1stico para la construcci\u00f3n, jard\u00edn y hogar, agricultura y equitaci\u00f3n.","publisher":{"@id":"https:\/\/redgorilla.eu\/en\/#organization"},"potentialAction":[{"@type":"SearchAction","target":{"@type":"EntryPoint","urlTemplate":"https:\/\/redgorilla.eu\/en\/?s={search_term_string}"},"query-input":{"@type":"PropertyValueSpecification","valueRequired":true,"valueName":"search_term_string"}}],"inLanguage":"en-US"},{"@type":"Organization","@id":"https:\/\/redgorilla.eu\/en\/#organization","name":"Red Gorilla International","url":"https:\/\/redgorilla.eu\/en\/","logo":{"@type":"ImageObject","inLanguage":"en-US","@id":"https:\/\/redgorilla.eu\/en\/#\/schema\/logo\/image\/","url":"https:\/\/redgorilla.eu\/wp-content\/uploads\/RED-Easy-Does-It-Logo-Outline-No-Background.png","contentUrl":"https:\/\/redgorilla.eu\/wp-content\/uploads\/RED-Easy-Does-It-Logo-Outline-No-Background.png","width":1800,"height":1800,"caption":"Red Gorilla International"},"image":{"@id":"https:\/\/redgorilla.eu\/en\/#\/schema\/logo\/image\/"},"sameAs":["https:\/\/www.facebook.com\/RedGorillaInt","https:\/\/x.com\/RedGorillaInt","https:\/\/www.tiktok.com\/@redgorillaint"]}]}},"_links":{"self":[{"href":"https:\/\/redgorilla.eu\/en\/wp-json\/wp\/v2\/product\/11022","targetHints":{"allow":["GET"]}}],"collection":[{"href":"https:\/\/redgorilla.eu\/en\/wp-json\/wp\/v2\/product"}],"about":[{"href":"https:\/\/redgorilla.eu\/en\/wp-json\/wp\/v2\/types\/product"}],"version-history":[{"count":2,"href":"https:\/\/redgorilla.eu\/en\/wp-json\/wp\/v2\/product\/11022\/revisions"}],"predecessor-version":[{"id":11254,"href":"https:\/\/redgorilla.eu\/en\/wp-json\/wp\/v2\/product\/11022\/revisions\/11254"}],"wp:featuredmedia":[{"embeddable":true,"href":"https:\/\/redgorilla.eu\/en\/wp-json\/wp\/v2\/media\/8875"}],"wp:attachment":[{"href":"https:\/\/redgorilla.eu\/en\/wp-json\/wp\/v2\/media?parent=11022"}],"wp:term":[{"taxonomy":"product_brand","embeddable":true,"href":"https:\/\/redgorilla.eu\/en\/wp-json\/wp\/v2\/product_brand?post=11022"},{"taxonomy":"product_cat","embeddable":true,"href":"https:\/\/redgorilla.eu\/en\/wp-json\/wp\/v2\/product_cat?post=11022"},{"taxonomy":"product_tag","embeddable":true,"href":"https:\/\/redgorilla.eu\/en\/wp-json\/wp\/v2\/product_tag?post=11022"},{"taxonomy":"certificaciones","embeddable":true,"href":"https:\/\/redgorilla.eu\/en\/wp-json\/wp\/v2\/certificaciones?post=11022"}],"curies":[{"name":"wp","href":"https:\/\/api.w.org\/{rel}","templated":true}]}}