

{"id":11054,"date":"2024-07-15T20:19:04","date_gmt":"2024-07-15T18:19:04","guid":{"rendered":"https:\/\/redgorilla.eu\/?post_type=product&#038;p=11054"},"modified":"2025-09-25T15:38:07","modified_gmt":"2025-09-25T13:38:07","slug":"large-corn-broom","status":"publish","type":"product","link":"https:\/\/redgorilla.eu\/en\/product\/large-corn-broom\/","title":{"rendered":"Large Corn Broom"},"content":{"rendered":"","protected":false},"excerpt":{"rendered":"<p><strong>Corn Brooms<\/strong>\u00a0haven\u2019t changed much in over 300 years, and once you\u2019ve used one, it becomes abundantly clear why. They allow for quick and easy coverage, and they\u2019re especially good for dry, hard floors, in stables and the like. We combined this with our lightweight broom handles to offer a colour matched option for colour coordination. Our\u00a0Large Corn Broom\u00a0offers the best possible coverage on dry surfaces of all kinds.<\/p>\n","protected":false},"featured_media":6907,"template":"","meta":[],"product_brand":[],"product_cat":[167,163,165],"product_tag":[183],"certificaciones":[218,217,222,226],"class_list":{"0":"post-11054","1":"product","2":"type-product","3":"status-publish","4":"has-post-thumbnail","6":"product_cat-agriculture","7":"product_cat-equine","8":"product_cat-home-garden","9":"product_tag-brooms","10":"certificaciones-eu-en","11":"certificaciones-highly-durable","12":"certificaciones-light-as-a-feather","13":"certificaciones-shock-resistant","15":"first","16":"instock","17":"taxable","18":"shipping-taxable","19":"purchasable","20":"product-type-variable","21":"has-default-attributes"},"yoast_head":"<!-- This site is optimized with the Yoast SEO plugin v27.5 - https:\/\/yoast.com\/product\/yoast-seo-wordpress\/ -->\n<title>Large Corn Broom - Red Gorilla Europe<\/title>\n<meta name=\"robots\" content=\"index, follow, max-snippet:-1, max-image-preview:large, max-video-preview:-1\" \/>\n<link rel=\"canonical\" href=\"https:\/\/redgorilla.eu\/en\/product\/large-corn-broom\/\" \/>\n<meta property=\"og:locale\" content=\"en_US\" \/>\n<meta property=\"og:type\" content=\"article\" \/>\n<meta property=\"og:title\" content=\"Large Corn Broom - Red Gorilla Europe\" \/>\n<meta property=\"og:description\" content=\"Corn Brooms\u00a0haven\u2019t changed much in over 300 years, and once you\u2019ve used one, it becomes abundantly clear why. They allow for quick and easy coverage, and they\u2019re especially good for dry, hard floors, in stables and the like. We combined this with our lightweight broom handles to offer a colour matched option for colour coordination. Our\u00a0Large Corn Broom\u00a0offers the best possible coverage on dry surfaces of all kinds.\" \/>\n<meta property=\"og:url\" content=\"https:\/\/redgorilla.eu\/en\/product\/large-corn-broom\/\" \/>\n<meta property=\"og:site_name\" content=\"Red Gorilla Europe\" \/>\n<meta property=\"article:publisher\" content=\"https:\/\/www.facebook.com\/RedGorillaInt\" \/>\n<meta property=\"article:modified_time\" content=\"2025-09-25T13:38:07+00:00\" \/>\n<meta property=\"og:image\" content=\"https:\/\/redgorilla.eu\/wp-content\/uploads\/large-corn-broom-424793.jpg\" \/>\n\t<meta property=\"og:image:width\" content=\"1800\" \/>\n\t<meta property=\"og:image:height\" content=\"1800\" \/>\n\t<meta property=\"og:image:type\" content=\"image\/jpeg\" \/>\n<meta name=\"twitter:card\" content=\"summary_large_image\" \/>\n<meta name=\"twitter:site\" content=\"@RedGorillaInt\" \/>\n<script type=\"application\/ld+json\" class=\"yoast-schema-graph\">{\"@context\":\"https:\\\/\\\/schema.org\",\"@graph\":[{\"@type\":\"WebPage\",\"@id\":\"https:\\\/\\\/redgorilla.eu\\\/en\\\/product\\\/large-corn-broom\\\/\",\"url\":\"https:\\\/\\\/redgorilla.eu\\\/en\\\/product\\\/large-corn-broom\\\/\",\"name\":\"Large Corn Broom - Red Gorilla Europe\",\"isPartOf\":{\"@id\":\"https:\\\/\\\/redgorilla.eu\\\/en\\\/#website\"},\"primaryImageOfPage\":{\"@id\":\"https:\\\/\\\/redgorilla.eu\\\/en\\\/product\\\/large-corn-broom\\\/#primaryimage\"},\"image\":{\"@id\":\"https:\\\/\\\/redgorilla.eu\\\/en\\\/product\\\/large-corn-broom\\\/#primaryimage\"},\"thumbnailUrl\":\"https:\\\/\\\/redgorilla.eu\\\/wp-content\\\/uploads\\\/large-corn-broom-424793.jpg\",\"datePublished\":\"2024-07-15T18:19:04+00:00\",\"dateModified\":\"2025-09-25T13:38:07+00:00\",\"breadcrumb\":{\"@id\":\"https:\\\/\\\/redgorilla.eu\\\/en\\\/product\\\/large-corn-broom\\\/#breadcrumb\"},\"inLanguage\":\"en-US\",\"potentialAction\":[{\"@type\":\"ReadAction\",\"target\":[\"https:\\\/\\\/redgorilla.eu\\\/en\\\/product\\\/large-corn-broom\\\/\"]}]},{\"@type\":\"ImageObject\",\"inLanguage\":\"en-US\",\"@id\":\"https:\\\/\\\/redgorilla.eu\\\/en\\\/product\\\/large-corn-broom\\\/#primaryimage\",\"url\":\"https:\\\/\\\/redgorilla.eu\\\/wp-content\\\/uploads\\\/large-corn-broom-424793.jpg\",\"contentUrl\":\"https:\\\/\\\/redgorilla.eu\\\/wp-content\\\/uploads\\\/large-corn-broom-424793.jpg\",\"width\":1800,\"height\":1800},{\"@type\":\"BreadcrumbList\",\"@id\":\"https:\\\/\\\/redgorilla.eu\\\/en\\\/product\\\/large-corn-broom\\\/#breadcrumb\",\"itemListElement\":[{\"@type\":\"ListItem\",\"position\":1,\"name\":\"Home\",\"item\":\"https:\\\/\\\/redgorilla.eu\\\/en\\\/red-gorilla-home\\\/\"},{\"@type\":\"ListItem\",\"position\":2,\"name\":\"Tienda\",\"item\":\"https:\\\/\\\/redgorilla.eu\\\/tienda\\\/\"},{\"@type\":\"ListItem\",\"position\":3,\"name\":\"Large Corn Broom\"}]},{\"@type\":\"WebSite\",\"@id\":\"https:\\\/\\\/redgorilla.eu\\\/en\\\/#website\",\"url\":\"https:\\\/\\\/redgorilla.eu\\\/en\\\/\",\"name\":\"Red Gorilla Europe\",\"description\":\"Fabricantes de productos de pl\u00e1stico para la construcci\u00f3n, jard\u00edn y hogar, agricultura y equitaci\u00f3n.\",\"publisher\":{\"@id\":\"https:\\\/\\\/redgorilla.eu\\\/en\\\/#organization\"},\"potentialAction\":[{\"@type\":\"SearchAction\",\"target\":{\"@type\":\"EntryPoint\",\"urlTemplate\":\"https:\\\/\\\/redgorilla.eu\\\/en\\\/?s={search_term_string}\"},\"query-input\":{\"@type\":\"PropertyValueSpecification\",\"valueRequired\":true,\"valueName\":\"search_term_string\"}}],\"inLanguage\":\"en-US\"},{\"@type\":\"Organization\",\"@id\":\"https:\\\/\\\/redgorilla.eu\\\/en\\\/#organization\",\"name\":\"Red Gorilla International\",\"url\":\"https:\\\/\\\/redgorilla.eu\\\/en\\\/\",\"logo\":{\"@type\":\"ImageObject\",\"inLanguage\":\"en-US\",\"@id\":\"https:\\\/\\\/redgorilla.eu\\\/en\\\/#\\\/schema\\\/logo\\\/image\\\/\",\"url\":\"https:\\\/\\\/redgorilla.eu\\\/wp-content\\\/uploads\\\/RED-Easy-Does-It-Logo-Outline-No-Background.png\",\"contentUrl\":\"https:\\\/\\\/redgorilla.eu\\\/wp-content\\\/uploads\\\/RED-Easy-Does-It-Logo-Outline-No-Background.png\",\"width\":1800,\"height\":1800,\"caption\":\"Red Gorilla International\"},\"image\":{\"@id\":\"https:\\\/\\\/redgorilla.eu\\\/en\\\/#\\\/schema\\\/logo\\\/image\\\/\"},\"sameAs\":[\"https:\\\/\\\/www.facebook.com\\\/RedGorillaInt\",\"https:\\\/\\\/x.com\\\/RedGorillaInt\",\"https:\\\/\\\/www.tiktok.com\\\/@redgorillaint\"]}]}<\/script>\n<!-- \/ Yoast SEO plugin. -->","yoast_head_json":{"title":"Large Corn Broom - Red Gorilla Europe","robots":{"index":"index","follow":"follow","max-snippet":"max-snippet:-1","max-image-preview":"max-image-preview:large","max-video-preview":"max-video-preview:-1"},"canonical":"https:\/\/redgorilla.eu\/en\/product\/large-corn-broom\/","og_locale":"en_US","og_type":"article","og_title":"Large Corn Broom - Red Gorilla Europe","og_description":"Corn Brooms\u00a0haven\u2019t changed much in over 300 years, and once you\u2019ve used one, it becomes abundantly clear why. They allow for quick and easy coverage, and they\u2019re especially good for dry, hard floors, in stables and the like. We combined this with our lightweight broom handles to offer a colour matched option for colour coordination. Our\u00a0Large Corn Broom\u00a0offers the best possible coverage on dry surfaces of all kinds.","og_url":"https:\/\/redgorilla.eu\/en\/product\/large-corn-broom\/","og_site_name":"Red Gorilla Europe","article_publisher":"https:\/\/www.facebook.com\/RedGorillaInt","article_modified_time":"2025-09-25T13:38:07+00:00","og_image":[{"width":1800,"height":1800,"url":"https:\/\/redgorilla.eu\/wp-content\/uploads\/large-corn-broom-424793.jpg","type":"image\/jpeg"}],"twitter_card":"summary_large_image","twitter_site":"@RedGorillaInt","schema":{"@context":"https:\/\/schema.org","@graph":[{"@type":"WebPage","@id":"https:\/\/redgorilla.eu\/en\/product\/large-corn-broom\/","url":"https:\/\/redgorilla.eu\/en\/product\/large-corn-broom\/","name":"Large Corn Broom - Red Gorilla Europe","isPartOf":{"@id":"https:\/\/redgorilla.eu\/en\/#website"},"primaryImageOfPage":{"@id":"https:\/\/redgorilla.eu\/en\/product\/large-corn-broom\/#primaryimage"},"image":{"@id":"https:\/\/redgorilla.eu\/en\/product\/large-corn-broom\/#primaryimage"},"thumbnailUrl":"https:\/\/redgorilla.eu\/wp-content\/uploads\/large-corn-broom-424793.jpg","datePublished":"2024-07-15T18:19:04+00:00","dateModified":"2025-09-25T13:38:07+00:00","breadcrumb":{"@id":"https:\/\/redgorilla.eu\/en\/product\/large-corn-broom\/#breadcrumb"},"inLanguage":"en-US","potentialAction":[{"@type":"ReadAction","target":["https:\/\/redgorilla.eu\/en\/product\/large-corn-broom\/"]}]},{"@type":"ImageObject","inLanguage":"en-US","@id":"https:\/\/redgorilla.eu\/en\/product\/large-corn-broom\/#primaryimage","url":"https:\/\/redgorilla.eu\/wp-content\/uploads\/large-corn-broom-424793.jpg","contentUrl":"https:\/\/redgorilla.eu\/wp-content\/uploads\/large-corn-broom-424793.jpg","width":1800,"height":1800},{"@type":"BreadcrumbList","@id":"https:\/\/redgorilla.eu\/en\/product\/large-corn-broom\/#breadcrumb","itemListElement":[{"@type":"ListItem","position":1,"name":"Home","item":"https:\/\/redgorilla.eu\/en\/red-gorilla-home\/"},{"@type":"ListItem","position":2,"name":"Tienda","item":"https:\/\/redgorilla.eu\/tienda\/"},{"@type":"ListItem","position":3,"name":"Large Corn Broom"}]},{"@type":"WebSite","@id":"https:\/\/redgorilla.eu\/en\/#website","url":"https:\/\/redgorilla.eu\/en\/","name":"Red Gorilla Europe","description":"Fabricantes de productos de pl\u00e1stico para la construcci\u00f3n, jard\u00edn y hogar, agricultura y equitaci\u00f3n.","publisher":{"@id":"https:\/\/redgorilla.eu\/en\/#organization"},"potentialAction":[{"@type":"SearchAction","target":{"@type":"EntryPoint","urlTemplate":"https:\/\/redgorilla.eu\/en\/?s={search_term_string}"},"query-input":{"@type":"PropertyValueSpecification","valueRequired":true,"valueName":"search_term_string"}}],"inLanguage":"en-US"},{"@type":"Organization","@id":"https:\/\/redgorilla.eu\/en\/#organization","name":"Red Gorilla International","url":"https:\/\/redgorilla.eu\/en\/","logo":{"@type":"ImageObject","inLanguage":"en-US","@id":"https:\/\/redgorilla.eu\/en\/#\/schema\/logo\/image\/","url":"https:\/\/redgorilla.eu\/wp-content\/uploads\/RED-Easy-Does-It-Logo-Outline-No-Background.png","contentUrl":"https:\/\/redgorilla.eu\/wp-content\/uploads\/RED-Easy-Does-It-Logo-Outline-No-Background.png","width":1800,"height":1800,"caption":"Red Gorilla International"},"image":{"@id":"https:\/\/redgorilla.eu\/en\/#\/schema\/logo\/image\/"},"sameAs":["https:\/\/www.facebook.com\/RedGorillaInt","https:\/\/x.com\/RedGorillaInt","https:\/\/www.tiktok.com\/@redgorillaint"]}]}},"_links":{"self":[{"href":"https:\/\/redgorilla.eu\/en\/wp-json\/wp\/v2\/product\/11054","targetHints":{"allow":["GET"]}}],"collection":[{"href":"https:\/\/redgorilla.eu\/en\/wp-json\/wp\/v2\/product"}],"about":[{"href":"https:\/\/redgorilla.eu\/en\/wp-json\/wp\/v2\/types\/product"}],"version-history":[{"count":1,"href":"https:\/\/redgorilla.eu\/en\/wp-json\/wp\/v2\/product\/11054\/revisions"}],"predecessor-version":[{"id":11063,"href":"https:\/\/redgorilla.eu\/en\/wp-json\/wp\/v2\/product\/11054\/revisions\/11063"}],"wp:featuredmedia":[{"embeddable":true,"href":"https:\/\/redgorilla.eu\/en\/wp-json\/wp\/v2\/media\/6907"}],"wp:attachment":[{"href":"https:\/\/redgorilla.eu\/en\/wp-json\/wp\/v2\/media?parent=11054"}],"wp:term":[{"taxonomy":"product_brand","embeddable":true,"href":"https:\/\/redgorilla.eu\/en\/wp-json\/wp\/v2\/product_brand?post=11054"},{"taxonomy":"product_cat","embeddable":true,"href":"https:\/\/redgorilla.eu\/en\/wp-json\/wp\/v2\/product_cat?post=11054"},{"taxonomy":"product_tag","embeddable":true,"href":"https:\/\/redgorilla.eu\/en\/wp-json\/wp\/v2\/product_tag?post=11054"},{"taxonomy":"certificaciones","embeddable":true,"href":"https:\/\/redgorilla.eu\/en\/wp-json\/wp\/v2\/certificaciones?post=11054"}],"curies":[{"name":"wp","href":"https:\/\/api.w.org\/{rel}","templated":true}]}}