

{"id":11055,"date":"2024-07-13T00:34:20","date_gmt":"2024-07-12T22:34:20","guid":{"rendered":"https:\/\/redgorilla.eu\/?post_type=product&#038;p=11055"},"modified":"2025-09-25T16:58:25","modified_gmt":"2025-09-25T14:58:25","slug":"teenie-tidee-with-traditional-rake","status":"publish","type":"product","link":"https:\/\/redgorilla.eu\/en\/product\/teenie-tidee-with-traditional-rake\/","title":{"rendered":"Teenie Tidee with Traditional Rake"},"content":{"rendered":"","protected":false},"excerpt":{"rendered":"<p>The Teenie Tidee\u2122 is the smallest in our Tidee\u2122 Range and is now available with a short Traditional Rake. Our short Traditional Rake is the perfect tool for mucking out the stable, trailer and your yard. The Teenie Tidee is weather-resistant and lightweight which makes it easy to carry around and muck out in all types of weather. Its compact small size makes this Tidee easy for storage.<\/p>\n","protected":false},"featured_media":8976,"template":"","meta":[],"product_brand":[],"product_cat":[163,165,164],"product_tag":[166],"certificaciones":[218,220,221,217,226],"class_list":{"0":"post-11055","1":"product","2":"type-product","3":"status-publish","4":"has-post-thumbnail","6":"product_cat-equine","7":"product_cat-home-garden","8":"product_cat-tidee-range","9":"product_tag-pickers","10":"certificaciones-eu-en","11":"certificaciones-food-safe-en","12":"certificaciones-hdpe-en","13":"certificaciones-highly-durable","14":"certificaciones-shock-resistant","16":"first","17":"instock","18":"taxable","19":"shipping-taxable","20":"purchasable","21":"product-type-variable","22":"has-default-attributes"},"yoast_head":"<!-- This site is optimized with the Yoast SEO plugin v27.5 - https:\/\/yoast.com\/product\/yoast-seo-wordpress\/ -->\n<title>Teenie Tidee with Traditional Rake - Red Gorilla Europe<\/title>\n<meta name=\"robots\" content=\"index, follow, max-snippet:-1, max-image-preview:large, max-video-preview:-1\" \/>\n<link rel=\"canonical\" href=\"https:\/\/redgorilla.eu\/en\/product\/teenie-tidee-with-traditional-rake\/\" \/>\n<meta property=\"og:locale\" content=\"en_US\" \/>\n<meta property=\"og:type\" content=\"article\" \/>\n<meta property=\"og:title\" content=\"Teenie Tidee with Traditional Rake - Red Gorilla Europe\" \/>\n<meta property=\"og:description\" content=\"The Teenie Tidee\u2122 is the smallest in our Tidee\u2122 Range and is now available with a short Traditional Rake. Our short Traditional Rake is the perfect tool for mucking out the stable, trailer and your yard. The Teenie Tidee is weather-resistant and lightweight which makes it easy to carry around and muck out in all types of weather. Its compact small size makes this Tidee easy for storage.\" \/>\n<meta property=\"og:url\" content=\"https:\/\/redgorilla.eu\/en\/product\/teenie-tidee-with-traditional-rake\/\" \/>\n<meta property=\"og:site_name\" content=\"Red Gorilla Europe\" \/>\n<meta property=\"article:publisher\" content=\"https:\/\/www.facebook.com\/RedGorillaInt\" \/>\n<meta property=\"article:modified_time\" content=\"2025-09-25T14:58:25+00:00\" \/>\n<meta property=\"og:image\" content=\"https:\/\/redgorilla.eu\/wp-content\/uploads\/teenie-tidee-with-short-traditional-rake-463038_1220x1220_crop_center.webp\" \/>\n\t<meta property=\"og:image:width\" content=\"1200\" \/>\n\t<meta property=\"og:image:height\" content=\"1200\" \/>\n\t<meta property=\"og:image:type\" content=\"image\/webp\" \/>\n<meta name=\"twitter:card\" content=\"summary_large_image\" \/>\n<meta name=\"twitter:site\" content=\"@RedGorillaInt\" \/>\n<script type=\"application\/ld+json\" class=\"yoast-schema-graph\">{\"@context\":\"https:\\\/\\\/schema.org\",\"@graph\":[{\"@type\":\"WebPage\",\"@id\":\"https:\\\/\\\/redgorilla.eu\\\/en\\\/product\\\/teenie-tidee-with-traditional-rake\\\/\",\"url\":\"https:\\\/\\\/redgorilla.eu\\\/en\\\/product\\\/teenie-tidee-with-traditional-rake\\\/\",\"name\":\"Teenie Tidee with Traditional Rake - Red Gorilla Europe\",\"isPartOf\":{\"@id\":\"https:\\\/\\\/redgorilla.eu\\\/en\\\/#website\"},\"primaryImageOfPage\":{\"@id\":\"https:\\\/\\\/redgorilla.eu\\\/en\\\/product\\\/teenie-tidee-with-traditional-rake\\\/#primaryimage\"},\"image\":{\"@id\":\"https:\\\/\\\/redgorilla.eu\\\/en\\\/product\\\/teenie-tidee-with-traditional-rake\\\/#primaryimage\"},\"thumbnailUrl\":\"https:\\\/\\\/redgorilla.eu\\\/wp-content\\\/uploads\\\/teenie-tidee-with-short-traditional-rake-463038_1220x1220_crop_center.webp\",\"datePublished\":\"2024-07-12T22:34:20+00:00\",\"dateModified\":\"2025-09-25T14:58:25+00:00\",\"breadcrumb\":{\"@id\":\"https:\\\/\\\/redgorilla.eu\\\/en\\\/product\\\/teenie-tidee-with-traditional-rake\\\/#breadcrumb\"},\"inLanguage\":\"en-US\",\"potentialAction\":[{\"@type\":\"ReadAction\",\"target\":[\"https:\\\/\\\/redgorilla.eu\\\/en\\\/product\\\/teenie-tidee-with-traditional-rake\\\/\"]}]},{\"@type\":\"ImageObject\",\"inLanguage\":\"en-US\",\"@id\":\"https:\\\/\\\/redgorilla.eu\\\/en\\\/product\\\/teenie-tidee-with-traditional-rake\\\/#primaryimage\",\"url\":\"https:\\\/\\\/redgorilla.eu\\\/wp-content\\\/uploads\\\/teenie-tidee-with-short-traditional-rake-463038_1220x1220_crop_center.webp\",\"contentUrl\":\"https:\\\/\\\/redgorilla.eu\\\/wp-content\\\/uploads\\\/teenie-tidee-with-short-traditional-rake-463038_1220x1220_crop_center.webp\",\"width\":1200,\"height\":1200},{\"@type\":\"BreadcrumbList\",\"@id\":\"https:\\\/\\\/redgorilla.eu\\\/en\\\/product\\\/teenie-tidee-with-traditional-rake\\\/#breadcrumb\",\"itemListElement\":[{\"@type\":\"ListItem\",\"position\":1,\"name\":\"Home\",\"item\":\"https:\\\/\\\/redgorilla.eu\\\/en\\\/red-gorilla-home\\\/\"},{\"@type\":\"ListItem\",\"position\":2,\"name\":\"Tienda\",\"item\":\"https:\\\/\\\/redgorilla.eu\\\/tienda\\\/\"},{\"@type\":\"ListItem\",\"position\":3,\"name\":\"Teenie Tidee with Traditional Rake\"}]},{\"@type\":\"WebSite\",\"@id\":\"https:\\\/\\\/redgorilla.eu\\\/en\\\/#website\",\"url\":\"https:\\\/\\\/redgorilla.eu\\\/en\\\/\",\"name\":\"Red Gorilla Europe\",\"description\":\"Fabricantes de productos de pl\u00e1stico para la construcci\u00f3n, jard\u00edn y hogar, agricultura y equitaci\u00f3n.\",\"publisher\":{\"@id\":\"https:\\\/\\\/redgorilla.eu\\\/en\\\/#organization\"},\"potentialAction\":[{\"@type\":\"SearchAction\",\"target\":{\"@type\":\"EntryPoint\",\"urlTemplate\":\"https:\\\/\\\/redgorilla.eu\\\/en\\\/?s={search_term_string}\"},\"query-input\":{\"@type\":\"PropertyValueSpecification\",\"valueRequired\":true,\"valueName\":\"search_term_string\"}}],\"inLanguage\":\"en-US\"},{\"@type\":\"Organization\",\"@id\":\"https:\\\/\\\/redgorilla.eu\\\/en\\\/#organization\",\"name\":\"Red Gorilla International\",\"url\":\"https:\\\/\\\/redgorilla.eu\\\/en\\\/\",\"logo\":{\"@type\":\"ImageObject\",\"inLanguage\":\"en-US\",\"@id\":\"https:\\\/\\\/redgorilla.eu\\\/en\\\/#\\\/schema\\\/logo\\\/image\\\/\",\"url\":\"https:\\\/\\\/redgorilla.eu\\\/wp-content\\\/uploads\\\/RED-Easy-Does-It-Logo-Outline-No-Background.png\",\"contentUrl\":\"https:\\\/\\\/redgorilla.eu\\\/wp-content\\\/uploads\\\/RED-Easy-Does-It-Logo-Outline-No-Background.png\",\"width\":1800,\"height\":1800,\"caption\":\"Red Gorilla International\"},\"image\":{\"@id\":\"https:\\\/\\\/redgorilla.eu\\\/en\\\/#\\\/schema\\\/logo\\\/image\\\/\"},\"sameAs\":[\"https:\\\/\\\/www.facebook.com\\\/RedGorillaInt\",\"https:\\\/\\\/x.com\\\/RedGorillaInt\",\"https:\\\/\\\/www.tiktok.com\\\/@redgorillaint\"]}]}<\/script>\n<!-- \/ Yoast SEO plugin. -->","yoast_head_json":{"title":"Teenie Tidee with Traditional Rake - Red Gorilla Europe","robots":{"index":"index","follow":"follow","max-snippet":"max-snippet:-1","max-image-preview":"max-image-preview:large","max-video-preview":"max-video-preview:-1"},"canonical":"https:\/\/redgorilla.eu\/en\/product\/teenie-tidee-with-traditional-rake\/","og_locale":"en_US","og_type":"article","og_title":"Teenie Tidee with Traditional Rake - Red Gorilla Europe","og_description":"The Teenie Tidee\u2122 is the smallest in our Tidee\u2122 Range and is now available with a short Traditional Rake. Our short Traditional Rake is the perfect tool for mucking out the stable, trailer and your yard. The Teenie Tidee is weather-resistant and lightweight which makes it easy to carry around and muck out in all types of weather. Its compact small size makes this Tidee easy for storage.","og_url":"https:\/\/redgorilla.eu\/en\/product\/teenie-tidee-with-traditional-rake\/","og_site_name":"Red Gorilla Europe","article_publisher":"https:\/\/www.facebook.com\/RedGorillaInt","article_modified_time":"2025-09-25T14:58:25+00:00","og_image":[{"width":1200,"height":1200,"url":"https:\/\/redgorilla.eu\/wp-content\/uploads\/teenie-tidee-with-short-traditional-rake-463038_1220x1220_crop_center.webp","type":"image\/webp"}],"twitter_card":"summary_large_image","twitter_site":"@RedGorillaInt","schema":{"@context":"https:\/\/schema.org","@graph":[{"@type":"WebPage","@id":"https:\/\/redgorilla.eu\/en\/product\/teenie-tidee-with-traditional-rake\/","url":"https:\/\/redgorilla.eu\/en\/product\/teenie-tidee-with-traditional-rake\/","name":"Teenie Tidee with Traditional Rake - Red Gorilla Europe","isPartOf":{"@id":"https:\/\/redgorilla.eu\/en\/#website"},"primaryImageOfPage":{"@id":"https:\/\/redgorilla.eu\/en\/product\/teenie-tidee-with-traditional-rake\/#primaryimage"},"image":{"@id":"https:\/\/redgorilla.eu\/en\/product\/teenie-tidee-with-traditional-rake\/#primaryimage"},"thumbnailUrl":"https:\/\/redgorilla.eu\/wp-content\/uploads\/teenie-tidee-with-short-traditional-rake-463038_1220x1220_crop_center.webp","datePublished":"2024-07-12T22:34:20+00:00","dateModified":"2025-09-25T14:58:25+00:00","breadcrumb":{"@id":"https:\/\/redgorilla.eu\/en\/product\/teenie-tidee-with-traditional-rake\/#breadcrumb"},"inLanguage":"en-US","potentialAction":[{"@type":"ReadAction","target":["https:\/\/redgorilla.eu\/en\/product\/teenie-tidee-with-traditional-rake\/"]}]},{"@type":"ImageObject","inLanguage":"en-US","@id":"https:\/\/redgorilla.eu\/en\/product\/teenie-tidee-with-traditional-rake\/#primaryimage","url":"https:\/\/redgorilla.eu\/wp-content\/uploads\/teenie-tidee-with-short-traditional-rake-463038_1220x1220_crop_center.webp","contentUrl":"https:\/\/redgorilla.eu\/wp-content\/uploads\/teenie-tidee-with-short-traditional-rake-463038_1220x1220_crop_center.webp","width":1200,"height":1200},{"@type":"BreadcrumbList","@id":"https:\/\/redgorilla.eu\/en\/product\/teenie-tidee-with-traditional-rake\/#breadcrumb","itemListElement":[{"@type":"ListItem","position":1,"name":"Home","item":"https:\/\/redgorilla.eu\/en\/red-gorilla-home\/"},{"@type":"ListItem","position":2,"name":"Tienda","item":"https:\/\/redgorilla.eu\/tienda\/"},{"@type":"ListItem","position":3,"name":"Teenie Tidee with Traditional Rake"}]},{"@type":"WebSite","@id":"https:\/\/redgorilla.eu\/en\/#website","url":"https:\/\/redgorilla.eu\/en\/","name":"Red Gorilla Europe","description":"Fabricantes de productos de pl\u00e1stico para la construcci\u00f3n, jard\u00edn y hogar, agricultura y equitaci\u00f3n.","publisher":{"@id":"https:\/\/redgorilla.eu\/en\/#organization"},"potentialAction":[{"@type":"SearchAction","target":{"@type":"EntryPoint","urlTemplate":"https:\/\/redgorilla.eu\/en\/?s={search_term_string}"},"query-input":{"@type":"PropertyValueSpecification","valueRequired":true,"valueName":"search_term_string"}}],"inLanguage":"en-US"},{"@type":"Organization","@id":"https:\/\/redgorilla.eu\/en\/#organization","name":"Red Gorilla International","url":"https:\/\/redgorilla.eu\/en\/","logo":{"@type":"ImageObject","inLanguage":"en-US","@id":"https:\/\/redgorilla.eu\/en\/#\/schema\/logo\/image\/","url":"https:\/\/redgorilla.eu\/wp-content\/uploads\/RED-Easy-Does-It-Logo-Outline-No-Background.png","contentUrl":"https:\/\/redgorilla.eu\/wp-content\/uploads\/RED-Easy-Does-It-Logo-Outline-No-Background.png","width":1800,"height":1800,"caption":"Red Gorilla International"},"image":{"@id":"https:\/\/redgorilla.eu\/en\/#\/schema\/logo\/image\/"},"sameAs":["https:\/\/www.facebook.com\/RedGorillaInt","https:\/\/x.com\/RedGorillaInt","https:\/\/www.tiktok.com\/@redgorillaint"]}]}},"_links":{"self":[{"href":"https:\/\/redgorilla.eu\/en\/wp-json\/wp\/v2\/product\/11055","targetHints":{"allow":["GET"]}}],"collection":[{"href":"https:\/\/redgorilla.eu\/en\/wp-json\/wp\/v2\/product"}],"about":[{"href":"https:\/\/redgorilla.eu\/en\/wp-json\/wp\/v2\/types\/product"}],"version-history":[{"count":1,"href":"https:\/\/redgorilla.eu\/en\/wp-json\/wp\/v2\/product\/11055\/revisions"}],"predecessor-version":[{"id":11072,"href":"https:\/\/redgorilla.eu\/en\/wp-json\/wp\/v2\/product\/11055\/revisions\/11072"}],"wp:featuredmedia":[{"embeddable":true,"href":"https:\/\/redgorilla.eu\/en\/wp-json\/wp\/v2\/media\/8976"}],"wp:attachment":[{"href":"https:\/\/redgorilla.eu\/en\/wp-json\/wp\/v2\/media?parent=11055"}],"wp:term":[{"taxonomy":"product_brand","embeddable":true,"href":"https:\/\/redgorilla.eu\/en\/wp-json\/wp\/v2\/product_brand?post=11055"},{"taxonomy":"product_cat","embeddable":true,"href":"https:\/\/redgorilla.eu\/en\/wp-json\/wp\/v2\/product_cat?post=11055"},{"taxonomy":"product_tag","embeddable":true,"href":"https:\/\/redgorilla.eu\/en\/wp-json\/wp\/v2\/product_tag?post=11055"},{"taxonomy":"certificaciones","embeddable":true,"href":"https:\/\/redgorilla.eu\/en\/wp-json\/wp\/v2\/certificaciones?post=11055"}],"curies":[{"name":"wp","href":"https:\/\/api.w.org\/{rel}","templated":true}]}}