

{"id":11128,"date":"2024-07-16T01:05:58","date_gmt":"2024-07-15T23:05:58","guid":{"rendered":"https:\/\/redgorilla.eu\/?post_type=product&#038;p=11128"},"modified":"2024-07-16T22:14:43","modified_gmt":"2024-07-16T20:14:43","slug":"gorilla-shovel","status":"publish","type":"product","link":"https:\/\/redgorilla.eu\/en\/product\/gorilla-shovel\/","title":{"rendered":"Gorilla Shovel"},"content":{"rendered":"<p>Based on a single piece, unibody, plastic design, the Gorilla Shovel\u00ae is one of the toughest shovels that you can buy. It\u2019s incredibly light to use, yet really, really, strong and powerful.<br \/>\nThe lightweight Gorilla Shovel\u00ae is perfect for lifting and shifting any dirt, muck or rubble.<br \/>\nMade from durable polypropylene, shovels have a very wide and supportive blade for ease of scooping, carrying and digging. This makes challenging tasks just that little bit easier.<br \/>\nAll Red Gorilla\u00ae designs are created with our customers in mind. Our shovels are no exception. The Gorilla Shovel\u00ae is impressively lightweight at just 1.2 kg. They are non-sparking when subjected to impact friction and feature a D-shaped handle for easy grip. This also reduces stress on the muscles in the arm and back.<br \/>\nUsed by equestrians, builders, DIYers, gardeners and others, customers delight in the robustness and performance of the Gorilla Shovel\u00ae.<br \/>\nFrom digging on site, mucking out in the yard and stables, to general gardening and tasks in and around your home, our shovels are a firm favourite with all our customers as they are light, sturdy and superbly capable.<br \/>\nAs with other products in our range, the Gorilla Shovel\u00ae is made from a UV, frost and weather-resistant plastic, hence they\u2019re built to last and can be relied on whatever the weather \u2013 sun or rain!<br \/>\nThe Gorilla Shovel\u00ae is currently available in multiple vibrant colours so there is plenty of choice.<\/p>\n","protected":false},"excerpt":{"rendered":"<p>For an easier to use and more efficient shovel, look no further than the\u00a0Gorilla Shovel<strong>\u2122<\/strong>. It has a single-piece unibody plastic design, \u00a0made from\u00a0durable polypropylene.\u00a0This\u00a0non-sparking\u00a0shovel is\u00a0really strong, but still impressively\u00a0lightweight,\u00a0at\u00a01.2kg, considerably\u00a0reducing fatigue in heavy lifting and shifting jobs. The shovel&#8217;s\u00a0ergonomic D-Handle\u00a0is also designed to increase gripability, which reduces stress on the muscles in the arm and back. Made from a\u00a0UV, frost and weather-resistant\u00a0plastic, the Gorilla Shovel\u2122 is built to last, too.<\/p>\n","protected":false},"featured_media":9453,"template":"","meta":[],"product_brand":[],"product_cat":[167,185,163,199,165],"product_tag":[177],"certificaciones":[219,218,217,222,225,226,227],"class_list":{"0":"post-11128","1":"product","2":"type-product","3":"status-publish","4":"has-post-thumbnail","6":"product_cat-agriculture","7":"product_cat-building","8":"product_cat-equine","9":"product_cat-gorilla-shovel","10":"product_cat-home-garden","11":"product_tag-tools","12":"certificaciones-easy-cleaning","13":"certificaciones-eu-en","14":"certificaciones-highly-durable","15":"certificaciones-light-as-a-feather","16":"certificaciones-resistant-down-to-60oc","17":"certificaciones-shock-resistant","18":"certificaciones-uv-resistant","20":"first","21":"instock","22":"taxable","23":"shipping-taxable","24":"purchasable","25":"product-type-variable","26":"has-default-attributes"},"yoast_head":"<!-- This site is optimized with the Yoast SEO plugin v27.5 - https:\/\/yoast.com\/product\/yoast-seo-wordpress\/ -->\n<title>Gorilla Shovel - Red Gorilla Europe<\/title>\n<meta name=\"robots\" content=\"index, follow, max-snippet:-1, max-image-preview:large, max-video-preview:-1\" \/>\n<link rel=\"canonical\" href=\"https:\/\/redgorilla.eu\/en\/product\/gorilla-shovel\/\" \/>\n<meta property=\"og:locale\" content=\"en_US\" \/>\n<meta property=\"og:type\" content=\"article\" \/>\n<meta property=\"og:title\" content=\"Gorilla Shovel - Red Gorilla Europe\" \/>\n<meta property=\"og:description\" content=\"For an easier to use and more efficient shovel, look no further than the\u00a0Gorilla Shovel\u2122. It has a single-piece unibody plastic design, \u00a0made from\u00a0durable polypropylene.\u00a0This\u00a0non-sparking\u00a0shovel is\u00a0really strong, but still impressively\u00a0lightweight,\u00a0at\u00a01.2kg, considerably\u00a0reducing fatigue in heavy lifting and shifting jobs. The shovel&#039;s\u00a0ergonomic D-Handle\u00a0is also designed to increase gripability, which reduces stress on the muscles in the arm and back. Made from a\u00a0UV, frost and weather-resistant\u00a0plastic, the Gorilla Shovel\u2122 is built to last, too.\" \/>\n<meta property=\"og:url\" content=\"https:\/\/redgorilla.eu\/en\/product\/gorilla-shovel\/\" \/>\n<meta property=\"og:site_name\" content=\"Red Gorilla Europe\" \/>\n<meta property=\"article:publisher\" content=\"https:\/\/www.facebook.com\/RedGorillaInt\" \/>\n<meta property=\"article:modified_time\" content=\"2024-07-16T20:14:43+00:00\" \/>\n<meta property=\"og:image\" content=\"https:\/\/redgorilla.eu\/wp-content\/uploads\/gorilla-shovel-806659_610x610_crop_center.webp\" \/>\n\t<meta property=\"og:image:width\" content=\"610\" \/>\n\t<meta property=\"og:image:height\" content=\"610\" \/>\n\t<meta property=\"og:image:type\" content=\"image\/webp\" \/>\n<meta name=\"twitter:card\" content=\"summary_large_image\" \/>\n<meta name=\"twitter:site\" content=\"@RedGorillaInt\" \/>\n<meta name=\"twitter:label1\" content=\"Est. reading time\" \/>\n\t<meta name=\"twitter:data1\" content=\"1 minute\" \/>\n<script type=\"application\/ld+json\" class=\"yoast-schema-graph\">{\"@context\":\"https:\\\/\\\/schema.org\",\"@graph\":[{\"@type\":\"WebPage\",\"@id\":\"https:\\\/\\\/redgorilla.eu\\\/en\\\/product\\\/gorilla-shovel\\\/\",\"url\":\"https:\\\/\\\/redgorilla.eu\\\/en\\\/product\\\/gorilla-shovel\\\/\",\"name\":\"Gorilla Shovel - Red Gorilla Europe\",\"isPartOf\":{\"@id\":\"https:\\\/\\\/redgorilla.eu\\\/en\\\/#website\"},\"primaryImageOfPage\":{\"@id\":\"https:\\\/\\\/redgorilla.eu\\\/en\\\/product\\\/gorilla-shovel\\\/#primaryimage\"},\"image\":{\"@id\":\"https:\\\/\\\/redgorilla.eu\\\/en\\\/product\\\/gorilla-shovel\\\/#primaryimage\"},\"thumbnailUrl\":\"https:\\\/\\\/redgorilla.eu\\\/wp-content\\\/uploads\\\/gorilla-shovel-806659_610x610_crop_center.webp\",\"datePublished\":\"2024-07-15T23:05:58+00:00\",\"dateModified\":\"2024-07-16T20:14:43+00:00\",\"breadcrumb\":{\"@id\":\"https:\\\/\\\/redgorilla.eu\\\/en\\\/product\\\/gorilla-shovel\\\/#breadcrumb\"},\"inLanguage\":\"en-US\",\"potentialAction\":[{\"@type\":\"ReadAction\",\"target\":[\"https:\\\/\\\/redgorilla.eu\\\/en\\\/product\\\/gorilla-shovel\\\/\"]}]},{\"@type\":\"ImageObject\",\"inLanguage\":\"en-US\",\"@id\":\"https:\\\/\\\/redgorilla.eu\\\/en\\\/product\\\/gorilla-shovel\\\/#primaryimage\",\"url\":\"https:\\\/\\\/redgorilla.eu\\\/wp-content\\\/uploads\\\/gorilla-shovel-806659_610x610_crop_center.webp\",\"contentUrl\":\"https:\\\/\\\/redgorilla.eu\\\/wp-content\\\/uploads\\\/gorilla-shovel-806659_610x610_crop_center.webp\",\"width\":610,\"height\":610},{\"@type\":\"BreadcrumbList\",\"@id\":\"https:\\\/\\\/redgorilla.eu\\\/en\\\/product\\\/gorilla-shovel\\\/#breadcrumb\",\"itemListElement\":[{\"@type\":\"ListItem\",\"position\":1,\"name\":\"Home\",\"item\":\"https:\\\/\\\/redgorilla.eu\\\/en\\\/red-gorilla-home\\\/\"},{\"@type\":\"ListItem\",\"position\":2,\"name\":\"Tienda\",\"item\":\"https:\\\/\\\/redgorilla.eu\\\/tienda\\\/\"},{\"@type\":\"ListItem\",\"position\":3,\"name\":\"Gorilla Shovel\"}]},{\"@type\":\"WebSite\",\"@id\":\"https:\\\/\\\/redgorilla.eu\\\/en\\\/#website\",\"url\":\"https:\\\/\\\/redgorilla.eu\\\/en\\\/\",\"name\":\"Red Gorilla Europe\",\"description\":\"Fabricantes de productos de pl\u00e1stico para la construcci\u00f3n, jard\u00edn y hogar, agricultura y equitaci\u00f3n.\",\"publisher\":{\"@id\":\"https:\\\/\\\/redgorilla.eu\\\/en\\\/#organization\"},\"potentialAction\":[{\"@type\":\"SearchAction\",\"target\":{\"@type\":\"EntryPoint\",\"urlTemplate\":\"https:\\\/\\\/redgorilla.eu\\\/en\\\/?s={search_term_string}\"},\"query-input\":{\"@type\":\"PropertyValueSpecification\",\"valueRequired\":true,\"valueName\":\"search_term_string\"}}],\"inLanguage\":\"en-US\"},{\"@type\":\"Organization\",\"@id\":\"https:\\\/\\\/redgorilla.eu\\\/en\\\/#organization\",\"name\":\"Red Gorilla International\",\"url\":\"https:\\\/\\\/redgorilla.eu\\\/en\\\/\",\"logo\":{\"@type\":\"ImageObject\",\"inLanguage\":\"en-US\",\"@id\":\"https:\\\/\\\/redgorilla.eu\\\/en\\\/#\\\/schema\\\/logo\\\/image\\\/\",\"url\":\"https:\\\/\\\/redgorilla.eu\\\/wp-content\\\/uploads\\\/RED-Easy-Does-It-Logo-Outline-No-Background.png\",\"contentUrl\":\"https:\\\/\\\/redgorilla.eu\\\/wp-content\\\/uploads\\\/RED-Easy-Does-It-Logo-Outline-No-Background.png\",\"width\":1800,\"height\":1800,\"caption\":\"Red Gorilla International\"},\"image\":{\"@id\":\"https:\\\/\\\/redgorilla.eu\\\/en\\\/#\\\/schema\\\/logo\\\/image\\\/\"},\"sameAs\":[\"https:\\\/\\\/www.facebook.com\\\/RedGorillaInt\",\"https:\\\/\\\/x.com\\\/RedGorillaInt\",\"https:\\\/\\\/www.tiktok.com\\\/@redgorillaint\"]}]}<\/script>\n<!-- \/ Yoast SEO plugin. -->","yoast_head_json":{"title":"Gorilla Shovel - Red Gorilla Europe","robots":{"index":"index","follow":"follow","max-snippet":"max-snippet:-1","max-image-preview":"max-image-preview:large","max-video-preview":"max-video-preview:-1"},"canonical":"https:\/\/redgorilla.eu\/en\/product\/gorilla-shovel\/","og_locale":"en_US","og_type":"article","og_title":"Gorilla Shovel - Red Gorilla Europe","og_description":"For an easier to use and more efficient shovel, look no further than the\u00a0Gorilla Shovel\u2122. It has a single-piece unibody plastic design, \u00a0made from\u00a0durable polypropylene.\u00a0This\u00a0non-sparking\u00a0shovel is\u00a0really strong, but still impressively\u00a0lightweight,\u00a0at\u00a01.2kg, considerably\u00a0reducing fatigue in heavy lifting and shifting jobs. The shovel's\u00a0ergonomic D-Handle\u00a0is also designed to increase gripability, which reduces stress on the muscles in the arm and back. Made from a\u00a0UV, frost and weather-resistant\u00a0plastic, the Gorilla Shovel\u2122 is built to last, too.","og_url":"https:\/\/redgorilla.eu\/en\/product\/gorilla-shovel\/","og_site_name":"Red Gorilla Europe","article_publisher":"https:\/\/www.facebook.com\/RedGorillaInt","article_modified_time":"2024-07-16T20:14:43+00:00","og_image":[{"width":610,"height":610,"url":"https:\/\/redgorilla.eu\/wp-content\/uploads\/gorilla-shovel-806659_610x610_crop_center.webp","type":"image\/webp"}],"twitter_card":"summary_large_image","twitter_site":"@RedGorillaInt","twitter_misc":{"Est. reading time":"1 minute"},"schema":{"@context":"https:\/\/schema.org","@graph":[{"@type":"WebPage","@id":"https:\/\/redgorilla.eu\/en\/product\/gorilla-shovel\/","url":"https:\/\/redgorilla.eu\/en\/product\/gorilla-shovel\/","name":"Gorilla Shovel - Red Gorilla Europe","isPartOf":{"@id":"https:\/\/redgorilla.eu\/en\/#website"},"primaryImageOfPage":{"@id":"https:\/\/redgorilla.eu\/en\/product\/gorilla-shovel\/#primaryimage"},"image":{"@id":"https:\/\/redgorilla.eu\/en\/product\/gorilla-shovel\/#primaryimage"},"thumbnailUrl":"https:\/\/redgorilla.eu\/wp-content\/uploads\/gorilla-shovel-806659_610x610_crop_center.webp","datePublished":"2024-07-15T23:05:58+00:00","dateModified":"2024-07-16T20:14:43+00:00","breadcrumb":{"@id":"https:\/\/redgorilla.eu\/en\/product\/gorilla-shovel\/#breadcrumb"},"inLanguage":"en-US","potentialAction":[{"@type":"ReadAction","target":["https:\/\/redgorilla.eu\/en\/product\/gorilla-shovel\/"]}]},{"@type":"ImageObject","inLanguage":"en-US","@id":"https:\/\/redgorilla.eu\/en\/product\/gorilla-shovel\/#primaryimage","url":"https:\/\/redgorilla.eu\/wp-content\/uploads\/gorilla-shovel-806659_610x610_crop_center.webp","contentUrl":"https:\/\/redgorilla.eu\/wp-content\/uploads\/gorilla-shovel-806659_610x610_crop_center.webp","width":610,"height":610},{"@type":"BreadcrumbList","@id":"https:\/\/redgorilla.eu\/en\/product\/gorilla-shovel\/#breadcrumb","itemListElement":[{"@type":"ListItem","position":1,"name":"Home","item":"https:\/\/redgorilla.eu\/en\/red-gorilla-home\/"},{"@type":"ListItem","position":2,"name":"Tienda","item":"https:\/\/redgorilla.eu\/tienda\/"},{"@type":"ListItem","position":3,"name":"Gorilla Shovel"}]},{"@type":"WebSite","@id":"https:\/\/redgorilla.eu\/en\/#website","url":"https:\/\/redgorilla.eu\/en\/","name":"Red Gorilla Europe","description":"Fabricantes de productos de pl\u00e1stico para la construcci\u00f3n, jard\u00edn y hogar, agricultura y equitaci\u00f3n.","publisher":{"@id":"https:\/\/redgorilla.eu\/en\/#organization"},"potentialAction":[{"@type":"SearchAction","target":{"@type":"EntryPoint","urlTemplate":"https:\/\/redgorilla.eu\/en\/?s={search_term_string}"},"query-input":{"@type":"PropertyValueSpecification","valueRequired":true,"valueName":"search_term_string"}}],"inLanguage":"en-US"},{"@type":"Organization","@id":"https:\/\/redgorilla.eu\/en\/#organization","name":"Red Gorilla International","url":"https:\/\/redgorilla.eu\/en\/","logo":{"@type":"ImageObject","inLanguage":"en-US","@id":"https:\/\/redgorilla.eu\/en\/#\/schema\/logo\/image\/","url":"https:\/\/redgorilla.eu\/wp-content\/uploads\/RED-Easy-Does-It-Logo-Outline-No-Background.png","contentUrl":"https:\/\/redgorilla.eu\/wp-content\/uploads\/RED-Easy-Does-It-Logo-Outline-No-Background.png","width":1800,"height":1800,"caption":"Red Gorilla International"},"image":{"@id":"https:\/\/redgorilla.eu\/en\/#\/schema\/logo\/image\/"},"sameAs":["https:\/\/www.facebook.com\/RedGorillaInt","https:\/\/x.com\/RedGorillaInt","https:\/\/www.tiktok.com\/@redgorillaint"]}]}},"_links":{"self":[{"href":"https:\/\/redgorilla.eu\/en\/wp-json\/wp\/v2\/product\/11128","targetHints":{"allow":["GET"]}}],"collection":[{"href":"https:\/\/redgorilla.eu\/en\/wp-json\/wp\/v2\/product"}],"about":[{"href":"https:\/\/redgorilla.eu\/en\/wp-json\/wp\/v2\/types\/product"}],"version-history":[{"count":1,"href":"https:\/\/redgorilla.eu\/en\/wp-json\/wp\/v2\/product\/11128\/revisions"}],"predecessor-version":[{"id":11138,"href":"https:\/\/redgorilla.eu\/en\/wp-json\/wp\/v2\/product\/11128\/revisions\/11138"}],"wp:featuredmedia":[{"embeddable":true,"href":"https:\/\/redgorilla.eu\/en\/wp-json\/wp\/v2\/media\/9453"}],"wp:attachment":[{"href":"https:\/\/redgorilla.eu\/en\/wp-json\/wp\/v2\/media?parent=11128"}],"wp:term":[{"taxonomy":"product_brand","embeddable":true,"href":"https:\/\/redgorilla.eu\/en\/wp-json\/wp\/v2\/product_brand?post=11128"},{"taxonomy":"product_cat","embeddable":true,"href":"https:\/\/redgorilla.eu\/en\/wp-json\/wp\/v2\/product_cat?post=11128"},{"taxonomy":"product_tag","embeddable":true,"href":"https:\/\/redgorilla.eu\/en\/wp-json\/wp\/v2\/product_tag?post=11128"},{"taxonomy":"certificaciones","embeddable":true,"href":"https:\/\/redgorilla.eu\/en\/wp-json\/wp\/v2\/certificaciones?post=11128"}],"curies":[{"name":"wp","href":"https:\/\/api.w.org\/{rel}","templated":true}]}}