

{"id":11167,"date":"2024-07-16T00:25:04","date_gmt":"2024-07-15T22:25:04","guid":{"rendered":"https:\/\/redgorilla.eu\/?post_type=product&#038;p=11167"},"modified":"2024-07-16T22:22:41","modified_gmt":"2024-07-16T20:22:41","slug":"sweat-scraper","status":"publish","type":"product","link":"https:\/\/redgorilla.eu\/en\/product\/sweat-scraper\/","title":{"rendered":"Sweat Scraper"},"content":{"rendered":"","protected":false},"excerpt":{"rendered":"<p>The two-toned\u00a0<strong>Sweat Scraper<\/strong>\u00a0is a good quality tool for removing excess water and sweat from your horse, following exercise or bath. This durable tool is the perfect addition to any grooming kit.\u00a0Made from Polypropylene with a supple one-sided flexible rubber scraper and grip.<\/p>\n","protected":false},"featured_media":6971,"template":"","meta":[],"product_brand":[],"product_cat":[163],"product_tag":[184],"certificaciones":[218,217,226],"class_list":{"0":"post-11167","1":"product","2":"type-product","3":"status-publish","4":"has-post-thumbnail","6":"product_cat-equine","7":"product_tag-maintenance","8":"certificaciones-eu-en","9":"certificaciones-highly-durable","10":"certificaciones-shock-resistant","12":"first","13":"instock","14":"taxable","15":"shipping-taxable","16":"purchasable","17":"product-type-variable","18":"has-default-attributes"},"yoast_head":"<!-- This site is optimized with the Yoast SEO plugin v27.2 - https:\/\/yoast.com\/product\/yoast-seo-wordpress\/ -->\n<title>Sweat Scraper - Red Gorilla Europe<\/title>\n<meta name=\"robots\" content=\"index, follow, max-snippet:-1, max-image-preview:large, max-video-preview:-1\" \/>\n<link rel=\"canonical\" href=\"https:\/\/redgorilla.eu\/en\/product\/sweat-scraper\/\" \/>\n<meta property=\"og:locale\" content=\"en_US\" \/>\n<meta property=\"og:type\" content=\"article\" \/>\n<meta property=\"og:title\" content=\"Sweat Scraper - Red Gorilla Europe\" \/>\n<meta property=\"og:description\" content=\"The two-toned\u00a0Sweat Scraper\u00a0is a good quality tool for removing excess water and sweat from your horse, following exercise or bath. This durable tool is the perfect addition to any grooming kit.\u00a0Made from Polypropylene with a supple one-sided flexible rubber scraper and grip.\" \/>\n<meta property=\"og:url\" content=\"https:\/\/redgorilla.eu\/en\/product\/sweat-scraper\/\" \/>\n<meta property=\"og:site_name\" content=\"Red Gorilla Europe\" \/>\n<meta property=\"article:publisher\" content=\"https:\/\/www.facebook.com\/RedGorillaInt\" \/>\n<meta property=\"article:modified_time\" content=\"2024-07-16T20:22:41+00:00\" \/>\n<meta property=\"og:image\" content=\"https:\/\/redgorilla.eu\/wp-content\/uploads\/red-gorilla-sweat-scraper-812301.jpg\" \/>\n\t<meta property=\"og:image:width\" content=\"700\" \/>\n\t<meta property=\"og:image:height\" content=\"800\" \/>\n\t<meta property=\"og:image:type\" content=\"image\/jpeg\" \/>\n<meta name=\"twitter:card\" content=\"summary_large_image\" \/>\n<meta name=\"twitter:site\" content=\"@RedGorillaInt\" \/>\n<script type=\"application\/ld+json\" class=\"yoast-schema-graph\">{\"@context\":\"https:\/\/schema.org\",\"@graph\":[{\"@type\":\"WebPage\",\"@id\":\"https:\/\/redgorilla.eu\/en\/product\/sweat-scraper\/\",\"url\":\"https:\/\/redgorilla.eu\/en\/product\/sweat-scraper\/\",\"name\":\"Sweat Scraper - Red Gorilla Europe\",\"isPartOf\":{\"@id\":\"https:\/\/redgorilla.eu\/en\/#website\"},\"primaryImageOfPage\":{\"@id\":\"https:\/\/redgorilla.eu\/en\/product\/sweat-scraper\/#primaryimage\"},\"image\":{\"@id\":\"https:\/\/redgorilla.eu\/en\/product\/sweat-scraper\/#primaryimage\"},\"thumbnailUrl\":\"https:\/\/redgorilla.eu\/wp-content\/uploads\/red-gorilla-sweat-scraper-812301.jpg\",\"datePublished\":\"2024-07-15T22:25:04+00:00\",\"dateModified\":\"2024-07-16T20:22:41+00:00\",\"breadcrumb\":{\"@id\":\"https:\/\/redgorilla.eu\/en\/product\/sweat-scraper\/#breadcrumb\"},\"inLanguage\":\"en-US\",\"potentialAction\":[{\"@type\":\"ReadAction\",\"target\":[\"https:\/\/redgorilla.eu\/en\/product\/sweat-scraper\/\"]}]},{\"@type\":\"ImageObject\",\"inLanguage\":\"en-US\",\"@id\":\"https:\/\/redgorilla.eu\/en\/product\/sweat-scraper\/#primaryimage\",\"url\":\"https:\/\/redgorilla.eu\/wp-content\/uploads\/red-gorilla-sweat-scraper-812301.jpg\",\"contentUrl\":\"https:\/\/redgorilla.eu\/wp-content\/uploads\/red-gorilla-sweat-scraper-812301.jpg\",\"width\":700,\"height\":800},{\"@type\":\"BreadcrumbList\",\"@id\":\"https:\/\/redgorilla.eu\/en\/product\/sweat-scraper\/#breadcrumb\",\"itemListElement\":[{\"@type\":\"ListItem\",\"position\":1,\"name\":\"Home\",\"item\":\"https:\/\/redgorilla.eu\/en\/red-gorilla-home\/\"},{\"@type\":\"ListItem\",\"position\":2,\"name\":\"Tienda\",\"item\":\"https:\/\/redgorilla.eu\/tienda\/\"},{\"@type\":\"ListItem\",\"position\":3,\"name\":\"Sweat Scraper\"}]},{\"@type\":\"WebSite\",\"@id\":\"https:\/\/redgorilla.eu\/en\/#website\",\"url\":\"https:\/\/redgorilla.eu\/en\/\",\"name\":\"Red Gorilla Europe\",\"description\":\"Fabricantes de productos de pl\u00e1stico para la construcci\u00f3n, jard\u00edn y hogar, agricultura y equitaci\u00f3n.\",\"publisher\":{\"@id\":\"https:\/\/redgorilla.eu\/en\/#organization\"},\"potentialAction\":[{\"@type\":\"SearchAction\",\"target\":{\"@type\":\"EntryPoint\",\"urlTemplate\":\"https:\/\/redgorilla.eu\/en\/?s={search_term_string}\"},\"query-input\":{\"@type\":\"PropertyValueSpecification\",\"valueRequired\":true,\"valueName\":\"search_term_string\"}}],\"inLanguage\":\"en-US\"},{\"@type\":\"Organization\",\"@id\":\"https:\/\/redgorilla.eu\/en\/#organization\",\"name\":\"Red Gorilla International\",\"url\":\"https:\/\/redgorilla.eu\/en\/\",\"logo\":{\"@type\":\"ImageObject\",\"inLanguage\":\"en-US\",\"@id\":\"https:\/\/redgorilla.eu\/en\/#\/schema\/logo\/image\/\",\"url\":\"https:\/\/redgorilla.eu\/wp-content\/uploads\/RED-Easy-Does-It-Logo-Outline-No-Background.png\",\"contentUrl\":\"https:\/\/redgorilla.eu\/wp-content\/uploads\/RED-Easy-Does-It-Logo-Outline-No-Background.png\",\"width\":1800,\"height\":1800,\"caption\":\"Red Gorilla International\"},\"image\":{\"@id\":\"https:\/\/redgorilla.eu\/en\/#\/schema\/logo\/image\/\"},\"sameAs\":[\"https:\/\/www.facebook.com\/RedGorillaInt\",\"https:\/\/x.com\/RedGorillaInt\",\"https:\/\/www.tiktok.com\/@redgorillaint\"]}]}<\/script>\n<!-- \/ Yoast SEO plugin. -->","yoast_head_json":{"title":"Sweat Scraper - Red Gorilla Europe","robots":{"index":"index","follow":"follow","max-snippet":"max-snippet:-1","max-image-preview":"max-image-preview:large","max-video-preview":"max-video-preview:-1"},"canonical":"https:\/\/redgorilla.eu\/en\/product\/sweat-scraper\/","og_locale":"en_US","og_type":"article","og_title":"Sweat Scraper - Red Gorilla Europe","og_description":"The two-toned\u00a0Sweat Scraper\u00a0is a good quality tool for removing excess water and sweat from your horse, following exercise or bath. This durable tool is the perfect addition to any grooming kit.\u00a0Made from Polypropylene with a supple one-sided flexible rubber scraper and grip.","og_url":"https:\/\/redgorilla.eu\/en\/product\/sweat-scraper\/","og_site_name":"Red Gorilla Europe","article_publisher":"https:\/\/www.facebook.com\/RedGorillaInt","article_modified_time":"2024-07-16T20:22:41+00:00","og_image":[{"width":700,"height":800,"url":"https:\/\/redgorilla.eu\/wp-content\/uploads\/red-gorilla-sweat-scraper-812301.jpg","type":"image\/jpeg"}],"twitter_card":"summary_large_image","twitter_site":"@RedGorillaInt","schema":{"@context":"https:\/\/schema.org","@graph":[{"@type":"WebPage","@id":"https:\/\/redgorilla.eu\/en\/product\/sweat-scraper\/","url":"https:\/\/redgorilla.eu\/en\/product\/sweat-scraper\/","name":"Sweat Scraper - Red Gorilla Europe","isPartOf":{"@id":"https:\/\/redgorilla.eu\/en\/#website"},"primaryImageOfPage":{"@id":"https:\/\/redgorilla.eu\/en\/product\/sweat-scraper\/#primaryimage"},"image":{"@id":"https:\/\/redgorilla.eu\/en\/product\/sweat-scraper\/#primaryimage"},"thumbnailUrl":"https:\/\/redgorilla.eu\/wp-content\/uploads\/red-gorilla-sweat-scraper-812301.jpg","datePublished":"2024-07-15T22:25:04+00:00","dateModified":"2024-07-16T20:22:41+00:00","breadcrumb":{"@id":"https:\/\/redgorilla.eu\/en\/product\/sweat-scraper\/#breadcrumb"},"inLanguage":"en-US","potentialAction":[{"@type":"ReadAction","target":["https:\/\/redgorilla.eu\/en\/product\/sweat-scraper\/"]}]},{"@type":"ImageObject","inLanguage":"en-US","@id":"https:\/\/redgorilla.eu\/en\/product\/sweat-scraper\/#primaryimage","url":"https:\/\/redgorilla.eu\/wp-content\/uploads\/red-gorilla-sweat-scraper-812301.jpg","contentUrl":"https:\/\/redgorilla.eu\/wp-content\/uploads\/red-gorilla-sweat-scraper-812301.jpg","width":700,"height":800},{"@type":"BreadcrumbList","@id":"https:\/\/redgorilla.eu\/en\/product\/sweat-scraper\/#breadcrumb","itemListElement":[{"@type":"ListItem","position":1,"name":"Home","item":"https:\/\/redgorilla.eu\/en\/red-gorilla-home\/"},{"@type":"ListItem","position":2,"name":"Tienda","item":"https:\/\/redgorilla.eu\/tienda\/"},{"@type":"ListItem","position":3,"name":"Sweat Scraper"}]},{"@type":"WebSite","@id":"https:\/\/redgorilla.eu\/en\/#website","url":"https:\/\/redgorilla.eu\/en\/","name":"Red Gorilla Europe","description":"Fabricantes de productos de pl\u00e1stico para la construcci\u00f3n, jard\u00edn y hogar, agricultura y equitaci\u00f3n.","publisher":{"@id":"https:\/\/redgorilla.eu\/en\/#organization"},"potentialAction":[{"@type":"SearchAction","target":{"@type":"EntryPoint","urlTemplate":"https:\/\/redgorilla.eu\/en\/?s={search_term_string}"},"query-input":{"@type":"PropertyValueSpecification","valueRequired":true,"valueName":"search_term_string"}}],"inLanguage":"en-US"},{"@type":"Organization","@id":"https:\/\/redgorilla.eu\/en\/#organization","name":"Red Gorilla International","url":"https:\/\/redgorilla.eu\/en\/","logo":{"@type":"ImageObject","inLanguage":"en-US","@id":"https:\/\/redgorilla.eu\/en\/#\/schema\/logo\/image\/","url":"https:\/\/redgorilla.eu\/wp-content\/uploads\/RED-Easy-Does-It-Logo-Outline-No-Background.png","contentUrl":"https:\/\/redgorilla.eu\/wp-content\/uploads\/RED-Easy-Does-It-Logo-Outline-No-Background.png","width":1800,"height":1800,"caption":"Red Gorilla International"},"image":{"@id":"https:\/\/redgorilla.eu\/en\/#\/schema\/logo\/image\/"},"sameAs":["https:\/\/www.facebook.com\/RedGorillaInt","https:\/\/x.com\/RedGorillaInt","https:\/\/www.tiktok.com\/@redgorillaint"]}]}},"_links":{"self":[{"href":"https:\/\/redgorilla.eu\/en\/wp-json\/wp\/v2\/product\/11167","targetHints":{"allow":["GET"]}}],"collection":[{"href":"https:\/\/redgorilla.eu\/en\/wp-json\/wp\/v2\/product"}],"about":[{"href":"https:\/\/redgorilla.eu\/en\/wp-json\/wp\/v2\/types\/product"}],"version-history":[{"count":1,"href":"https:\/\/redgorilla.eu\/en\/wp-json\/wp\/v2\/product\/11167\/revisions"}],"predecessor-version":[{"id":11169,"href":"https:\/\/redgorilla.eu\/en\/wp-json\/wp\/v2\/product\/11167\/revisions\/11169"}],"wp:featuredmedia":[{"embeddable":true,"href":"https:\/\/redgorilla.eu\/en\/wp-json\/wp\/v2\/media\/6971"}],"wp:attachment":[{"href":"https:\/\/redgorilla.eu\/en\/wp-json\/wp\/v2\/media?parent=11167"}],"wp:term":[{"taxonomy":"product_brand","embeddable":true,"href":"https:\/\/redgorilla.eu\/en\/wp-json\/wp\/v2\/product_brand?post=11167"},{"taxonomy":"product_cat","embeddable":true,"href":"https:\/\/redgorilla.eu\/en\/wp-json\/wp\/v2\/product_cat?post=11167"},{"taxonomy":"product_tag","embeddable":true,"href":"https:\/\/redgorilla.eu\/en\/wp-json\/wp\/v2\/product_tag?post=11167"},{"taxonomy":"certificaciones","embeddable":true,"href":"https:\/\/redgorilla.eu\/en\/wp-json\/wp\/v2\/certificaciones?post=11167"}],"curies":[{"name":"wp","href":"https:\/\/api.w.org\/{rel}","templated":true}]}}