

{"id":11191,"date":"2024-07-15T23:12:01","date_gmt":"2024-07-15T21:12:01","guid":{"rendered":"https:\/\/redgorilla.eu\/?post_type=product&#038;p=11191"},"modified":"2024-07-16T22:31:06","modified_gmt":"2024-07-16T20:31:06","slug":"tidee-companion-set","status":"publish","type":"product","link":"https:\/\/redgorilla.eu\/en\/product\/tidee-companion-set\/","title":{"rendered":"Tidee Companion Set"},"content":{"rendered":"<p>The Tidee\u2122 Companion Set makes cleaning less of a chore. Comprising 3 integral pieces \u2013 a sturdy rake, mini broom and a large scoop \u2013 this exclusive set equips you with everything you need to keep things spick and span!<br \/>\nThe lightweight Tidee\u2122 Companion Set is known and loved across the equestrian world. Whether you\u2019re responsible for a small stable or a massive arena, you\u2019ll find these tools a great help as you go about your daily cleaning duties.<br \/>\nBoth UV and frost-proof, perfectly designed and very light to manage, the Tidee\u2122 Companion Set makes even the most challenging tasks just that little bit easier.<br \/>\nAll Red Gorilla\u00ae designs are created with our customers in mind. Our Tidee\u2122 Companion Set is no exception. Each piece has a sturdy aluminium shaft, ensuring tools are up to the job, and a moulded grip handle for secure handling.<br \/>\nThe integral rake features a full width scraper edge on the back, and the broom has nimble, non-absorbent polypropylene bristles, so it\u2019s versatile and unaffected by bad weather. The scoop is purposefully designed with a deep sweep capacity and secure fastening to handle.<br \/>\nUsed by equestrians, stable managers, DIYers and increasingly on site, all our users delight in the robustness and performance of our Tidee\u2122 tools.<br \/>\nThe Tidee\u2122 Companion Set, as with other products in the range, is available in several vibrant colours so there is plenty of choice.<\/p>\n","protected":false},"excerpt":{"rendered":"<p>TheTidee\u2122 Companion Setis designed to make mucking out and collecting waste\u00a0more efficient.\u00a0This\u00a0ultimate kit\u00a0is\u00a0weather-resistant\u00a0and includes a\u00a0rake, mini broom and a large scoop.\u00a0With this\u00a0Tidee\u2122 Companion Set, you will find mucking out more comfortable as the Tidee\u2122 has a\u00a0long handle\u00a0which helps to\u00a0reduce back pain.\u00a0It&#8217;s\u00a0compact design\u00a0is easy for storage.<\/p>\n","protected":false},"featured_media":9273,"template":"","meta":[],"product_brand":[],"product_cat":[163,165,164],"product_tag":[166],"certificaciones":[218,217,226],"class_list":{"0":"post-11191","1":"product","2":"type-product","3":"status-publish","4":"has-post-thumbnail","6":"product_cat-equine","7":"product_cat-home-garden","8":"product_cat-tidee-range","9":"product_tag-pickers","10":"certificaciones-eu-en","11":"certificaciones-highly-durable","12":"certificaciones-shock-resistant","14":"first","15":"instock","16":"taxable","17":"shipping-taxable","18":"purchasable","19":"product-type-variable","20":"has-default-attributes"},"yoast_head":"<!-- This site is optimized with the Yoast SEO plugin v27.5 - https:\/\/yoast.com\/product\/yoast-seo-wordpress\/ -->\n<title>Tidee Companion Set - Red Gorilla Europe<\/title>\n<meta name=\"robots\" content=\"index, follow, max-snippet:-1, max-image-preview:large, max-video-preview:-1\" \/>\n<link rel=\"canonical\" href=\"https:\/\/redgorilla.eu\/en\/product\/tidee-companion-set\/\" \/>\n<meta property=\"og:locale\" content=\"en_US\" \/>\n<meta property=\"og:type\" content=\"article\" \/>\n<meta property=\"og:title\" content=\"Tidee Companion Set - Red Gorilla Europe\" \/>\n<meta property=\"og:description\" content=\"TheTidee\u2122 Companion Setis designed to make mucking out and collecting waste\u00a0more efficient.\u00a0This\u00a0ultimate kit\u00a0is\u00a0weather-resistant\u00a0and includes a\u00a0rake, mini broom and a large scoop.\u00a0With this\u00a0Tidee\u2122 Companion Set, you will find mucking out more comfortable as the Tidee\u2122 has a\u00a0long handle\u00a0which helps to\u00a0reduce back pain.\u00a0It&#039;s\u00a0compact design\u00a0is easy for storage.\" \/>\n<meta property=\"og:url\" content=\"https:\/\/redgorilla.eu\/en\/product\/tidee-companion-set\/\" \/>\n<meta property=\"og:site_name\" content=\"Red Gorilla Europe\" \/>\n<meta property=\"article:publisher\" content=\"https:\/\/www.facebook.com\/RedGorillaInt\" \/>\n<meta property=\"article:modified_time\" content=\"2024-07-16T20:31:06+00:00\" \/>\n<meta property=\"og:image\" content=\"https:\/\/redgorilla.eu\/wp-content\/uploads\/tidee-companion-set-562231_1220x1220_crop_center.webp\" \/>\n\t<meta property=\"og:image:width\" content=\"1220\" \/>\n\t<meta property=\"og:image:height\" content=\"1220\" \/>\n\t<meta property=\"og:image:type\" content=\"image\/webp\" \/>\n<meta name=\"twitter:card\" content=\"summary_large_image\" \/>\n<meta name=\"twitter:site\" content=\"@RedGorillaInt\" \/>\n<meta name=\"twitter:label1\" content=\"Est. reading time\" \/>\n\t<meta name=\"twitter:data1\" content=\"1 minute\" \/>\n<script type=\"application\/ld+json\" class=\"yoast-schema-graph\">{\"@context\":\"https:\\\/\\\/schema.org\",\"@graph\":[{\"@type\":\"WebPage\",\"@id\":\"https:\\\/\\\/redgorilla.eu\\\/en\\\/product\\\/tidee-companion-set\\\/\",\"url\":\"https:\\\/\\\/redgorilla.eu\\\/en\\\/product\\\/tidee-companion-set\\\/\",\"name\":\"Tidee Companion Set - Red Gorilla Europe\",\"isPartOf\":{\"@id\":\"https:\\\/\\\/redgorilla.eu\\\/en\\\/#website\"},\"primaryImageOfPage\":{\"@id\":\"https:\\\/\\\/redgorilla.eu\\\/en\\\/product\\\/tidee-companion-set\\\/#primaryimage\"},\"image\":{\"@id\":\"https:\\\/\\\/redgorilla.eu\\\/en\\\/product\\\/tidee-companion-set\\\/#primaryimage\"},\"thumbnailUrl\":\"https:\\\/\\\/redgorilla.eu\\\/wp-content\\\/uploads\\\/tidee-companion-set-562231_1220x1220_crop_center.webp\",\"datePublished\":\"2024-07-15T21:12:01+00:00\",\"dateModified\":\"2024-07-16T20:31:06+00:00\",\"breadcrumb\":{\"@id\":\"https:\\\/\\\/redgorilla.eu\\\/en\\\/product\\\/tidee-companion-set\\\/#breadcrumb\"},\"inLanguage\":\"en-US\",\"potentialAction\":[{\"@type\":\"ReadAction\",\"target\":[\"https:\\\/\\\/redgorilla.eu\\\/en\\\/product\\\/tidee-companion-set\\\/\"]}]},{\"@type\":\"ImageObject\",\"inLanguage\":\"en-US\",\"@id\":\"https:\\\/\\\/redgorilla.eu\\\/en\\\/product\\\/tidee-companion-set\\\/#primaryimage\",\"url\":\"https:\\\/\\\/redgorilla.eu\\\/wp-content\\\/uploads\\\/tidee-companion-set-562231_1220x1220_crop_center.webp\",\"contentUrl\":\"https:\\\/\\\/redgorilla.eu\\\/wp-content\\\/uploads\\\/tidee-companion-set-562231_1220x1220_crop_center.webp\",\"width\":1220,\"height\":1220},{\"@type\":\"BreadcrumbList\",\"@id\":\"https:\\\/\\\/redgorilla.eu\\\/en\\\/product\\\/tidee-companion-set\\\/#breadcrumb\",\"itemListElement\":[{\"@type\":\"ListItem\",\"position\":1,\"name\":\"Home\",\"item\":\"https:\\\/\\\/redgorilla.eu\\\/en\\\/red-gorilla-home\\\/\"},{\"@type\":\"ListItem\",\"position\":2,\"name\":\"Tienda\",\"item\":\"https:\\\/\\\/redgorilla.eu\\\/tienda\\\/\"},{\"@type\":\"ListItem\",\"position\":3,\"name\":\"Tidee Companion Set\"}]},{\"@type\":\"WebSite\",\"@id\":\"https:\\\/\\\/redgorilla.eu\\\/en\\\/#website\",\"url\":\"https:\\\/\\\/redgorilla.eu\\\/en\\\/\",\"name\":\"Red Gorilla Europe\",\"description\":\"Fabricantes de productos de pl\u00e1stico para la construcci\u00f3n, jard\u00edn y hogar, agricultura y equitaci\u00f3n.\",\"publisher\":{\"@id\":\"https:\\\/\\\/redgorilla.eu\\\/en\\\/#organization\"},\"potentialAction\":[{\"@type\":\"SearchAction\",\"target\":{\"@type\":\"EntryPoint\",\"urlTemplate\":\"https:\\\/\\\/redgorilla.eu\\\/en\\\/?s={search_term_string}\"},\"query-input\":{\"@type\":\"PropertyValueSpecification\",\"valueRequired\":true,\"valueName\":\"search_term_string\"}}],\"inLanguage\":\"en-US\"},{\"@type\":\"Organization\",\"@id\":\"https:\\\/\\\/redgorilla.eu\\\/en\\\/#organization\",\"name\":\"Red Gorilla International\",\"url\":\"https:\\\/\\\/redgorilla.eu\\\/en\\\/\",\"logo\":{\"@type\":\"ImageObject\",\"inLanguage\":\"en-US\",\"@id\":\"https:\\\/\\\/redgorilla.eu\\\/en\\\/#\\\/schema\\\/logo\\\/image\\\/\",\"url\":\"https:\\\/\\\/redgorilla.eu\\\/wp-content\\\/uploads\\\/RED-Easy-Does-It-Logo-Outline-No-Background.png\",\"contentUrl\":\"https:\\\/\\\/redgorilla.eu\\\/wp-content\\\/uploads\\\/RED-Easy-Does-It-Logo-Outline-No-Background.png\",\"width\":1800,\"height\":1800,\"caption\":\"Red Gorilla International\"},\"image\":{\"@id\":\"https:\\\/\\\/redgorilla.eu\\\/en\\\/#\\\/schema\\\/logo\\\/image\\\/\"},\"sameAs\":[\"https:\\\/\\\/www.facebook.com\\\/RedGorillaInt\",\"https:\\\/\\\/x.com\\\/RedGorillaInt\",\"https:\\\/\\\/www.tiktok.com\\\/@redgorillaint\"]}]}<\/script>\n<!-- \/ Yoast SEO plugin. -->","yoast_head_json":{"title":"Tidee Companion Set - Red Gorilla Europe","robots":{"index":"index","follow":"follow","max-snippet":"max-snippet:-1","max-image-preview":"max-image-preview:large","max-video-preview":"max-video-preview:-1"},"canonical":"https:\/\/redgorilla.eu\/en\/product\/tidee-companion-set\/","og_locale":"en_US","og_type":"article","og_title":"Tidee Companion Set - Red Gorilla Europe","og_description":"TheTidee\u2122 Companion Setis designed to make mucking out and collecting waste\u00a0more efficient.\u00a0This\u00a0ultimate kit\u00a0is\u00a0weather-resistant\u00a0and includes a\u00a0rake, mini broom and a large scoop.\u00a0With this\u00a0Tidee\u2122 Companion Set, you will find mucking out more comfortable as the Tidee\u2122 has a\u00a0long handle\u00a0which helps to\u00a0reduce back pain.\u00a0It's\u00a0compact design\u00a0is easy for storage.","og_url":"https:\/\/redgorilla.eu\/en\/product\/tidee-companion-set\/","og_site_name":"Red Gorilla Europe","article_publisher":"https:\/\/www.facebook.com\/RedGorillaInt","article_modified_time":"2024-07-16T20:31:06+00:00","og_image":[{"width":1220,"height":1220,"url":"https:\/\/redgorilla.eu\/wp-content\/uploads\/tidee-companion-set-562231_1220x1220_crop_center.webp","type":"image\/webp"}],"twitter_card":"summary_large_image","twitter_site":"@RedGorillaInt","twitter_misc":{"Est. reading time":"1 minute"},"schema":{"@context":"https:\/\/schema.org","@graph":[{"@type":"WebPage","@id":"https:\/\/redgorilla.eu\/en\/product\/tidee-companion-set\/","url":"https:\/\/redgorilla.eu\/en\/product\/tidee-companion-set\/","name":"Tidee Companion Set - Red Gorilla Europe","isPartOf":{"@id":"https:\/\/redgorilla.eu\/en\/#website"},"primaryImageOfPage":{"@id":"https:\/\/redgorilla.eu\/en\/product\/tidee-companion-set\/#primaryimage"},"image":{"@id":"https:\/\/redgorilla.eu\/en\/product\/tidee-companion-set\/#primaryimage"},"thumbnailUrl":"https:\/\/redgorilla.eu\/wp-content\/uploads\/tidee-companion-set-562231_1220x1220_crop_center.webp","datePublished":"2024-07-15T21:12:01+00:00","dateModified":"2024-07-16T20:31:06+00:00","breadcrumb":{"@id":"https:\/\/redgorilla.eu\/en\/product\/tidee-companion-set\/#breadcrumb"},"inLanguage":"en-US","potentialAction":[{"@type":"ReadAction","target":["https:\/\/redgorilla.eu\/en\/product\/tidee-companion-set\/"]}]},{"@type":"ImageObject","inLanguage":"en-US","@id":"https:\/\/redgorilla.eu\/en\/product\/tidee-companion-set\/#primaryimage","url":"https:\/\/redgorilla.eu\/wp-content\/uploads\/tidee-companion-set-562231_1220x1220_crop_center.webp","contentUrl":"https:\/\/redgorilla.eu\/wp-content\/uploads\/tidee-companion-set-562231_1220x1220_crop_center.webp","width":1220,"height":1220},{"@type":"BreadcrumbList","@id":"https:\/\/redgorilla.eu\/en\/product\/tidee-companion-set\/#breadcrumb","itemListElement":[{"@type":"ListItem","position":1,"name":"Home","item":"https:\/\/redgorilla.eu\/en\/red-gorilla-home\/"},{"@type":"ListItem","position":2,"name":"Tienda","item":"https:\/\/redgorilla.eu\/tienda\/"},{"@type":"ListItem","position":3,"name":"Tidee Companion Set"}]},{"@type":"WebSite","@id":"https:\/\/redgorilla.eu\/en\/#website","url":"https:\/\/redgorilla.eu\/en\/","name":"Red Gorilla Europe","description":"Fabricantes de productos de pl\u00e1stico para la construcci\u00f3n, jard\u00edn y hogar, agricultura y equitaci\u00f3n.","publisher":{"@id":"https:\/\/redgorilla.eu\/en\/#organization"},"potentialAction":[{"@type":"SearchAction","target":{"@type":"EntryPoint","urlTemplate":"https:\/\/redgorilla.eu\/en\/?s={search_term_string}"},"query-input":{"@type":"PropertyValueSpecification","valueRequired":true,"valueName":"search_term_string"}}],"inLanguage":"en-US"},{"@type":"Organization","@id":"https:\/\/redgorilla.eu\/en\/#organization","name":"Red Gorilla International","url":"https:\/\/redgorilla.eu\/en\/","logo":{"@type":"ImageObject","inLanguage":"en-US","@id":"https:\/\/redgorilla.eu\/en\/#\/schema\/logo\/image\/","url":"https:\/\/redgorilla.eu\/wp-content\/uploads\/RED-Easy-Does-It-Logo-Outline-No-Background.png","contentUrl":"https:\/\/redgorilla.eu\/wp-content\/uploads\/RED-Easy-Does-It-Logo-Outline-No-Background.png","width":1800,"height":1800,"caption":"Red Gorilla International"},"image":{"@id":"https:\/\/redgorilla.eu\/en\/#\/schema\/logo\/image\/"},"sameAs":["https:\/\/www.facebook.com\/RedGorillaInt","https:\/\/x.com\/RedGorillaInt","https:\/\/www.tiktok.com\/@redgorillaint"]}]}},"_links":{"self":[{"href":"https:\/\/redgorilla.eu\/en\/wp-json\/wp\/v2\/product\/11191","targetHints":{"allow":["GET"]}}],"collection":[{"href":"https:\/\/redgorilla.eu\/en\/wp-json\/wp\/v2\/product"}],"about":[{"href":"https:\/\/redgorilla.eu\/en\/wp-json\/wp\/v2\/types\/product"}],"version-history":[{"count":1,"href":"https:\/\/redgorilla.eu\/en\/wp-json\/wp\/v2\/product\/11191\/revisions"}],"predecessor-version":[{"id":11199,"href":"https:\/\/redgorilla.eu\/en\/wp-json\/wp\/v2\/product\/11191\/revisions\/11199"}],"wp:featuredmedia":[{"embeddable":true,"href":"https:\/\/redgorilla.eu\/en\/wp-json\/wp\/v2\/media\/9273"}],"wp:attachment":[{"href":"https:\/\/redgorilla.eu\/en\/wp-json\/wp\/v2\/media?parent=11191"}],"wp:term":[{"taxonomy":"product_brand","embeddable":true,"href":"https:\/\/redgorilla.eu\/en\/wp-json\/wp\/v2\/product_brand?post=11191"},{"taxonomy":"product_cat","embeddable":true,"href":"https:\/\/redgorilla.eu\/en\/wp-json\/wp\/v2\/product_cat?post=11191"},{"taxonomy":"product_tag","embeddable":true,"href":"https:\/\/redgorilla.eu\/en\/wp-json\/wp\/v2\/product_tag?post=11191"},{"taxonomy":"certificaciones","embeddable":true,"href":"https:\/\/redgorilla.eu\/en\/wp-json\/wp\/v2\/certificaciones?post=11191"}],"curies":[{"name":"wp","href":"https:\/\/api.w.org\/{rel}","templated":true}]}}