

{"id":11243,"date":"2024-07-18T05:10:52","date_gmt":"2024-07-18T03:10:52","guid":{"rendered":"https:\/\/redgorilla.eu\/?post_type=product&#038;p=11243"},"modified":"2025-11-11T13:36:06","modified_gmt":"2025-11-11T11:36:06","slug":"micro-gorilla-tub","status":"publish","type":"product","link":"https:\/\/redgorilla.eu\/en\/product\/micro-gorilla-tub\/","title":{"rendered":"Micro Gorilla Tub\u00ae\u00a0300ml"},"content":{"rendered":"<p>The useful little Gorilla Tub\u00ae Micro is the smallest tub that we do. Don\u2019t be put off by the size of this cute tub, it may be small, but it\u2019s big in personality!<\/p>\n<p>With a capacity of 300 ml, use it for storage and organising things, prepping food, imaginative play, gardening and other jobs around your home, garden and workplace. The Gorilla Tub\u00ae Micro 300ml is a flexible, multi-purpose tub that our customers love as it can be used for all manner of different things. It enjoys all the same features as our larger Gorilla Tubs\u00ae, including easy grip \u2018golf ball\u2019 handles for safe handling and use as well as also featuring ribbed sides for additional durability and strength, along with chamfered edges to make scooping and pouring just a little easier, this delightful little tub is weather resistant, remaining unaffected by extreme heat or cold.<\/p>\n<p>Another bonus is that these tubs are made from a *food-grade LDPE, low-density polyethylene, so are suitable for storing and preparing food in. Its also non-toxic and completely safe for animals.<\/p>\n<p>The Gorilla Tub\u00ae Micro measures height: 7cm x diameter: 9.5cm.<\/p>\n","protected":false},"excerpt":{"rendered":"<p>The\u00a0<strong>Micro Gorilla Tub\u00ae<\/strong>\u00a0300ml,\u00a0\u00a0previously part of the\u00a0Tubtrug\u00ae range,\u00a0is a flexible and\u00a0weather resistant\u00a0tub that is built to last. You can\u00a0use this tub for everything!\u00a0The &#8216;golf\u00a0ball&#8217;\u00a0handles make Gorilla Tub\u00ae easy to grip and carry, while the reinforce handle as a whole can take the pressure of even very heavy loads. The sides of the tub a ribbed, to ensure it&#8217;s strength and durability, and the edges are chamfered to make scooping, sweeping up or pouring even easier. They are also produced using *food-grade LDPE,\u00a0meaning\u00a0your Gorilla Tub\u00ae is suitable for storing and preparing food in, as well as ensuring they&#8217;re horse and pet friendly, too.\u00a0All our tubs are BPA free *<em>excluding Black, Green and Yellow.<\/em><\/p>\n","protected":false},"featured_media":6863,"template":"","meta":[],"product_brand":[],"product_cat":[189,165],"product_tag":[190],"certificaciones":[219,218,220,217,222,223,224,225,226,227],"class_list":{"0":"post-11243","1":"product","2":"type-product","3":"status-publish","4":"has-post-thumbnail","6":"product_cat-gorilla-tub","7":"product_cat-home-garden","8":"product_tag-tubs","9":"certificaciones-easy-cleaning","10":"certificaciones-eu-en","11":"certificaciones-food-safe-en","12":"certificaciones-highly-durable","13":"certificaciones-light-as-a-feather","14":"certificaciones-lldpe-en","15":"certificaciones-reach-en","16":"certificaciones-resistant-down-to-60oc","17":"certificaciones-shock-resistant","18":"certificaciones-uv-resistant","20":"first","21":"instock","22":"taxable","23":"shipping-taxable","24":"purchasable","25":"product-type-variable","26":"has-default-attributes"},"yoast_head":"<!-- This site is optimized with the Yoast SEO plugin v27.5 - https:\/\/yoast.com\/product\/yoast-seo-wordpress\/ -->\n<title>Gorilla Tub Micro 300ml - Portable Multipurpose Tub<\/title>\n<meta name=\"description\" content=\"Discover the versatility of the Gorilla Tub\u00ae. Ideal for animal feeding, gardening, cleaning, DIY and more. Durable, food-grade, and multi-purpose.\" \/>\n<meta name=\"robots\" content=\"index, follow, max-snippet:-1, max-image-preview:large, max-video-preview:-1\" \/>\n<link rel=\"canonical\" href=\"https:\/\/redgorilla.eu\/en\/product\/micro-gorilla-tub\/\" \/>\n<meta property=\"og:locale\" content=\"en_US\" \/>\n<meta property=\"og:type\" content=\"article\" \/>\n<meta property=\"og:title\" content=\"Gorilla Tub Micro 300ml - Portable Multipurpose Tub\" \/>\n<meta property=\"og:description\" content=\"Discover the versatility of the Gorilla Tub\u00ae. Ideal for animal feeding, gardening, cleaning, DIY and more. Durable, food-grade, and multi-purpose.\" \/>\n<meta property=\"og:url\" content=\"https:\/\/redgorilla.eu\/en\/product\/micro-gorilla-tub\/\" \/>\n<meta property=\"og:site_name\" content=\"Red Gorilla Europe\" \/>\n<meta property=\"article:publisher\" content=\"https:\/\/www.facebook.com\/RedGorillaInt\" \/>\n<meta property=\"article:modified_time\" content=\"2025-11-11T11:36:06+00:00\" \/>\n<meta property=\"og:image\" content=\"https:\/\/redgorilla.eu\/wp-content\/uploads\/gorilla-tub-micro-300ml-132026.jpg\" \/>\n\t<meta property=\"og:image:width\" content=\"1800\" \/>\n\t<meta property=\"og:image:height\" content=\"1800\" \/>\n\t<meta property=\"og:image:type\" content=\"image\/jpeg\" \/>\n<meta name=\"twitter:card\" content=\"summary_large_image\" \/>\n<meta name=\"twitter:site\" content=\"@RedGorillaInt\" \/>\n<meta name=\"twitter:label1\" content=\"Est. reading time\" \/>\n\t<meta name=\"twitter:data1\" content=\"2 minutes\" \/>\n<script type=\"application\/ld+json\" class=\"yoast-schema-graph\">{\"@context\":\"https:\\\/\\\/schema.org\",\"@graph\":[{\"@type\":\"WebPage\",\"@id\":\"https:\\\/\\\/redgorilla.eu\\\/en\\\/product\\\/micro-gorilla-tub\\\/\",\"url\":\"https:\\\/\\\/redgorilla.eu\\\/en\\\/product\\\/micro-gorilla-tub\\\/\",\"name\":\"Gorilla Tub Micro 300ml - Portable Multipurpose Tub\",\"isPartOf\":{\"@id\":\"https:\\\/\\\/redgorilla.eu\\\/en\\\/#website\"},\"primaryImageOfPage\":{\"@id\":\"https:\\\/\\\/redgorilla.eu\\\/en\\\/product\\\/micro-gorilla-tub\\\/#primaryimage\"},\"image\":{\"@id\":\"https:\\\/\\\/redgorilla.eu\\\/en\\\/product\\\/micro-gorilla-tub\\\/#primaryimage\"},\"thumbnailUrl\":\"https:\\\/\\\/redgorilla.eu\\\/wp-content\\\/uploads\\\/gorilla-tub-micro-300ml-132026.jpg\",\"datePublished\":\"2024-07-18T03:10:52+00:00\",\"dateModified\":\"2025-11-11T11:36:06+00:00\",\"description\":\"Discover the versatility of the Gorilla Tub\u00ae. Ideal for animal feeding, gardening, cleaning, DIY and more. Durable, food-grade, and multi-purpose.\",\"breadcrumb\":{\"@id\":\"https:\\\/\\\/redgorilla.eu\\\/en\\\/product\\\/micro-gorilla-tub\\\/#breadcrumb\"},\"inLanguage\":\"en-US\",\"potentialAction\":[{\"@type\":\"ReadAction\",\"target\":[\"https:\\\/\\\/redgorilla.eu\\\/en\\\/product\\\/micro-gorilla-tub\\\/\"]}]},{\"@type\":\"ImageObject\",\"inLanguage\":\"en-US\",\"@id\":\"https:\\\/\\\/redgorilla.eu\\\/en\\\/product\\\/micro-gorilla-tub\\\/#primaryimage\",\"url\":\"https:\\\/\\\/redgorilla.eu\\\/wp-content\\\/uploads\\\/gorilla-tub-micro-300ml-132026.jpg\",\"contentUrl\":\"https:\\\/\\\/redgorilla.eu\\\/wp-content\\\/uploads\\\/gorilla-tub-micro-300ml-132026.jpg\",\"width\":1800,\"height\":1800},{\"@type\":\"BreadcrumbList\",\"@id\":\"https:\\\/\\\/redgorilla.eu\\\/en\\\/product\\\/micro-gorilla-tub\\\/#breadcrumb\",\"itemListElement\":[{\"@type\":\"ListItem\",\"position\":1,\"name\":\"Home\",\"item\":\"https:\\\/\\\/redgorilla.eu\\\/en\\\/red-gorilla-home\\\/\"},{\"@type\":\"ListItem\",\"position\":2,\"name\":\"Tienda\",\"item\":\"https:\\\/\\\/redgorilla.eu\\\/tienda\\\/\"},{\"@type\":\"ListItem\",\"position\":3,\"name\":\"Micro Gorilla Tub\u00ae\u00a0300ml\"}]},{\"@type\":\"WebSite\",\"@id\":\"https:\\\/\\\/redgorilla.eu\\\/en\\\/#website\",\"url\":\"https:\\\/\\\/redgorilla.eu\\\/en\\\/\",\"name\":\"Red Gorilla Europe\",\"description\":\"Fabricantes de productos de pl\u00e1stico para la construcci\u00f3n, jard\u00edn y hogar, agricultura y equitaci\u00f3n.\",\"publisher\":{\"@id\":\"https:\\\/\\\/redgorilla.eu\\\/en\\\/#organization\"},\"potentialAction\":[{\"@type\":\"SearchAction\",\"target\":{\"@type\":\"EntryPoint\",\"urlTemplate\":\"https:\\\/\\\/redgorilla.eu\\\/en\\\/?s={search_term_string}\"},\"query-input\":{\"@type\":\"PropertyValueSpecification\",\"valueRequired\":true,\"valueName\":\"search_term_string\"}}],\"inLanguage\":\"en-US\"},{\"@type\":\"Organization\",\"@id\":\"https:\\\/\\\/redgorilla.eu\\\/en\\\/#organization\",\"name\":\"Red Gorilla International\",\"url\":\"https:\\\/\\\/redgorilla.eu\\\/en\\\/\",\"logo\":{\"@type\":\"ImageObject\",\"inLanguage\":\"en-US\",\"@id\":\"https:\\\/\\\/redgorilla.eu\\\/en\\\/#\\\/schema\\\/logo\\\/image\\\/\",\"url\":\"https:\\\/\\\/redgorilla.eu\\\/wp-content\\\/uploads\\\/RED-Easy-Does-It-Logo-Outline-No-Background.png\",\"contentUrl\":\"https:\\\/\\\/redgorilla.eu\\\/wp-content\\\/uploads\\\/RED-Easy-Does-It-Logo-Outline-No-Background.png\",\"width\":1800,\"height\":1800,\"caption\":\"Red Gorilla International\"},\"image\":{\"@id\":\"https:\\\/\\\/redgorilla.eu\\\/en\\\/#\\\/schema\\\/logo\\\/image\\\/\"},\"sameAs\":[\"https:\\\/\\\/www.facebook.com\\\/RedGorillaInt\",\"https:\\\/\\\/x.com\\\/RedGorillaInt\",\"https:\\\/\\\/www.tiktok.com\\\/@redgorillaint\"]}]}<\/script>\n<!-- \/ Yoast SEO plugin. -->","yoast_head_json":{"title":"Gorilla Tub Micro 300ml - Portable Multipurpose Tub","description":"Discover the versatility of the Gorilla Tub\u00ae. Ideal for animal feeding, gardening, cleaning, DIY and more. Durable, food-grade, and multi-purpose.","robots":{"index":"index","follow":"follow","max-snippet":"max-snippet:-1","max-image-preview":"max-image-preview:large","max-video-preview":"max-video-preview:-1"},"canonical":"https:\/\/redgorilla.eu\/en\/product\/micro-gorilla-tub\/","og_locale":"en_US","og_type":"article","og_title":"Gorilla Tub Micro 300ml - Portable Multipurpose Tub","og_description":"Discover the versatility of the Gorilla Tub\u00ae. Ideal for animal feeding, gardening, cleaning, DIY and more. Durable, food-grade, and multi-purpose.","og_url":"https:\/\/redgorilla.eu\/en\/product\/micro-gorilla-tub\/","og_site_name":"Red Gorilla Europe","article_publisher":"https:\/\/www.facebook.com\/RedGorillaInt","article_modified_time":"2025-11-11T11:36:06+00:00","og_image":[{"width":1800,"height":1800,"url":"https:\/\/redgorilla.eu\/wp-content\/uploads\/gorilla-tub-micro-300ml-132026.jpg","type":"image\/jpeg"}],"twitter_card":"summary_large_image","twitter_site":"@RedGorillaInt","twitter_misc":{"Est. reading time":"2 minutes"},"schema":{"@context":"https:\/\/schema.org","@graph":[{"@type":"WebPage","@id":"https:\/\/redgorilla.eu\/en\/product\/micro-gorilla-tub\/","url":"https:\/\/redgorilla.eu\/en\/product\/micro-gorilla-tub\/","name":"Gorilla Tub Micro 300ml - Portable Multipurpose Tub","isPartOf":{"@id":"https:\/\/redgorilla.eu\/en\/#website"},"primaryImageOfPage":{"@id":"https:\/\/redgorilla.eu\/en\/product\/micro-gorilla-tub\/#primaryimage"},"image":{"@id":"https:\/\/redgorilla.eu\/en\/product\/micro-gorilla-tub\/#primaryimage"},"thumbnailUrl":"https:\/\/redgorilla.eu\/wp-content\/uploads\/gorilla-tub-micro-300ml-132026.jpg","datePublished":"2024-07-18T03:10:52+00:00","dateModified":"2025-11-11T11:36:06+00:00","description":"Discover the versatility of the Gorilla Tub\u00ae. Ideal for animal feeding, gardening, cleaning, DIY and more. Durable, food-grade, and multi-purpose.","breadcrumb":{"@id":"https:\/\/redgorilla.eu\/en\/product\/micro-gorilla-tub\/#breadcrumb"},"inLanguage":"en-US","potentialAction":[{"@type":"ReadAction","target":["https:\/\/redgorilla.eu\/en\/product\/micro-gorilla-tub\/"]}]},{"@type":"ImageObject","inLanguage":"en-US","@id":"https:\/\/redgorilla.eu\/en\/product\/micro-gorilla-tub\/#primaryimage","url":"https:\/\/redgorilla.eu\/wp-content\/uploads\/gorilla-tub-micro-300ml-132026.jpg","contentUrl":"https:\/\/redgorilla.eu\/wp-content\/uploads\/gorilla-tub-micro-300ml-132026.jpg","width":1800,"height":1800},{"@type":"BreadcrumbList","@id":"https:\/\/redgorilla.eu\/en\/product\/micro-gorilla-tub\/#breadcrumb","itemListElement":[{"@type":"ListItem","position":1,"name":"Home","item":"https:\/\/redgorilla.eu\/en\/red-gorilla-home\/"},{"@type":"ListItem","position":2,"name":"Tienda","item":"https:\/\/redgorilla.eu\/tienda\/"},{"@type":"ListItem","position":3,"name":"Micro Gorilla Tub\u00ae\u00a0300ml"}]},{"@type":"WebSite","@id":"https:\/\/redgorilla.eu\/en\/#website","url":"https:\/\/redgorilla.eu\/en\/","name":"Red Gorilla Europe","description":"Fabricantes de productos de pl\u00e1stico para la construcci\u00f3n, jard\u00edn y hogar, agricultura y equitaci\u00f3n.","publisher":{"@id":"https:\/\/redgorilla.eu\/en\/#organization"},"potentialAction":[{"@type":"SearchAction","target":{"@type":"EntryPoint","urlTemplate":"https:\/\/redgorilla.eu\/en\/?s={search_term_string}"},"query-input":{"@type":"PropertyValueSpecification","valueRequired":true,"valueName":"search_term_string"}}],"inLanguage":"en-US"},{"@type":"Organization","@id":"https:\/\/redgorilla.eu\/en\/#organization","name":"Red Gorilla International","url":"https:\/\/redgorilla.eu\/en\/","logo":{"@type":"ImageObject","inLanguage":"en-US","@id":"https:\/\/redgorilla.eu\/en\/#\/schema\/logo\/image\/","url":"https:\/\/redgorilla.eu\/wp-content\/uploads\/RED-Easy-Does-It-Logo-Outline-No-Background.png","contentUrl":"https:\/\/redgorilla.eu\/wp-content\/uploads\/RED-Easy-Does-It-Logo-Outline-No-Background.png","width":1800,"height":1800,"caption":"Red Gorilla International"},"image":{"@id":"https:\/\/redgorilla.eu\/en\/#\/schema\/logo\/image\/"},"sameAs":["https:\/\/www.facebook.com\/RedGorillaInt","https:\/\/x.com\/RedGorillaInt","https:\/\/www.tiktok.com\/@redgorillaint"]}]}},"_links":{"self":[{"href":"https:\/\/redgorilla.eu\/en\/wp-json\/wp\/v2\/product\/11243","targetHints":{"allow":["GET"]}}],"collection":[{"href":"https:\/\/redgorilla.eu\/en\/wp-json\/wp\/v2\/product"}],"about":[{"href":"https:\/\/redgorilla.eu\/en\/wp-json\/wp\/v2\/types\/product"}],"version-history":[{"count":8,"href":"https:\/\/redgorilla.eu\/en\/wp-json\/wp\/v2\/product\/11243\/revisions"}],"predecessor-version":[{"id":12077,"href":"https:\/\/redgorilla.eu\/en\/wp-json\/wp\/v2\/product\/11243\/revisions\/12077"}],"wp:featuredmedia":[{"embeddable":true,"href":"https:\/\/redgorilla.eu\/en\/wp-json\/wp\/v2\/media\/6863"}],"wp:attachment":[{"href":"https:\/\/redgorilla.eu\/en\/wp-json\/wp\/v2\/media?parent=11243"}],"wp:term":[{"taxonomy":"product_brand","embeddable":true,"href":"https:\/\/redgorilla.eu\/en\/wp-json\/wp\/v2\/product_brand?post=11243"},{"taxonomy":"product_cat","embeddable":true,"href":"https:\/\/redgorilla.eu\/en\/wp-json\/wp\/v2\/product_cat?post=11243"},{"taxonomy":"product_tag","embeddable":true,"href":"https:\/\/redgorilla.eu\/en\/wp-json\/wp\/v2\/product_tag?post=11243"},{"taxonomy":"certificaciones","embeddable":true,"href":"https:\/\/redgorilla.eu\/en\/wp-json\/wp\/v2\/certificaciones?post=11243"}],"curies":[{"name":"wp","href":"https:\/\/api.w.org\/{rel}","templated":true}]}}