

{"id":11350,"date":"2024-07-17T17:06:54","date_gmt":"2024-07-17T15:06:54","guid":{"rendered":"https:\/\/redgorilla.eu\/?post_type=product&#038;p=11350"},"modified":"2024-07-17T17:12:23","modified_gmt":"2024-07-17T15:12:23","slug":"multi-bin-with-clip-lid","status":"publish","type":"product","link":"https:\/\/redgorilla.eu\/en\/product\/multi-bin-with-clip-lid\/","title":{"rendered":"Multi-Bin with Clip Lid"},"content":{"rendered":"","protected":false},"excerpt":{"rendered":"<p>The\u00a0Multi Binfrom Red Gorilla\u00ae\u00a0high-quality bin made from\u00a0100% recycled plastic. These bins are\u00a0UV ray\u00a0and\u00a0frost resistant\u00a0which makes these bins perfect for storing animal food outdoors or using for waste disposal. The bin has quality features such as a\u00a0deep recessed bottom\u00a0and\u00a0reinforced foot. This bin comes with a\u00a0locking Clip Lid\u00a0which helps\u00a0deter rodents.<\/p>\n","protected":false},"featured_media":11356,"template":"","meta":[],"product_brand":[],"product_cat":[167,185,163,165],"product_tag":[186],"certificaciones":[219,218,221,217,222,225,226,227],"class_list":{"0":"post-11350","1":"product","2":"type-product","3":"status-publish","4":"has-post-thumbnail","6":"product_cat-agriculture","7":"product_cat-building","8":"product_cat-equine","9":"product_cat-home-garden","10":"product_tag-buckets","11":"certificaciones-easy-cleaning","12":"certificaciones-eu-en","13":"certificaciones-hdpe-en","14":"certificaciones-highly-durable","15":"certificaciones-light-as-a-feather","16":"certificaciones-resistant-down-to-60oc","17":"certificaciones-shock-resistant","18":"certificaciones-uv-resistant","20":"first","21":"instock","22":"taxable","23":"shipping-taxable","24":"purchasable","25":"product-type-variable","26":"has-default-attributes"},"yoast_head":"<!-- This site is optimized with the Yoast SEO plugin v27.5 - https:\/\/yoast.com\/product\/yoast-seo-wordpress\/ -->\n<title>Multi-Bin with Clip Lid - Red Gorilla Europe<\/title>\n<meta name=\"robots\" content=\"index, follow, max-snippet:-1, max-image-preview:large, max-video-preview:-1\" \/>\n<link rel=\"canonical\" href=\"https:\/\/redgorilla.eu\/en\/product\/multi-bin-with-clip-lid\/\" \/>\n<meta property=\"og:locale\" content=\"en_US\" \/>\n<meta property=\"og:type\" content=\"article\" \/>\n<meta property=\"og:title\" content=\"Multi-Bin with Clip Lid - Red Gorilla Europe\" \/>\n<meta property=\"og:description\" content=\"The\u00a0Multi Binfrom Red Gorilla\u00ae\u00a0high-quality bin made from\u00a0100% recycled plastic. These bins are\u00a0UV ray\u00a0and\u00a0frost resistant\u00a0which makes these bins perfect for storing animal food outdoors or using for waste disposal. The bin has quality features such as a\u00a0deep recessed bottom\u00a0and\u00a0reinforced foot. This bin comes with a\u00a0locking Clip Lid\u00a0which helps\u00a0deter rodents.\" \/>\n<meta property=\"og:url\" content=\"https:\/\/redgorilla.eu\/en\/product\/multi-bin-with-clip-lid\/\" \/>\n<meta property=\"og:site_name\" content=\"Red Gorilla Europe\" \/>\n<meta property=\"article:publisher\" content=\"https:\/\/www.facebook.com\/RedGorillaInt\" \/>\n<meta property=\"article:modified_time\" content=\"2024-07-17T15:12:23+00:00\" \/>\n<meta property=\"og:image\" content=\"https:\/\/redgorilla.eu\/wp-content\/uploads\/multi-bin-with-lid-100l.png\" \/>\n\t<meta property=\"og:image:width\" content=\"1000\" \/>\n\t<meta property=\"og:image:height\" content=\"1000\" \/>\n\t<meta property=\"og:image:type\" content=\"image\/png\" \/>\n<meta name=\"twitter:card\" content=\"summary_large_image\" \/>\n<meta name=\"twitter:site\" content=\"@RedGorillaInt\" \/>\n<script type=\"application\/ld+json\" class=\"yoast-schema-graph\">{\"@context\":\"https:\\\/\\\/schema.org\",\"@graph\":[{\"@type\":\"WebPage\",\"@id\":\"https:\\\/\\\/redgorilla.eu\\\/en\\\/product\\\/multi-bin-with-clip-lid\\\/\",\"url\":\"https:\\\/\\\/redgorilla.eu\\\/en\\\/product\\\/multi-bin-with-clip-lid\\\/\",\"name\":\"Multi-Bin with Clip Lid - Red Gorilla Europe\",\"isPartOf\":{\"@id\":\"https:\\\/\\\/redgorilla.eu\\\/en\\\/#website\"},\"primaryImageOfPage\":{\"@id\":\"https:\\\/\\\/redgorilla.eu\\\/en\\\/product\\\/multi-bin-with-clip-lid\\\/#primaryimage\"},\"image\":{\"@id\":\"https:\\\/\\\/redgorilla.eu\\\/en\\\/product\\\/multi-bin-with-clip-lid\\\/#primaryimage\"},\"thumbnailUrl\":\"https:\\\/\\\/redgorilla.eu\\\/wp-content\\\/uploads\\\/multi-bin-with-lid-100l.png\",\"datePublished\":\"2024-07-17T15:06:54+00:00\",\"dateModified\":\"2024-07-17T15:12:23+00:00\",\"breadcrumb\":{\"@id\":\"https:\\\/\\\/redgorilla.eu\\\/en\\\/product\\\/multi-bin-with-clip-lid\\\/#breadcrumb\"},\"inLanguage\":\"en-US\",\"potentialAction\":[{\"@type\":\"ReadAction\",\"target\":[\"https:\\\/\\\/redgorilla.eu\\\/en\\\/product\\\/multi-bin-with-clip-lid\\\/\"]}]},{\"@type\":\"ImageObject\",\"inLanguage\":\"en-US\",\"@id\":\"https:\\\/\\\/redgorilla.eu\\\/en\\\/product\\\/multi-bin-with-clip-lid\\\/#primaryimage\",\"url\":\"https:\\\/\\\/redgorilla.eu\\\/wp-content\\\/uploads\\\/multi-bin-with-lid-100l.png\",\"contentUrl\":\"https:\\\/\\\/redgorilla.eu\\\/wp-content\\\/uploads\\\/multi-bin-with-lid-100l.png\",\"width\":1000,\"height\":1000},{\"@type\":\"BreadcrumbList\",\"@id\":\"https:\\\/\\\/redgorilla.eu\\\/en\\\/product\\\/multi-bin-with-clip-lid\\\/#breadcrumb\",\"itemListElement\":[{\"@type\":\"ListItem\",\"position\":1,\"name\":\"Home\",\"item\":\"https:\\\/\\\/redgorilla.eu\\\/en\\\/red-gorilla-home\\\/\"},{\"@type\":\"ListItem\",\"position\":2,\"name\":\"Tienda\",\"item\":\"https:\\\/\\\/redgorilla.eu\\\/tienda\\\/\"},{\"@type\":\"ListItem\",\"position\":3,\"name\":\"Multi-Bin with Clip Lid\"}]},{\"@type\":\"WebSite\",\"@id\":\"https:\\\/\\\/redgorilla.eu\\\/en\\\/#website\",\"url\":\"https:\\\/\\\/redgorilla.eu\\\/en\\\/\",\"name\":\"Red Gorilla Europe\",\"description\":\"Fabricantes de productos de pl\u00e1stico para la construcci\u00f3n, jard\u00edn y hogar, agricultura y equitaci\u00f3n.\",\"publisher\":{\"@id\":\"https:\\\/\\\/redgorilla.eu\\\/en\\\/#organization\"},\"potentialAction\":[{\"@type\":\"SearchAction\",\"target\":{\"@type\":\"EntryPoint\",\"urlTemplate\":\"https:\\\/\\\/redgorilla.eu\\\/en\\\/?s={search_term_string}\"},\"query-input\":{\"@type\":\"PropertyValueSpecification\",\"valueRequired\":true,\"valueName\":\"search_term_string\"}}],\"inLanguage\":\"en-US\"},{\"@type\":\"Organization\",\"@id\":\"https:\\\/\\\/redgorilla.eu\\\/en\\\/#organization\",\"name\":\"Red Gorilla International\",\"url\":\"https:\\\/\\\/redgorilla.eu\\\/en\\\/\",\"logo\":{\"@type\":\"ImageObject\",\"inLanguage\":\"en-US\",\"@id\":\"https:\\\/\\\/redgorilla.eu\\\/en\\\/#\\\/schema\\\/logo\\\/image\\\/\",\"url\":\"https:\\\/\\\/redgorilla.eu\\\/wp-content\\\/uploads\\\/RED-Easy-Does-It-Logo-Outline-No-Background.png\",\"contentUrl\":\"https:\\\/\\\/redgorilla.eu\\\/wp-content\\\/uploads\\\/RED-Easy-Does-It-Logo-Outline-No-Background.png\",\"width\":1800,\"height\":1800,\"caption\":\"Red Gorilla International\"},\"image\":{\"@id\":\"https:\\\/\\\/redgorilla.eu\\\/en\\\/#\\\/schema\\\/logo\\\/image\\\/\"},\"sameAs\":[\"https:\\\/\\\/www.facebook.com\\\/RedGorillaInt\",\"https:\\\/\\\/x.com\\\/RedGorillaInt\",\"https:\\\/\\\/www.tiktok.com\\\/@redgorillaint\"]}]}<\/script>\n<!-- \/ Yoast SEO plugin. -->","yoast_head_json":{"title":"Multi-Bin with Clip Lid - Red Gorilla Europe","robots":{"index":"index","follow":"follow","max-snippet":"max-snippet:-1","max-image-preview":"max-image-preview:large","max-video-preview":"max-video-preview:-1"},"canonical":"https:\/\/redgorilla.eu\/en\/product\/multi-bin-with-clip-lid\/","og_locale":"en_US","og_type":"article","og_title":"Multi-Bin with Clip Lid - Red Gorilla Europe","og_description":"The\u00a0Multi Binfrom Red Gorilla\u00ae\u00a0high-quality bin made from\u00a0100% recycled plastic. These bins are\u00a0UV ray\u00a0and\u00a0frost resistant\u00a0which makes these bins perfect for storing animal food outdoors or using for waste disposal. The bin has quality features such as a\u00a0deep recessed bottom\u00a0and\u00a0reinforced foot. This bin comes with a\u00a0locking Clip Lid\u00a0which helps\u00a0deter rodents.","og_url":"https:\/\/redgorilla.eu\/en\/product\/multi-bin-with-clip-lid\/","og_site_name":"Red Gorilla Europe","article_publisher":"https:\/\/www.facebook.com\/RedGorillaInt","article_modified_time":"2024-07-17T15:12:23+00:00","og_image":[{"width":1000,"height":1000,"url":"https:\/\/redgorilla.eu\/wp-content\/uploads\/multi-bin-with-lid-100l.png","type":"image\/png"}],"twitter_card":"summary_large_image","twitter_site":"@RedGorillaInt","schema":{"@context":"https:\/\/schema.org","@graph":[{"@type":"WebPage","@id":"https:\/\/redgorilla.eu\/en\/product\/multi-bin-with-clip-lid\/","url":"https:\/\/redgorilla.eu\/en\/product\/multi-bin-with-clip-lid\/","name":"Multi-Bin with Clip Lid - Red Gorilla Europe","isPartOf":{"@id":"https:\/\/redgorilla.eu\/en\/#website"},"primaryImageOfPage":{"@id":"https:\/\/redgorilla.eu\/en\/product\/multi-bin-with-clip-lid\/#primaryimage"},"image":{"@id":"https:\/\/redgorilla.eu\/en\/product\/multi-bin-with-clip-lid\/#primaryimage"},"thumbnailUrl":"https:\/\/redgorilla.eu\/wp-content\/uploads\/multi-bin-with-lid-100l.png","datePublished":"2024-07-17T15:06:54+00:00","dateModified":"2024-07-17T15:12:23+00:00","breadcrumb":{"@id":"https:\/\/redgorilla.eu\/en\/product\/multi-bin-with-clip-lid\/#breadcrumb"},"inLanguage":"en-US","potentialAction":[{"@type":"ReadAction","target":["https:\/\/redgorilla.eu\/en\/product\/multi-bin-with-clip-lid\/"]}]},{"@type":"ImageObject","inLanguage":"en-US","@id":"https:\/\/redgorilla.eu\/en\/product\/multi-bin-with-clip-lid\/#primaryimage","url":"https:\/\/redgorilla.eu\/wp-content\/uploads\/multi-bin-with-lid-100l.png","contentUrl":"https:\/\/redgorilla.eu\/wp-content\/uploads\/multi-bin-with-lid-100l.png","width":1000,"height":1000},{"@type":"BreadcrumbList","@id":"https:\/\/redgorilla.eu\/en\/product\/multi-bin-with-clip-lid\/#breadcrumb","itemListElement":[{"@type":"ListItem","position":1,"name":"Home","item":"https:\/\/redgorilla.eu\/en\/red-gorilla-home\/"},{"@type":"ListItem","position":2,"name":"Tienda","item":"https:\/\/redgorilla.eu\/tienda\/"},{"@type":"ListItem","position":3,"name":"Multi-Bin with Clip Lid"}]},{"@type":"WebSite","@id":"https:\/\/redgorilla.eu\/en\/#website","url":"https:\/\/redgorilla.eu\/en\/","name":"Red Gorilla Europe","description":"Fabricantes de productos de pl\u00e1stico para la construcci\u00f3n, jard\u00edn y hogar, agricultura y equitaci\u00f3n.","publisher":{"@id":"https:\/\/redgorilla.eu\/en\/#organization"},"potentialAction":[{"@type":"SearchAction","target":{"@type":"EntryPoint","urlTemplate":"https:\/\/redgorilla.eu\/en\/?s={search_term_string}"},"query-input":{"@type":"PropertyValueSpecification","valueRequired":true,"valueName":"search_term_string"}}],"inLanguage":"en-US"},{"@type":"Organization","@id":"https:\/\/redgorilla.eu\/en\/#organization","name":"Red Gorilla International","url":"https:\/\/redgorilla.eu\/en\/","logo":{"@type":"ImageObject","inLanguage":"en-US","@id":"https:\/\/redgorilla.eu\/en\/#\/schema\/logo\/image\/","url":"https:\/\/redgorilla.eu\/wp-content\/uploads\/RED-Easy-Does-It-Logo-Outline-No-Background.png","contentUrl":"https:\/\/redgorilla.eu\/wp-content\/uploads\/RED-Easy-Does-It-Logo-Outline-No-Background.png","width":1800,"height":1800,"caption":"Red Gorilla International"},"image":{"@id":"https:\/\/redgorilla.eu\/en\/#\/schema\/logo\/image\/"},"sameAs":["https:\/\/www.facebook.com\/RedGorillaInt","https:\/\/x.com\/RedGorillaInt","https:\/\/www.tiktok.com\/@redgorillaint"]}]}},"_links":{"self":[{"href":"https:\/\/redgorilla.eu\/en\/wp-json\/wp\/v2\/product\/11350","targetHints":{"allow":["GET"]}}],"collection":[{"href":"https:\/\/redgorilla.eu\/en\/wp-json\/wp\/v2\/product"}],"about":[{"href":"https:\/\/redgorilla.eu\/en\/wp-json\/wp\/v2\/types\/product"}],"version-history":[{"count":2,"href":"https:\/\/redgorilla.eu\/en\/wp-json\/wp\/v2\/product\/11350\/revisions"}],"predecessor-version":[{"id":11354,"href":"https:\/\/redgorilla.eu\/en\/wp-json\/wp\/v2\/product\/11350\/revisions\/11354"}],"wp:featuredmedia":[{"embeddable":true,"href":"https:\/\/redgorilla.eu\/en\/wp-json\/wp\/v2\/media\/11356"}],"wp:attachment":[{"href":"https:\/\/redgorilla.eu\/en\/wp-json\/wp\/v2\/media?parent=11350"}],"wp:term":[{"taxonomy":"product_brand","embeddable":true,"href":"https:\/\/redgorilla.eu\/en\/wp-json\/wp\/v2\/product_brand?post=11350"},{"taxonomy":"product_cat","embeddable":true,"href":"https:\/\/redgorilla.eu\/en\/wp-json\/wp\/v2\/product_cat?post=11350"},{"taxonomy":"product_tag","embeddable":true,"href":"https:\/\/redgorilla.eu\/en\/wp-json\/wp\/v2\/product_tag?post=11350"},{"taxonomy":"certificaciones","embeddable":true,"href":"https:\/\/redgorilla.eu\/en\/wp-json\/wp\/v2\/certificaciones?post=11350"}],"curies":[{"name":"wp","href":"https:\/\/api.w.org\/{rel}","templated":true}]}}