

{"id":11367,"date":"2024-07-18T00:26:41","date_gmt":"2024-07-17T22:26:41","guid":{"rendered":"https:\/\/redgorilla.eu\/?post_type=product&#038;p=11367"},"modified":"2025-09-25T11:16:11","modified_gmt":"2025-09-25T09:16:11","slug":"gorilla-bin-50l-mixing-bin","status":"publish","type":"product","link":"https:\/\/redgorilla.eu\/en\/product\/gorilla-bin-50l-mixing-bin\/","title":{"rendered":"Gorilla Bin\u2122 50L Mixing Bin"},"content":{"rendered":"<p>New from Red Gorilla\u00ae are the 50L mixing bins. These bins are useful for any DIY job or heavy-duty construction work. Designed to be tough and versatile, with integrated handles and reinforced sides they are perfect for clearing out rubbish and rubble, as well as mixing plaster and mortar. Being frost and UV-proof, means they can be left outside without any worries;<\/p>\n<p>For the professional and DIYer, alike<br \/>\nThe 50L Mixing Bins are a lifesaver when used for mixing plaster or cement. Making any job easier with the right tools.<\/p>\n<p>Our commitment; Red Gorilla\u00ae is committed to producing well-designed, useful, tough and long-lasting products that help make construction jobs and life easier;<br \/>\nYou will recognise any Gorilla product by the embossed Gorilla logo subtly placed on the side.<\/p>\n","protected":false},"excerpt":{"rendered":"<p>New 50L mixing bins from Red Gorilla\u00ae are tough and versatile, ideal for DIY and heavy construction. With integrated handles, they&#8217;re perfect for mixing and cleaning.<\/p>\n","protected":false},"featured_media":11361,"template":"","meta":[],"product_brand":[],"product_cat":[185],"product_tag":[186],"certificaciones":[219,218,217,222,225,226,227],"class_list":{"0":"post-11367","1":"product","2":"type-product","3":"status-publish","4":"has-post-thumbnail","6":"product_cat-building","7":"product_tag-buckets","8":"certificaciones-easy-cleaning","9":"certificaciones-eu-en","10":"certificaciones-highly-durable","11":"certificaciones-light-as-a-feather","12":"certificaciones-resistant-down-to-60oc","13":"certificaciones-shock-resistant","14":"certificaciones-uv-resistant","16":"first","17":"instock","18":"taxable","19":"shipping-taxable","20":"purchasable","21":"product-type-variable","22":"has-default-attributes"},"yoast_head":"<!-- This site is optimized with the Yoast SEO plugin v27.5 - https:\/\/yoast.com\/product\/yoast-seo-wordpress\/ -->\n<title>Gorilla Bin\u2122 50L Mixing Bin - Red Gorilla Europe<\/title>\n<meta name=\"robots\" content=\"index, follow, max-snippet:-1, max-image-preview:large, max-video-preview:-1\" \/>\n<link rel=\"canonical\" href=\"https:\/\/redgorilla.eu\/en\/product\/gorilla-bin-50l-mixing-bin\/\" \/>\n<meta property=\"og:locale\" content=\"en_US\" \/>\n<meta property=\"og:type\" content=\"article\" \/>\n<meta property=\"og:title\" content=\"Gorilla Bin\u2122 50L Mixing Bin - Red Gorilla Europe\" \/>\n<meta property=\"og:description\" content=\"New 50L mixing bins from Red Gorilla\u00ae are tough and versatile, ideal for DIY and heavy construction. With integrated handles, they&#039;re perfect for mixing and cleaning.\" \/>\n<meta property=\"og:url\" content=\"https:\/\/redgorilla.eu\/en\/product\/gorilla-bin-50l-mixing-bin\/\" \/>\n<meta property=\"og:site_name\" content=\"Red Gorilla Europe\" \/>\n<meta property=\"article:publisher\" content=\"https:\/\/www.facebook.com\/RedGorillaInt\" \/>\n<meta property=\"article:modified_time\" content=\"2025-09-25T09:16:11+00:00\" \/>\n<meta property=\"og:image\" content=\"https:\/\/redgorilla.eu\/wp-content\/uploads\/gorilla-bin-50l-mixing-bin-501506_610x610_crop_center.webp\" \/>\n\t<meta property=\"og:image:width\" content=\"610\" \/>\n\t<meta property=\"og:image:height\" content=\"610\" \/>\n\t<meta property=\"og:image:type\" content=\"image\/webp\" \/>\n<meta name=\"twitter:card\" content=\"summary_large_image\" \/>\n<meta name=\"twitter:site\" content=\"@RedGorillaInt\" \/>\n<meta name=\"twitter:label1\" content=\"Est. reading time\" \/>\n\t<meta name=\"twitter:data1\" content=\"1 minute\" \/>\n<script type=\"application\/ld+json\" class=\"yoast-schema-graph\">{\"@context\":\"https:\\\/\\\/schema.org\",\"@graph\":[{\"@type\":\"WebPage\",\"@id\":\"https:\\\/\\\/redgorilla.eu\\\/en\\\/product\\\/gorilla-bin-50l-mixing-bin\\\/\",\"url\":\"https:\\\/\\\/redgorilla.eu\\\/en\\\/product\\\/gorilla-bin-50l-mixing-bin\\\/\",\"name\":\"Gorilla Bin\u2122 50L Mixing Bin - Red Gorilla Europe\",\"isPartOf\":{\"@id\":\"https:\\\/\\\/redgorilla.eu\\\/en\\\/#website\"},\"primaryImageOfPage\":{\"@id\":\"https:\\\/\\\/redgorilla.eu\\\/en\\\/product\\\/gorilla-bin-50l-mixing-bin\\\/#primaryimage\"},\"image\":{\"@id\":\"https:\\\/\\\/redgorilla.eu\\\/en\\\/product\\\/gorilla-bin-50l-mixing-bin\\\/#primaryimage\"},\"thumbnailUrl\":\"https:\\\/\\\/redgorilla.eu\\\/wp-content\\\/uploads\\\/gorilla-bin-50l-mixing-bin-501506_610x610_crop_center.webp\",\"datePublished\":\"2024-07-17T22:26:41+00:00\",\"dateModified\":\"2025-09-25T09:16:11+00:00\",\"breadcrumb\":{\"@id\":\"https:\\\/\\\/redgorilla.eu\\\/en\\\/product\\\/gorilla-bin-50l-mixing-bin\\\/#breadcrumb\"},\"inLanguage\":\"en-US\",\"potentialAction\":[{\"@type\":\"ReadAction\",\"target\":[\"https:\\\/\\\/redgorilla.eu\\\/en\\\/product\\\/gorilla-bin-50l-mixing-bin\\\/\"]}]},{\"@type\":\"ImageObject\",\"inLanguage\":\"en-US\",\"@id\":\"https:\\\/\\\/redgorilla.eu\\\/en\\\/product\\\/gorilla-bin-50l-mixing-bin\\\/#primaryimage\",\"url\":\"https:\\\/\\\/redgorilla.eu\\\/wp-content\\\/uploads\\\/gorilla-bin-50l-mixing-bin-501506_610x610_crop_center.webp\",\"contentUrl\":\"https:\\\/\\\/redgorilla.eu\\\/wp-content\\\/uploads\\\/gorilla-bin-50l-mixing-bin-501506_610x610_crop_center.webp\",\"width\":610,\"height\":610},{\"@type\":\"BreadcrumbList\",\"@id\":\"https:\\\/\\\/redgorilla.eu\\\/en\\\/product\\\/gorilla-bin-50l-mixing-bin\\\/#breadcrumb\",\"itemListElement\":[{\"@type\":\"ListItem\",\"position\":1,\"name\":\"Home\",\"item\":\"https:\\\/\\\/redgorilla.eu\\\/en\\\/red-gorilla-home\\\/\"},{\"@type\":\"ListItem\",\"position\":2,\"name\":\"Tienda\",\"item\":\"https:\\\/\\\/redgorilla.eu\\\/tienda\\\/\"},{\"@type\":\"ListItem\",\"position\":3,\"name\":\"Gorilla Bin\u2122 50L Mixing Bin\"}]},{\"@type\":\"WebSite\",\"@id\":\"https:\\\/\\\/redgorilla.eu\\\/en\\\/#website\",\"url\":\"https:\\\/\\\/redgorilla.eu\\\/en\\\/\",\"name\":\"Red Gorilla Europe\",\"description\":\"Fabricantes de productos de pl\u00e1stico para la construcci\u00f3n, jard\u00edn y hogar, agricultura y equitaci\u00f3n.\",\"publisher\":{\"@id\":\"https:\\\/\\\/redgorilla.eu\\\/en\\\/#organization\"},\"potentialAction\":[{\"@type\":\"SearchAction\",\"target\":{\"@type\":\"EntryPoint\",\"urlTemplate\":\"https:\\\/\\\/redgorilla.eu\\\/en\\\/?s={search_term_string}\"},\"query-input\":{\"@type\":\"PropertyValueSpecification\",\"valueRequired\":true,\"valueName\":\"search_term_string\"}}],\"inLanguage\":\"en-US\"},{\"@type\":\"Organization\",\"@id\":\"https:\\\/\\\/redgorilla.eu\\\/en\\\/#organization\",\"name\":\"Red Gorilla International\",\"url\":\"https:\\\/\\\/redgorilla.eu\\\/en\\\/\",\"logo\":{\"@type\":\"ImageObject\",\"inLanguage\":\"en-US\",\"@id\":\"https:\\\/\\\/redgorilla.eu\\\/en\\\/#\\\/schema\\\/logo\\\/image\\\/\",\"url\":\"https:\\\/\\\/redgorilla.eu\\\/wp-content\\\/uploads\\\/RED-Easy-Does-It-Logo-Outline-No-Background.png\",\"contentUrl\":\"https:\\\/\\\/redgorilla.eu\\\/wp-content\\\/uploads\\\/RED-Easy-Does-It-Logo-Outline-No-Background.png\",\"width\":1800,\"height\":1800,\"caption\":\"Red Gorilla International\"},\"image\":{\"@id\":\"https:\\\/\\\/redgorilla.eu\\\/en\\\/#\\\/schema\\\/logo\\\/image\\\/\"},\"sameAs\":[\"https:\\\/\\\/www.facebook.com\\\/RedGorillaInt\",\"https:\\\/\\\/x.com\\\/RedGorillaInt\",\"https:\\\/\\\/www.tiktok.com\\\/@redgorillaint\"]}]}<\/script>\n<!-- \/ Yoast SEO plugin. -->","yoast_head_json":{"title":"Gorilla Bin\u2122 50L Mixing Bin - Red Gorilla Europe","robots":{"index":"index","follow":"follow","max-snippet":"max-snippet:-1","max-image-preview":"max-image-preview:large","max-video-preview":"max-video-preview:-1"},"canonical":"https:\/\/redgorilla.eu\/en\/product\/gorilla-bin-50l-mixing-bin\/","og_locale":"en_US","og_type":"article","og_title":"Gorilla Bin\u2122 50L Mixing Bin - Red Gorilla Europe","og_description":"New 50L mixing bins from Red Gorilla\u00ae are tough and versatile, ideal for DIY and heavy construction. With integrated handles, they're perfect for mixing and cleaning.","og_url":"https:\/\/redgorilla.eu\/en\/product\/gorilla-bin-50l-mixing-bin\/","og_site_name":"Red Gorilla Europe","article_publisher":"https:\/\/www.facebook.com\/RedGorillaInt","article_modified_time":"2025-09-25T09:16:11+00:00","og_image":[{"width":610,"height":610,"url":"https:\/\/redgorilla.eu\/wp-content\/uploads\/gorilla-bin-50l-mixing-bin-501506_610x610_crop_center.webp","type":"image\/webp"}],"twitter_card":"summary_large_image","twitter_site":"@RedGorillaInt","twitter_misc":{"Est. reading time":"1 minute"},"schema":{"@context":"https:\/\/schema.org","@graph":[{"@type":"WebPage","@id":"https:\/\/redgorilla.eu\/en\/product\/gorilla-bin-50l-mixing-bin\/","url":"https:\/\/redgorilla.eu\/en\/product\/gorilla-bin-50l-mixing-bin\/","name":"Gorilla Bin\u2122 50L Mixing Bin - Red Gorilla Europe","isPartOf":{"@id":"https:\/\/redgorilla.eu\/en\/#website"},"primaryImageOfPage":{"@id":"https:\/\/redgorilla.eu\/en\/product\/gorilla-bin-50l-mixing-bin\/#primaryimage"},"image":{"@id":"https:\/\/redgorilla.eu\/en\/product\/gorilla-bin-50l-mixing-bin\/#primaryimage"},"thumbnailUrl":"https:\/\/redgorilla.eu\/wp-content\/uploads\/gorilla-bin-50l-mixing-bin-501506_610x610_crop_center.webp","datePublished":"2024-07-17T22:26:41+00:00","dateModified":"2025-09-25T09:16:11+00:00","breadcrumb":{"@id":"https:\/\/redgorilla.eu\/en\/product\/gorilla-bin-50l-mixing-bin\/#breadcrumb"},"inLanguage":"en-US","potentialAction":[{"@type":"ReadAction","target":["https:\/\/redgorilla.eu\/en\/product\/gorilla-bin-50l-mixing-bin\/"]}]},{"@type":"ImageObject","inLanguage":"en-US","@id":"https:\/\/redgorilla.eu\/en\/product\/gorilla-bin-50l-mixing-bin\/#primaryimage","url":"https:\/\/redgorilla.eu\/wp-content\/uploads\/gorilla-bin-50l-mixing-bin-501506_610x610_crop_center.webp","contentUrl":"https:\/\/redgorilla.eu\/wp-content\/uploads\/gorilla-bin-50l-mixing-bin-501506_610x610_crop_center.webp","width":610,"height":610},{"@type":"BreadcrumbList","@id":"https:\/\/redgorilla.eu\/en\/product\/gorilla-bin-50l-mixing-bin\/#breadcrumb","itemListElement":[{"@type":"ListItem","position":1,"name":"Home","item":"https:\/\/redgorilla.eu\/en\/red-gorilla-home\/"},{"@type":"ListItem","position":2,"name":"Tienda","item":"https:\/\/redgorilla.eu\/tienda\/"},{"@type":"ListItem","position":3,"name":"Gorilla Bin\u2122 50L Mixing Bin"}]},{"@type":"WebSite","@id":"https:\/\/redgorilla.eu\/en\/#website","url":"https:\/\/redgorilla.eu\/en\/","name":"Red Gorilla Europe","description":"Fabricantes de productos de pl\u00e1stico para la construcci\u00f3n, jard\u00edn y hogar, agricultura y equitaci\u00f3n.","publisher":{"@id":"https:\/\/redgorilla.eu\/en\/#organization"},"potentialAction":[{"@type":"SearchAction","target":{"@type":"EntryPoint","urlTemplate":"https:\/\/redgorilla.eu\/en\/?s={search_term_string}"},"query-input":{"@type":"PropertyValueSpecification","valueRequired":true,"valueName":"search_term_string"}}],"inLanguage":"en-US"},{"@type":"Organization","@id":"https:\/\/redgorilla.eu\/en\/#organization","name":"Red Gorilla International","url":"https:\/\/redgorilla.eu\/en\/","logo":{"@type":"ImageObject","inLanguage":"en-US","@id":"https:\/\/redgorilla.eu\/en\/#\/schema\/logo\/image\/","url":"https:\/\/redgorilla.eu\/wp-content\/uploads\/RED-Easy-Does-It-Logo-Outline-No-Background.png","contentUrl":"https:\/\/redgorilla.eu\/wp-content\/uploads\/RED-Easy-Does-It-Logo-Outline-No-Background.png","width":1800,"height":1800,"caption":"Red Gorilla International"},"image":{"@id":"https:\/\/redgorilla.eu\/en\/#\/schema\/logo\/image\/"},"sameAs":["https:\/\/www.facebook.com\/RedGorillaInt","https:\/\/x.com\/RedGorillaInt","https:\/\/www.tiktok.com\/@redgorillaint"]}]}},"_links":{"self":[{"href":"https:\/\/redgorilla.eu\/en\/wp-json\/wp\/v2\/product\/11367","targetHints":{"allow":["GET"]}}],"collection":[{"href":"https:\/\/redgorilla.eu\/en\/wp-json\/wp\/v2\/product"}],"about":[{"href":"https:\/\/redgorilla.eu\/en\/wp-json\/wp\/v2\/types\/product"}],"version-history":[{"count":3,"href":"https:\/\/redgorilla.eu\/en\/wp-json\/wp\/v2\/product\/11367\/revisions"}],"predecessor-version":[{"id":11578,"href":"https:\/\/redgorilla.eu\/en\/wp-json\/wp\/v2\/product\/11367\/revisions\/11578"}],"wp:featuredmedia":[{"embeddable":true,"href":"https:\/\/redgorilla.eu\/en\/wp-json\/wp\/v2\/media\/11361"}],"wp:attachment":[{"href":"https:\/\/redgorilla.eu\/en\/wp-json\/wp\/v2\/media?parent=11367"}],"wp:term":[{"taxonomy":"product_brand","embeddable":true,"href":"https:\/\/redgorilla.eu\/en\/wp-json\/wp\/v2\/product_brand?post=11367"},{"taxonomy":"product_cat","embeddable":true,"href":"https:\/\/redgorilla.eu\/en\/wp-json\/wp\/v2\/product_cat?post=11367"},{"taxonomy":"product_tag","embeddable":true,"href":"https:\/\/redgorilla.eu\/en\/wp-json\/wp\/v2\/product_tag?post=11367"},{"taxonomy":"certificaciones","embeddable":true,"href":"https:\/\/redgorilla.eu\/en\/wp-json\/wp\/v2\/certificaciones?post=11367"}],"curies":[{"name":"wp","href":"https:\/\/api.w.org\/{rel}","templated":true}]}}