

{"id":11443,"date":"2024-07-17T23:56:01","date_gmt":"2024-07-17T21:56:01","guid":{"rendered":"https:\/\/redgorilla.eu\/?post_type=product&#038;p=11443"},"modified":"2025-09-25T11:21:45","modified_gmt":"2025-09-25T09:21:45","slug":"gorilla-bin-80l-bin-with-clip-lid","status":"publish","type":"product","link":"https:\/\/redgorilla.eu\/en\/product\/gorilla-bin-80l-bin-with-clip-lid\/","title":{"rendered":"Gorilla Bin\u2122 80L Bin with Clip Lid"},"content":{"rendered":"<p>Gorilla Bins\u2122, the 80L bin is the largest of the Gorilla Bins\u2122 range making it a useful addition to any gardening, building, pet or equine setting. With clip lids and integrated handles the larger 80L along with the 30L and 50L bins are designed for strength, durability, and multi-use, from storing feed to disposing of garden waste, these bins are an allrounder. They look great in any setting from construction work, farms, stables, gardens or in the home. The Gorilla Bins\u2122 are frost and UV-proof, meaning they can be left outside without any worries. Gorilla Bins\u2122 are available in 5 colours and 3 sizes: 30L, 50L, and 80L, and for easy storage, the 3 sizes stack inside each other.<\/p>\n<p>For the gardener\u00ad:<br \/>\nAround the garden, Gorilla Bins are ideal for moving and clearing away general garden waste and look great in any of the colours in any garden, garage, workshop or shed.<\/p>\n<p>For equine:<br \/>\nWith the Gorilla Bin having a clip-tight lid and made using animal food-safe plastic these bins are perfect for storing precious foods away from pests. They also come in 5 colours that match other products in the equine range.<\/p>\n<p>For the pet owner:<br \/>\nWith clip-tight lids, these bins are perfect for storing dry dog food, and animal bedding for your guinea pigs, rabbits, hamsters and other pets.<\/p>\n<p>For the professional or DIYer:<br \/>\nGorilla Bins are a lifesaver when moving and disposing of larger rubble and general waste created from any DIY or construction job. They can even be used for mixing plaster or cement.<\/p>\n<p>Our commitment:<br \/>\nRed Gorilla\u00ae is committed to producing well-designed, useful, tough and long-lasting products that help make construction jobs and life easier.<\/p>\n<p>You will recognise any Gorilla product by the embossed Gorilla logo subtly placed on the side and lid.<\/p>\n","protected":false},"excerpt":{"rendered":"<p>Gorilla Bins\u2122 80L are versatile, durable bins with clip lids and handles. Ideal for gardening, construction, and pets. Frost and UV-proof. Available in 3 sizes and 5 colors.<\/p>\n","protected":false},"featured_media":11415,"template":"","meta":[],"product_brand":[],"product_cat":[167,185,163,165],"product_tag":[186],"certificaciones":[219,218,217,222,225,226,227],"class_list":{"0":"post-11443","1":"product","2":"type-product","3":"status-publish","4":"has-post-thumbnail","6":"product_cat-agriculture","7":"product_cat-building","8":"product_cat-equine","9":"product_cat-home-garden","10":"product_tag-buckets","11":"certificaciones-easy-cleaning","12":"certificaciones-eu-en","13":"certificaciones-highly-durable","14":"certificaciones-light-as-a-feather","15":"certificaciones-resistant-down-to-60oc","16":"certificaciones-shock-resistant","17":"certificaciones-uv-resistant","19":"first","20":"instock","21":"taxable","22":"shipping-taxable","23":"purchasable","24":"product-type-variable","25":"has-default-attributes"},"yoast_head":"<!-- This site is optimized with the Yoast SEO plugin v27.5 - https:\/\/yoast.com\/product\/yoast-seo-wordpress\/ -->\n<title>Gorilla Bin\u2122 80L Bin with Clip Lid - Red Gorilla Europe<\/title>\n<meta name=\"robots\" content=\"index, follow, max-snippet:-1, max-image-preview:large, max-video-preview:-1\" \/>\n<link rel=\"canonical\" href=\"https:\/\/redgorilla.eu\/en\/product\/gorilla-bin-80l-bin-with-clip-lid\/\" \/>\n<meta property=\"og:locale\" content=\"en_US\" \/>\n<meta property=\"og:type\" content=\"article\" \/>\n<meta property=\"og:title\" content=\"Gorilla Bin\u2122 80L Bin with Clip Lid - Red Gorilla Europe\" \/>\n<meta property=\"og:description\" content=\"Gorilla Bins\u2122 80L are versatile, durable bins with clip lids and handles. Ideal for gardening, construction, and pets. Frost and UV-proof. Available in 3 sizes and 5 colors.\" \/>\n<meta property=\"og:url\" content=\"https:\/\/redgorilla.eu\/en\/product\/gorilla-bin-80l-bin-with-clip-lid\/\" \/>\n<meta property=\"og:site_name\" content=\"Red Gorilla Europe\" \/>\n<meta property=\"article:publisher\" content=\"https:\/\/www.facebook.com\/RedGorillaInt\" \/>\n<meta property=\"article:modified_time\" content=\"2025-09-25T09:21:45+00:00\" \/>\n<meta property=\"og:image\" content=\"https:\/\/redgorilla.eu\/wp-content\/uploads\/gorilla-bin-80l-bin-with-clip-lid-468536_610x610_crop_center.webp\" \/>\n\t<meta property=\"og:image:width\" content=\"610\" \/>\n\t<meta property=\"og:image:height\" content=\"610\" \/>\n\t<meta property=\"og:image:type\" content=\"image\/webp\" \/>\n<meta name=\"twitter:card\" content=\"summary_large_image\" \/>\n<meta name=\"twitter:site\" content=\"@RedGorillaInt\" \/>\n<meta name=\"twitter:label1\" content=\"Est. reading time\" \/>\n\t<meta name=\"twitter:data1\" content=\"1 minute\" \/>\n<script type=\"application\/ld+json\" class=\"yoast-schema-graph\">{\"@context\":\"https:\\\/\\\/schema.org\",\"@graph\":[{\"@type\":\"WebPage\",\"@id\":\"https:\\\/\\\/redgorilla.eu\\\/en\\\/product\\\/gorilla-bin-80l-bin-with-clip-lid\\\/\",\"url\":\"https:\\\/\\\/redgorilla.eu\\\/en\\\/product\\\/gorilla-bin-80l-bin-with-clip-lid\\\/\",\"name\":\"Gorilla Bin\u2122 80L Bin with Clip Lid - Red Gorilla Europe\",\"isPartOf\":{\"@id\":\"https:\\\/\\\/redgorilla.eu\\\/en\\\/#website\"},\"primaryImageOfPage\":{\"@id\":\"https:\\\/\\\/redgorilla.eu\\\/en\\\/product\\\/gorilla-bin-80l-bin-with-clip-lid\\\/#primaryimage\"},\"image\":{\"@id\":\"https:\\\/\\\/redgorilla.eu\\\/en\\\/product\\\/gorilla-bin-80l-bin-with-clip-lid\\\/#primaryimage\"},\"thumbnailUrl\":\"https:\\\/\\\/redgorilla.eu\\\/wp-content\\\/uploads\\\/gorilla-bin-80l-bin-with-clip-lid-468536_610x610_crop_center.webp\",\"datePublished\":\"2024-07-17T21:56:01+00:00\",\"dateModified\":\"2025-09-25T09:21:45+00:00\",\"breadcrumb\":{\"@id\":\"https:\\\/\\\/redgorilla.eu\\\/en\\\/product\\\/gorilla-bin-80l-bin-with-clip-lid\\\/#breadcrumb\"},\"inLanguage\":\"en-US\",\"potentialAction\":[{\"@type\":\"ReadAction\",\"target\":[\"https:\\\/\\\/redgorilla.eu\\\/en\\\/product\\\/gorilla-bin-80l-bin-with-clip-lid\\\/\"]}]},{\"@type\":\"ImageObject\",\"inLanguage\":\"en-US\",\"@id\":\"https:\\\/\\\/redgorilla.eu\\\/en\\\/product\\\/gorilla-bin-80l-bin-with-clip-lid\\\/#primaryimage\",\"url\":\"https:\\\/\\\/redgorilla.eu\\\/wp-content\\\/uploads\\\/gorilla-bin-80l-bin-with-clip-lid-468536_610x610_crop_center.webp\",\"contentUrl\":\"https:\\\/\\\/redgorilla.eu\\\/wp-content\\\/uploads\\\/gorilla-bin-80l-bin-with-clip-lid-468536_610x610_crop_center.webp\",\"width\":610,\"height\":610},{\"@type\":\"BreadcrumbList\",\"@id\":\"https:\\\/\\\/redgorilla.eu\\\/en\\\/product\\\/gorilla-bin-80l-bin-with-clip-lid\\\/#breadcrumb\",\"itemListElement\":[{\"@type\":\"ListItem\",\"position\":1,\"name\":\"Home\",\"item\":\"https:\\\/\\\/redgorilla.eu\\\/en\\\/red-gorilla-home\\\/\"},{\"@type\":\"ListItem\",\"position\":2,\"name\":\"Tienda\",\"item\":\"https:\\\/\\\/redgorilla.eu\\\/tienda\\\/\"},{\"@type\":\"ListItem\",\"position\":3,\"name\":\"Gorilla Bin\u2122 80L Bin with Clip Lid\"}]},{\"@type\":\"WebSite\",\"@id\":\"https:\\\/\\\/redgorilla.eu\\\/en\\\/#website\",\"url\":\"https:\\\/\\\/redgorilla.eu\\\/en\\\/\",\"name\":\"Red Gorilla Europe\",\"description\":\"Fabricantes de productos de pl\u00e1stico para la construcci\u00f3n, jard\u00edn y hogar, agricultura y equitaci\u00f3n.\",\"publisher\":{\"@id\":\"https:\\\/\\\/redgorilla.eu\\\/en\\\/#organization\"},\"potentialAction\":[{\"@type\":\"SearchAction\",\"target\":{\"@type\":\"EntryPoint\",\"urlTemplate\":\"https:\\\/\\\/redgorilla.eu\\\/en\\\/?s={search_term_string}\"},\"query-input\":{\"@type\":\"PropertyValueSpecification\",\"valueRequired\":true,\"valueName\":\"search_term_string\"}}],\"inLanguage\":\"en-US\"},{\"@type\":\"Organization\",\"@id\":\"https:\\\/\\\/redgorilla.eu\\\/en\\\/#organization\",\"name\":\"Red Gorilla International\",\"url\":\"https:\\\/\\\/redgorilla.eu\\\/en\\\/\",\"logo\":{\"@type\":\"ImageObject\",\"inLanguage\":\"en-US\",\"@id\":\"https:\\\/\\\/redgorilla.eu\\\/en\\\/#\\\/schema\\\/logo\\\/image\\\/\",\"url\":\"https:\\\/\\\/redgorilla.eu\\\/wp-content\\\/uploads\\\/RED-Easy-Does-It-Logo-Outline-No-Background.png\",\"contentUrl\":\"https:\\\/\\\/redgorilla.eu\\\/wp-content\\\/uploads\\\/RED-Easy-Does-It-Logo-Outline-No-Background.png\",\"width\":1800,\"height\":1800,\"caption\":\"Red Gorilla International\"},\"image\":{\"@id\":\"https:\\\/\\\/redgorilla.eu\\\/en\\\/#\\\/schema\\\/logo\\\/image\\\/\"},\"sameAs\":[\"https:\\\/\\\/www.facebook.com\\\/RedGorillaInt\",\"https:\\\/\\\/x.com\\\/RedGorillaInt\",\"https:\\\/\\\/www.tiktok.com\\\/@redgorillaint\"]}]}<\/script>\n<!-- \/ Yoast SEO plugin. -->","yoast_head_json":{"title":"Gorilla Bin\u2122 80L Bin with Clip Lid - Red Gorilla Europe","robots":{"index":"index","follow":"follow","max-snippet":"max-snippet:-1","max-image-preview":"max-image-preview:large","max-video-preview":"max-video-preview:-1"},"canonical":"https:\/\/redgorilla.eu\/en\/product\/gorilla-bin-80l-bin-with-clip-lid\/","og_locale":"en_US","og_type":"article","og_title":"Gorilla Bin\u2122 80L Bin with Clip Lid - Red Gorilla Europe","og_description":"Gorilla Bins\u2122 80L are versatile, durable bins with clip lids and handles. Ideal for gardening, construction, and pets. Frost and UV-proof. Available in 3 sizes and 5 colors.","og_url":"https:\/\/redgorilla.eu\/en\/product\/gorilla-bin-80l-bin-with-clip-lid\/","og_site_name":"Red Gorilla Europe","article_publisher":"https:\/\/www.facebook.com\/RedGorillaInt","article_modified_time":"2025-09-25T09:21:45+00:00","og_image":[{"width":610,"height":610,"url":"https:\/\/redgorilla.eu\/wp-content\/uploads\/gorilla-bin-80l-bin-with-clip-lid-468536_610x610_crop_center.webp","type":"image\/webp"}],"twitter_card":"summary_large_image","twitter_site":"@RedGorillaInt","twitter_misc":{"Est. reading time":"1 minute"},"schema":{"@context":"https:\/\/schema.org","@graph":[{"@type":"WebPage","@id":"https:\/\/redgorilla.eu\/en\/product\/gorilla-bin-80l-bin-with-clip-lid\/","url":"https:\/\/redgorilla.eu\/en\/product\/gorilla-bin-80l-bin-with-clip-lid\/","name":"Gorilla Bin\u2122 80L Bin with Clip Lid - Red Gorilla Europe","isPartOf":{"@id":"https:\/\/redgorilla.eu\/en\/#website"},"primaryImageOfPage":{"@id":"https:\/\/redgorilla.eu\/en\/product\/gorilla-bin-80l-bin-with-clip-lid\/#primaryimage"},"image":{"@id":"https:\/\/redgorilla.eu\/en\/product\/gorilla-bin-80l-bin-with-clip-lid\/#primaryimage"},"thumbnailUrl":"https:\/\/redgorilla.eu\/wp-content\/uploads\/gorilla-bin-80l-bin-with-clip-lid-468536_610x610_crop_center.webp","datePublished":"2024-07-17T21:56:01+00:00","dateModified":"2025-09-25T09:21:45+00:00","breadcrumb":{"@id":"https:\/\/redgorilla.eu\/en\/product\/gorilla-bin-80l-bin-with-clip-lid\/#breadcrumb"},"inLanguage":"en-US","potentialAction":[{"@type":"ReadAction","target":["https:\/\/redgorilla.eu\/en\/product\/gorilla-bin-80l-bin-with-clip-lid\/"]}]},{"@type":"ImageObject","inLanguage":"en-US","@id":"https:\/\/redgorilla.eu\/en\/product\/gorilla-bin-80l-bin-with-clip-lid\/#primaryimage","url":"https:\/\/redgorilla.eu\/wp-content\/uploads\/gorilla-bin-80l-bin-with-clip-lid-468536_610x610_crop_center.webp","contentUrl":"https:\/\/redgorilla.eu\/wp-content\/uploads\/gorilla-bin-80l-bin-with-clip-lid-468536_610x610_crop_center.webp","width":610,"height":610},{"@type":"BreadcrumbList","@id":"https:\/\/redgorilla.eu\/en\/product\/gorilla-bin-80l-bin-with-clip-lid\/#breadcrumb","itemListElement":[{"@type":"ListItem","position":1,"name":"Home","item":"https:\/\/redgorilla.eu\/en\/red-gorilla-home\/"},{"@type":"ListItem","position":2,"name":"Tienda","item":"https:\/\/redgorilla.eu\/tienda\/"},{"@type":"ListItem","position":3,"name":"Gorilla Bin\u2122 80L Bin with Clip Lid"}]},{"@type":"WebSite","@id":"https:\/\/redgorilla.eu\/en\/#website","url":"https:\/\/redgorilla.eu\/en\/","name":"Red Gorilla Europe","description":"Fabricantes de productos de pl\u00e1stico para la construcci\u00f3n, jard\u00edn y hogar, agricultura y equitaci\u00f3n.","publisher":{"@id":"https:\/\/redgorilla.eu\/en\/#organization"},"potentialAction":[{"@type":"SearchAction","target":{"@type":"EntryPoint","urlTemplate":"https:\/\/redgorilla.eu\/en\/?s={search_term_string}"},"query-input":{"@type":"PropertyValueSpecification","valueRequired":true,"valueName":"search_term_string"}}],"inLanguage":"en-US"},{"@type":"Organization","@id":"https:\/\/redgorilla.eu\/en\/#organization","name":"Red Gorilla International","url":"https:\/\/redgorilla.eu\/en\/","logo":{"@type":"ImageObject","inLanguage":"en-US","@id":"https:\/\/redgorilla.eu\/en\/#\/schema\/logo\/image\/","url":"https:\/\/redgorilla.eu\/wp-content\/uploads\/RED-Easy-Does-It-Logo-Outline-No-Background.png","contentUrl":"https:\/\/redgorilla.eu\/wp-content\/uploads\/RED-Easy-Does-It-Logo-Outline-No-Background.png","width":1800,"height":1800,"caption":"Red Gorilla International"},"image":{"@id":"https:\/\/redgorilla.eu\/en\/#\/schema\/logo\/image\/"},"sameAs":["https:\/\/www.facebook.com\/RedGorillaInt","https:\/\/x.com\/RedGorillaInt","https:\/\/www.tiktok.com\/@redgorillaint"]}]}},"_links":{"self":[{"href":"https:\/\/redgorilla.eu\/en\/wp-json\/wp\/v2\/product\/11443","targetHints":{"allow":["GET"]}}],"collection":[{"href":"https:\/\/redgorilla.eu\/en\/wp-json\/wp\/v2\/product"}],"about":[{"href":"https:\/\/redgorilla.eu\/en\/wp-json\/wp\/v2\/types\/product"}],"version-history":[{"count":2,"href":"https:\/\/redgorilla.eu\/en\/wp-json\/wp\/v2\/product\/11443\/revisions"}],"predecessor-version":[{"id":11562,"href":"https:\/\/redgorilla.eu\/en\/wp-json\/wp\/v2\/product\/11443\/revisions\/11562"}],"wp:featuredmedia":[{"embeddable":true,"href":"https:\/\/redgorilla.eu\/en\/wp-json\/wp\/v2\/media\/11415"}],"wp:attachment":[{"href":"https:\/\/redgorilla.eu\/en\/wp-json\/wp\/v2\/media?parent=11443"}],"wp:term":[{"taxonomy":"product_brand","embeddable":true,"href":"https:\/\/redgorilla.eu\/en\/wp-json\/wp\/v2\/product_brand?post=11443"},{"taxonomy":"product_cat","embeddable":true,"href":"https:\/\/redgorilla.eu\/en\/wp-json\/wp\/v2\/product_cat?post=11443"},{"taxonomy":"product_tag","embeddable":true,"href":"https:\/\/redgorilla.eu\/en\/wp-json\/wp\/v2\/product_tag?post=11443"},{"taxonomy":"certificaciones","embeddable":true,"href":"https:\/\/redgorilla.eu\/en\/wp-json\/wp\/v2\/certificaciones?post=11443"}],"curies":[{"name":"wp","href":"https:\/\/api.w.org\/{rel}","templated":true}]}}