

{"id":11509,"date":"2024-07-18T00:46:55","date_gmt":"2024-07-17T22:46:55","guid":{"rendered":"https:\/\/redgorilla.eu\/?post_type=product&#038;p=11509"},"modified":"2025-11-11T15:46:24","modified_gmt":"2025-11-11T13:46:24","slug":"gorilla-broom-soft-bristle-30cm-head","status":"publish","type":"product","link":"https:\/\/redgorilla.eu\/en\/product\/gorilla-broom-soft-bristle-30cm-head\/","title":{"rendered":"Gorilla Broom\u00ae Soft Bristle 30cm Head"},"content":{"rendered":"<p>The Gorilla Broom\u00ae 30cm Soft Bristle Head is a high-performance, purpose-built cleaning attachment designed for precision sweeping across smooth surfaces. As the essential component of our industry-leading Gorilla Broom\u00ae range, this head offers a professional-grade clean while maintaining gentle contact with delicate floors. Whether you\u2019re working on concrete, laminate, wooden, or tiled surfaces, the soft bristles are designed to grip and hold fine particles without scattering debris into the air. Its compact 30cm size provides great control in tighter spaces, making it ideal for smaller yards, stables, workshops, or indoor environments where accuracy matters.<\/p>\n<p>One of the standout features of the Gorilla Broom\u00ae Soft Bristle Head is its integrated scraper blade, designed to lift and remove stubborn, dried-on materials with ease\u2014no need to bend or apply excessive pressure. The bristles include a smart anti-clog channel that significantly reduces dust kick-up, keeping mess to a minimum and improving visibility during use. This channel also prevents the clumping that often hampers the performance of other broom heads. The non-porous polymer construction ensures that the head remains effective in both dry and wet conditions\u2014absorbing 0% fluid, meaning it won\u2019t become heavy or soggy in the rain or while cleaning damp areas.<\/p>\n<p>Built with durability and efficiency in mind, the Gorilla Broom\u00ae 30cm Soft Bristle Head is compatible with our standard screw-fit handles for easy replacement or upgrading. Whether you&#8217;re an equestrian needing to maintain a clean stable, a homeowner tackling indoor spills and dirt, or a tradesperson looking for a reliable tool that can deliver finesse with every sweep, this broom head delivers consistent results. Eco-conscious users will also appreciate that the materials used are recyclable and UV-resistant, ensuring both longevity and reduced environmental impact. Trust in Gorilla to bring you a cleaning solution that combines thoughtful design, rugged dependability, and unbeatable performance\u2014no matter the task.<\/p>\n","protected":false},"excerpt":{"rendered":"<p><strong>Smooth Sweep, Tough on Mess \u2013 The Soft Bristle Gorilla Broom\u00ae Gets it Done!<\/strong><\/p>\n<p>The 30cm Gorilla Broom\u00ae Soft Bristle Head is the integral component of our industry leading broom. Built with unique features such as an integrated scraper blade, making removing \u2018stuck on bits\u2019 even easier, the broom head also features an anti-clog channel in the bristles which cuts down on flying dust for a clean sweeping action, all the while avoiding clumping. The broom even performs well in the wet, as the non-porous polymer head and bristles soak up 0% fluid. The Gorilla Broom\u00ae 30cm Soft Bristle Head is the perfect broom head for more fine grade clean up and sweeping jobs, be they big or small.<\/p>\n","protected":false},"featured_media":11504,"template":"","meta":[],"product_brand":[],"product_cat":[167,163,165],"product_tag":[183],"certificaciones":[219,218,217,222,246,226,227],"class_list":{"0":"post-11509","1":"product","2":"type-product","3":"status-publish","4":"has-post-thumbnail","6":"product_cat-agriculture","7":"product_cat-equine","8":"product_cat-home-garden","9":"product_tag-brooms","10":"certificaciones-easy-cleaning","11":"certificaciones-eu-en","12":"certificaciones-highly-durable","13":"certificaciones-light-as-a-feather","14":"certificaciones-pp","15":"certificaciones-shock-resistant","16":"certificaciones-uv-resistant","18":"first","19":"instock","20":"taxable","21":"shipping-taxable","22":"purchasable","23":"product-type-variable","24":"has-default-attributes"},"yoast_head":"<!-- This site is optimized with the Yoast SEO plugin v27.5 - https:\/\/yoast.com\/product\/yoast-seo-wordpress\/ -->\n<title>Gorilla Broom\u00ae 30cm Soft Bristle Head for Easy Cleaning<\/title>\n<meta name=\"description\" content=\"The Gorilla Broom\u00ae 30cm Soft Bristle Head with integrated scraper blade for easy cleaning, anti-clog channel, and non-porous design.\" \/>\n<meta name=\"robots\" content=\"index, follow, max-snippet:-1, max-image-preview:large, max-video-preview:-1\" \/>\n<link rel=\"canonical\" href=\"https:\/\/redgorilla.eu\/en\/product\/gorilla-broom-soft-bristle-30cm-head\/\" \/>\n<meta property=\"og:locale\" content=\"en_US\" \/>\n<meta property=\"og:type\" content=\"article\" \/>\n<meta property=\"og:title\" content=\"Gorilla Broom\u00ae 30cm Soft Bristle Head for Easy Cleaning\" \/>\n<meta property=\"og:description\" content=\"The Gorilla Broom\u00ae 30cm Soft Bristle Head with integrated scraper blade for easy cleaning, anti-clog channel, and non-porous design.\" \/>\n<meta property=\"og:url\" content=\"https:\/\/redgorilla.eu\/en\/product\/gorilla-broom-soft-bristle-30cm-head\/\" \/>\n<meta property=\"og:site_name\" content=\"Red Gorilla Europe\" \/>\n<meta property=\"article:publisher\" content=\"https:\/\/www.facebook.com\/RedGorillaInt\" \/>\n<meta property=\"article:modified_time\" content=\"2025-11-11T13:46:24+00:00\" \/>\n<meta property=\"og:image\" content=\"https:\/\/redgorilla.eu\/wp-content\/uploads\/gorilla-broom-soft-bristle-30cm-head-457898_610x610_crop_center.webp\" \/>\n\t<meta property=\"og:image:width\" content=\"610\" \/>\n\t<meta property=\"og:image:height\" content=\"610\" \/>\n\t<meta property=\"og:image:type\" content=\"image\/webp\" \/>\n<meta name=\"twitter:card\" content=\"summary_large_image\" \/>\n<meta name=\"twitter:site\" content=\"@RedGorillaInt\" \/>\n<meta name=\"twitter:label1\" content=\"Est. reading time\" \/>\n\t<meta name=\"twitter:data1\" content=\"2 minutes\" \/>\n<script type=\"application\/ld+json\" class=\"yoast-schema-graph\">{\"@context\":\"https:\\\/\\\/schema.org\",\"@graph\":[{\"@type\":\"WebPage\",\"@id\":\"https:\\\/\\\/redgorilla.eu\\\/en\\\/product\\\/gorilla-broom-soft-bristle-30cm-head\\\/\",\"url\":\"https:\\\/\\\/redgorilla.eu\\\/en\\\/product\\\/gorilla-broom-soft-bristle-30cm-head\\\/\",\"name\":\"Gorilla Broom\u00ae 30cm Soft Bristle Head for Easy Cleaning\",\"isPartOf\":{\"@id\":\"https:\\\/\\\/redgorilla.eu\\\/en\\\/#website\"},\"primaryImageOfPage\":{\"@id\":\"https:\\\/\\\/redgorilla.eu\\\/en\\\/product\\\/gorilla-broom-soft-bristle-30cm-head\\\/#primaryimage\"},\"image\":{\"@id\":\"https:\\\/\\\/redgorilla.eu\\\/en\\\/product\\\/gorilla-broom-soft-bristle-30cm-head\\\/#primaryimage\"},\"thumbnailUrl\":\"https:\\\/\\\/redgorilla.eu\\\/wp-content\\\/uploads\\\/gorilla-broom-soft-bristle-30cm-head-457898_610x610_crop_center.webp\",\"datePublished\":\"2024-07-17T22:46:55+00:00\",\"dateModified\":\"2025-11-11T13:46:24+00:00\",\"description\":\"The Gorilla Broom\u00ae 30cm Soft Bristle Head with integrated scraper blade for easy cleaning, anti-clog channel, and non-porous design.\",\"breadcrumb\":{\"@id\":\"https:\\\/\\\/redgorilla.eu\\\/en\\\/product\\\/gorilla-broom-soft-bristle-30cm-head\\\/#breadcrumb\"},\"inLanguage\":\"en-US\",\"potentialAction\":[{\"@type\":\"ReadAction\",\"target\":[\"https:\\\/\\\/redgorilla.eu\\\/en\\\/product\\\/gorilla-broom-soft-bristle-30cm-head\\\/\"]}]},{\"@type\":\"ImageObject\",\"inLanguage\":\"en-US\",\"@id\":\"https:\\\/\\\/redgorilla.eu\\\/en\\\/product\\\/gorilla-broom-soft-bristle-30cm-head\\\/#primaryimage\",\"url\":\"https:\\\/\\\/redgorilla.eu\\\/wp-content\\\/uploads\\\/gorilla-broom-soft-bristle-30cm-head-457898_610x610_crop_center.webp\",\"contentUrl\":\"https:\\\/\\\/redgorilla.eu\\\/wp-content\\\/uploads\\\/gorilla-broom-soft-bristle-30cm-head-457898_610x610_crop_center.webp\",\"width\":610,\"height\":610},{\"@type\":\"BreadcrumbList\",\"@id\":\"https:\\\/\\\/redgorilla.eu\\\/en\\\/product\\\/gorilla-broom-soft-bristle-30cm-head\\\/#breadcrumb\",\"itemListElement\":[{\"@type\":\"ListItem\",\"position\":1,\"name\":\"Home\",\"item\":\"https:\\\/\\\/redgorilla.eu\\\/en\\\/red-gorilla-home\\\/\"},{\"@type\":\"ListItem\",\"position\":2,\"name\":\"Tienda\",\"item\":\"https:\\\/\\\/redgorilla.eu\\\/tienda\\\/\"},{\"@type\":\"ListItem\",\"position\":3,\"name\":\"Gorilla Broom\u00ae Soft Bristle 30cm Head\"}]},{\"@type\":\"WebSite\",\"@id\":\"https:\\\/\\\/redgorilla.eu\\\/en\\\/#website\",\"url\":\"https:\\\/\\\/redgorilla.eu\\\/en\\\/\",\"name\":\"Red Gorilla Europe\",\"description\":\"Fabricantes de productos de pl\u00e1stico para la construcci\u00f3n, jard\u00edn y hogar, agricultura y equitaci\u00f3n.\",\"publisher\":{\"@id\":\"https:\\\/\\\/redgorilla.eu\\\/en\\\/#organization\"},\"potentialAction\":[{\"@type\":\"SearchAction\",\"target\":{\"@type\":\"EntryPoint\",\"urlTemplate\":\"https:\\\/\\\/redgorilla.eu\\\/en\\\/?s={search_term_string}\"},\"query-input\":{\"@type\":\"PropertyValueSpecification\",\"valueRequired\":true,\"valueName\":\"search_term_string\"}}],\"inLanguage\":\"en-US\"},{\"@type\":\"Organization\",\"@id\":\"https:\\\/\\\/redgorilla.eu\\\/en\\\/#organization\",\"name\":\"Red Gorilla International\",\"url\":\"https:\\\/\\\/redgorilla.eu\\\/en\\\/\",\"logo\":{\"@type\":\"ImageObject\",\"inLanguage\":\"en-US\",\"@id\":\"https:\\\/\\\/redgorilla.eu\\\/en\\\/#\\\/schema\\\/logo\\\/image\\\/\",\"url\":\"https:\\\/\\\/redgorilla.eu\\\/wp-content\\\/uploads\\\/RED-Easy-Does-It-Logo-Outline-No-Background.png\",\"contentUrl\":\"https:\\\/\\\/redgorilla.eu\\\/wp-content\\\/uploads\\\/RED-Easy-Does-It-Logo-Outline-No-Background.png\",\"width\":1800,\"height\":1800,\"caption\":\"Red Gorilla International\"},\"image\":{\"@id\":\"https:\\\/\\\/redgorilla.eu\\\/en\\\/#\\\/schema\\\/logo\\\/image\\\/\"},\"sameAs\":[\"https:\\\/\\\/www.facebook.com\\\/RedGorillaInt\",\"https:\\\/\\\/x.com\\\/RedGorillaInt\",\"https:\\\/\\\/www.tiktok.com\\\/@redgorillaint\"]}]}<\/script>\n<!-- \/ Yoast SEO plugin. -->","yoast_head_json":{"title":"Gorilla Broom\u00ae 30cm Soft Bristle Head for Easy Cleaning","description":"The Gorilla Broom\u00ae 30cm Soft Bristle Head with integrated scraper blade for easy cleaning, anti-clog channel, and non-porous design.","robots":{"index":"index","follow":"follow","max-snippet":"max-snippet:-1","max-image-preview":"max-image-preview:large","max-video-preview":"max-video-preview:-1"},"canonical":"https:\/\/redgorilla.eu\/en\/product\/gorilla-broom-soft-bristle-30cm-head\/","og_locale":"en_US","og_type":"article","og_title":"Gorilla Broom\u00ae 30cm Soft Bristle Head for Easy Cleaning","og_description":"The Gorilla Broom\u00ae 30cm Soft Bristle Head with integrated scraper blade for easy cleaning, anti-clog channel, and non-porous design.","og_url":"https:\/\/redgorilla.eu\/en\/product\/gorilla-broom-soft-bristle-30cm-head\/","og_site_name":"Red Gorilla Europe","article_publisher":"https:\/\/www.facebook.com\/RedGorillaInt","article_modified_time":"2025-11-11T13:46:24+00:00","og_image":[{"width":610,"height":610,"url":"https:\/\/redgorilla.eu\/wp-content\/uploads\/gorilla-broom-soft-bristle-30cm-head-457898_610x610_crop_center.webp","type":"image\/webp"}],"twitter_card":"summary_large_image","twitter_site":"@RedGorillaInt","twitter_misc":{"Est. reading time":"2 minutes"},"schema":{"@context":"https:\/\/schema.org","@graph":[{"@type":"WebPage","@id":"https:\/\/redgorilla.eu\/en\/product\/gorilla-broom-soft-bristle-30cm-head\/","url":"https:\/\/redgorilla.eu\/en\/product\/gorilla-broom-soft-bristle-30cm-head\/","name":"Gorilla Broom\u00ae 30cm Soft Bristle Head for Easy Cleaning","isPartOf":{"@id":"https:\/\/redgorilla.eu\/en\/#website"},"primaryImageOfPage":{"@id":"https:\/\/redgorilla.eu\/en\/product\/gorilla-broom-soft-bristle-30cm-head\/#primaryimage"},"image":{"@id":"https:\/\/redgorilla.eu\/en\/product\/gorilla-broom-soft-bristle-30cm-head\/#primaryimage"},"thumbnailUrl":"https:\/\/redgorilla.eu\/wp-content\/uploads\/gorilla-broom-soft-bristle-30cm-head-457898_610x610_crop_center.webp","datePublished":"2024-07-17T22:46:55+00:00","dateModified":"2025-11-11T13:46:24+00:00","description":"The Gorilla Broom\u00ae 30cm Soft Bristle Head with integrated scraper blade for easy cleaning, anti-clog channel, and non-porous design.","breadcrumb":{"@id":"https:\/\/redgorilla.eu\/en\/product\/gorilla-broom-soft-bristle-30cm-head\/#breadcrumb"},"inLanguage":"en-US","potentialAction":[{"@type":"ReadAction","target":["https:\/\/redgorilla.eu\/en\/product\/gorilla-broom-soft-bristle-30cm-head\/"]}]},{"@type":"ImageObject","inLanguage":"en-US","@id":"https:\/\/redgorilla.eu\/en\/product\/gorilla-broom-soft-bristle-30cm-head\/#primaryimage","url":"https:\/\/redgorilla.eu\/wp-content\/uploads\/gorilla-broom-soft-bristle-30cm-head-457898_610x610_crop_center.webp","contentUrl":"https:\/\/redgorilla.eu\/wp-content\/uploads\/gorilla-broom-soft-bristle-30cm-head-457898_610x610_crop_center.webp","width":610,"height":610},{"@type":"BreadcrumbList","@id":"https:\/\/redgorilla.eu\/en\/product\/gorilla-broom-soft-bristle-30cm-head\/#breadcrumb","itemListElement":[{"@type":"ListItem","position":1,"name":"Home","item":"https:\/\/redgorilla.eu\/en\/red-gorilla-home\/"},{"@type":"ListItem","position":2,"name":"Tienda","item":"https:\/\/redgorilla.eu\/tienda\/"},{"@type":"ListItem","position":3,"name":"Gorilla Broom\u00ae Soft Bristle 30cm Head"}]},{"@type":"WebSite","@id":"https:\/\/redgorilla.eu\/en\/#website","url":"https:\/\/redgorilla.eu\/en\/","name":"Red Gorilla Europe","description":"Fabricantes de productos de pl\u00e1stico para la construcci\u00f3n, jard\u00edn y hogar, agricultura y equitaci\u00f3n.","publisher":{"@id":"https:\/\/redgorilla.eu\/en\/#organization"},"potentialAction":[{"@type":"SearchAction","target":{"@type":"EntryPoint","urlTemplate":"https:\/\/redgorilla.eu\/en\/?s={search_term_string}"},"query-input":{"@type":"PropertyValueSpecification","valueRequired":true,"valueName":"search_term_string"}}],"inLanguage":"en-US"},{"@type":"Organization","@id":"https:\/\/redgorilla.eu\/en\/#organization","name":"Red Gorilla International","url":"https:\/\/redgorilla.eu\/en\/","logo":{"@type":"ImageObject","inLanguage":"en-US","@id":"https:\/\/redgorilla.eu\/en\/#\/schema\/logo\/image\/","url":"https:\/\/redgorilla.eu\/wp-content\/uploads\/RED-Easy-Does-It-Logo-Outline-No-Background.png","contentUrl":"https:\/\/redgorilla.eu\/wp-content\/uploads\/RED-Easy-Does-It-Logo-Outline-No-Background.png","width":1800,"height":1800,"caption":"Red Gorilla International"},"image":{"@id":"https:\/\/redgorilla.eu\/en\/#\/schema\/logo\/image\/"},"sameAs":["https:\/\/www.facebook.com\/RedGorillaInt","https:\/\/x.com\/RedGorillaInt","https:\/\/www.tiktok.com\/@redgorillaint"]}]}},"_links":{"self":[{"href":"https:\/\/redgorilla.eu\/en\/wp-json\/wp\/v2\/product\/11509","targetHints":{"allow":["GET"]}}],"collection":[{"href":"https:\/\/redgorilla.eu\/en\/wp-json\/wp\/v2\/product"}],"about":[{"href":"https:\/\/redgorilla.eu\/en\/wp-json\/wp\/v2\/types\/product"}],"version-history":[{"count":3,"href":"https:\/\/redgorilla.eu\/en\/wp-json\/wp\/v2\/product\/11509\/revisions"}],"predecessor-version":[{"id":12127,"href":"https:\/\/redgorilla.eu\/en\/wp-json\/wp\/v2\/product\/11509\/revisions\/12127"}],"wp:featuredmedia":[{"embeddable":true,"href":"https:\/\/redgorilla.eu\/en\/wp-json\/wp\/v2\/media\/11504"}],"wp:attachment":[{"href":"https:\/\/redgorilla.eu\/en\/wp-json\/wp\/v2\/media?parent=11509"}],"wp:term":[{"taxonomy":"product_brand","embeddable":true,"href":"https:\/\/redgorilla.eu\/en\/wp-json\/wp\/v2\/product_brand?post=11509"},{"taxonomy":"product_cat","embeddable":true,"href":"https:\/\/redgorilla.eu\/en\/wp-json\/wp\/v2\/product_cat?post=11509"},{"taxonomy":"product_tag","embeddable":true,"href":"https:\/\/redgorilla.eu\/en\/wp-json\/wp\/v2\/product_tag?post=11509"},{"taxonomy":"certificaciones","embeddable":true,"href":"https:\/\/redgorilla.eu\/en\/wp-json\/wp\/v2\/certificaciones?post=11509"}],"curies":[{"name":"wp","href":"https:\/\/api.w.org\/{rel}","templated":true}]}}